{"id":572,"date":"2023-11-21T15:01:29","date_gmt":"2023-11-21T14:01:29","guid":{"rendered":"https:\/\/www.granfoda.it\/rooms\/"},"modified":"2026-03-23T12:18:15","modified_gmt":"2026-03-23T11:18:15","slug":"rooms","status":"publish","type":"page","link":"https:\/\/www.granfoda.it\/en\/rooms\/","title":{"rendered":"Rooms"},"content":{"rendered":"<div class=\"wpb-content-wrapper\"><p>[vc_row full_width=&#8221;stretch_row&#8221; content_placement=&#8221;middle&#8221; css=&#8221;.vc_custom_1774264690157{padding-top: 4em !important;padding-bottom: 4em !important;background-image: url(https:\/\/www.granfoda.it\/wp-content\/uploads\/2025\/03\/Camera_GF_03-bis.png?id=3414) !important;background-position: center !important;background-repeat: no-repeat !important;background-size: cover !important;}&#8221; el_id=&#8221;rooms&#8221;][vc_column css_animation=&#8221;left-to-right&#8221; width=&#8221;5\/6&#8243; offset=&#8221;vc_col-lg-offset-3 vc_col-lg-6 vc_col-md-offset-0 vc_col-xs-offset-1 vc_col-xs-10&#8243; el_class=&#8221;bg-white rounded shadow p-4&#8243; css=&#8221;.vc_custom_1731064196032{padding-top: 0px !important;background-color: #FFFFFF !important;}&#8221;]<h2 class=\"deco-title centro with-eylet\"><span class=\"deco-eylet\">The Dolomites \u2013 a dream come true<\/span> Rooms<\/h2>[vc_column_text css=&#8221;&#8221;]<\/p>\n<p style=\"text-align: center;\"><strong>True hospitality<\/strong> captures the essence of nature, from the crisp scent of snow to the grandeur of the <strong>Dolomite<\/strong> peaks Expansive windows frame sweeping views, merging contemporary design seamlessly with the landscape\u2019s rugged elegance.<\/p>\n<p style=\"text-align: center;\">Our rooms invite you to unwind and embrace the peace of our almost <strong>dreamlike<\/strong> natural setting. In winter, relish the exhilaration of skiing on pristine slopes; in summer, discover an extensive network of scenic hiking and biking trails. Every season offers unforgettable experiences. <strong>Staying with us means immersing yourself fully in the splendor of the Dolomites.<\/strong><\/p>\n<p>[\/vc_column_text]<div class=\"button-wrapper centro\"><a class=\"btn btn-default inverted\"  href=\"https:\/\/www.simplebooking.it\/ibe\/search?hid=9416&amp;lang=EN\" target=\"_blank\" title=\"Book a room\">Welcome<\/a><\/div>[\/vc_column][\/vc_row][vc_row css=&#8221;.vc_custom_1744186280290{padding-top: 2em !important;padding-bottom: 2em !important;}&#8221;][vc_column]<h2 class=\"deco-title centro\">Your Dolomite stay<\/h2>[\/vc_column][\/vc_row][vc_row css=&#8221;.vc_custom_1744186285850{padding-top: 2em !important;padding-bottom: 2em !important;}&#8221; row_title=&#8221;comfort-panorama&#8221;][vc_column]<div id=\"features-carousel-69e2f12a4f5c4-wrapper\" class=\"feature-carousel-wrapper \">\n\t\t\t\t\t\t\t<div class=\"features-carousel autofit\" style=\"--features-carousel-color:#fef4ea;\">\n\t\t\t\t\t\t\t\t<div class=\"row g-0\">\n\t\t\t\t\t\t\t\t\t<div class=\"col-lg-8 features-carousel-cycler\">\n\t\t\t\t\t\t\t\t\t\t<img decoding=\"async\" class=\"active\" src=\"https:\/\/www.granfoda.it\/wp-content\/uploads\/2024\/11\/hotel-gran-foda-dolomiti-comfort-panorama-camera.jpg\" alt=\"Camere Comfort Panorama - Hotel Gran Fod\u00e0\" \/>\n\t\t\t\t\t\t\t\t\t<\/div>\n\t\t\t\t\t\t\t\t\t<div class=\"col-lg-4 features-carousel-color\">\n\t\t\t\t\t\t\t\t\t\t<div id=\"features-carousel-69e2f12a4f5c4\" class=\"features-slider carousel slide\" data-bs-ride=\"carousel\" data-bs-interval=\"10000\">\n\t\t\t\t\t\t\t\t\t\t\t<div class=\"carousel-inner feature-carousel-inner\">\n\t\t\t\t\t\t\t\t\t\t\t\t<div data-index=\"0\" class=\"features-item carousel-item item active p-xl-5 p-2\">\n\t\t\t\t\t\t\t<div class=\"features-item-table\">\n\t\t\t\t\t\t\t\t<span class=\"features-item-table-item\">\n\t\t\t\t\t\t\t\t\t<h2 class=\"deco-title mb-2\"><span class=\"deco-eylet\">Rooms<\/span><span>Comfort Panorama<\/span><\/h2>\n\t\t\t\t\t\t\t\t\t<div class=\"features-item-text\">Approx. 22 m\u00b2 \u2014 With open views over Passo Furcia and the Dolomites of Plan de Corones.\nRecently renovated rooms, bright and welcoming, all equipped with a shower.\nFurnished with natural wood, they offer a warm and essential atmosphere where the\nsurrounding landscape takes centre stage thanks to their privileged position.\nSome rooms can comfortably accommodate up to 3 guests.<br>Ideal for a relaxing stay surrounded by mountain light and silence.<\/div>\n\t\t\t\t\t\t\t\t\t\n\t\t\t\t\t\t\t\t\t<div class=\"button-wrapper\"><a class=\"btn btn-default inverted\" href=\"https:\/\/www.simplebooking.it\/ibe\/search?hid=9416&lang=IT&_gl=1*1pnak1r*_gcl_au*ODkxNjc3MTMxLjE3MTE1Mjg5NTg.*_ga*MTU4MzYyODE1NC4xNzEwMzM5MjI3*_ga_F6GESYL6T8*MTcxNDM4MzI0MC4xNi4xLjE3MTQzODU0NDIuNjAuMC4yNDk1MTA1NTM.\" title=\"Book now\">Book now<\/a><\/div>\n\t\t\t\t\t\t\t\t<\/span>\n\t\t\t\t\t\t\t<\/div>\n\t\t\t\t\t\t<\/div>\n\t\t\t\t\t\t\t\t\t\t\t<\/div>\n\t\t\t\t\t\t\t\t\t\t\t\n\t\t\t\t\t\t\t\t\t\t<\/div>\t\t\t\t\t\t\t\t\t\n\t\t\t\t\t\t\t\t\t<\/div>\n\t\t\t\t\t\t\t\t<\/div>\n\t\t\t\t\t\t\t<\/div>\n\t\t\t\t\t\t<\/div>[\/vc_column][\/vc_row][vc_row css=&#8221;.vc_custom_1744186288919{padding-top: 2em !important;padding-bottom: 2em !important;}&#8221; row_title=&#8221;superior&#8221;][vc_column]<div id=\"features-carousel-69e2f12a4fc1e-wrapper\" class=\"feature-carousel-wrapper reverse \">\n\t\t\t\t\t\t\t<div class=\"features-carousel autofit\" style=\"--features-carousel-color:#663e2b;\">\n\t\t\t\t\t\t\t\t<div class=\"row g-0\">\n\t\t\t\t\t\t\t\t\t<div class=\"col-lg-8 features-carousel-cycler order-last\">\n\t\t\t\t\t\t\t\t\t\t<img decoding=\"async\" class=\"active\" src=\"https:\/\/www.granfoda.it\/wp-content\/uploads\/2024\/11\/hotel-gran-foda-dolomiti-superior-camera.jpg\" alt=\"Hotel Gran Fod\u00e0 - Camera Superior\" \/>\n\t\t\t\t\t\t\t\t\t<\/div>\n\t\t\t\t\t\t\t\t\t<div class=\"col-lg-4 features-carousel-color order-first\">\n\t\t\t\t\t\t\t\t\t\t<div id=\"features-carousel-69e2f12a4fc1e\" class=\"features-slider carousel slide\" data-bs-ride=\"carousel\" data-bs-interval=\"10000\">\n\t\t\t\t\t\t\t\t\t\t\t<div class=\"carousel-inner feature-carousel-inner\">\n\t\t\t\t\t\t\t\t\t\t\t\t<div data-index=\"0\" class=\"features-item carousel-item item active p-xl-5 p-2\">\n\t\t\t\t\t\t\t<div class=\"features-item-table\">\n\t\t\t\t\t\t\t\t<span class=\"features-item-table-item\">\n\t\t\t\t\t\t\t\t\t<h2 class=\"deco-title mb-2\"><span class=\"deco-eylet\">Rooms<\/span><span>Superior<\/span><\/h2>\n\t\t\t\t\t\t\t\t\t<div class=\"features-item-text\">Approx. 38 m\u00b2 \u2014 Spacious and comfortable, consisting of two separate rooms.\nFurnished with solid steamed fir wood, rustic oak flooring, a Loden-upholstered headboard\nand Swiss pine bedside tables.\nIncludes a bathroom with bathtub and accommodates up to 4 guests.\nNorth-facing with beautiful views of Plan de Corones.<br>An ideal choice for families or those who wish for more space and a peaceful atmosphere.<\/div>\n\t\t\t\t\t\t\t\t\t\n\t\t\t\t\t\t\t\t\t<div class=\"button-wrapper\"><a class=\"btn btn-default inverted\" href=\"https:\/\/www.simplebooking.it\/ibe\/search?hid=9416&lang=IT&_gl=1*1pnak1r*_gcl_au*ODkxNjc3MTMxLjE3MTE1Mjg5NTg.*_ga*MTU4MzYyODE1NC4xNzEwMzM5MjI3*_ga_F6GESYL6T8*MTcxNDM4MzI0MC4xNi4xLjE3MTQzODU0NDIuNjAuMC4yNDk1MTA1NTM.\" title=\"Book now\">Book now<\/a><\/div>\n\t\t\t\t\t\t\t\t<\/span>\n\t\t\t\t\t\t\t<\/div>\n\t\t\t\t\t\t<\/div>\n\t\t\t\t\t\t\t\t\t\t\t<\/div>\n\t\t\t\t\t\t\t\t\t\t\t\n\t\t\t\t\t\t\t\t\t\t<\/div>\t\t\t\t\t\t\t\t\t\n\t\t\t\t\t\t\t\t\t<\/div>\n\t\t\t\t\t\t\t\t<\/div>\n\t\t\t\t\t\t\t<\/div>\n\t\t\t\t\t\t<\/div>[\/vc_column][\/vc_row][vc_row css=&#8221;.vc_custom_1744186333431{padding-top: 2em !important;padding-bottom: 2em !important;}&#8221; row_title=&#8221;comfort&#8221;][vc_column]<div id=\"features-carousel-69e2f12a50c95-wrapper\" class=\"feature-carousel-wrapper \">\n\t\t\t\t\t\t\t<div class=\"features-carousel autofit\" style=\"--features-carousel-color:#f0f1f3;\">\n\t\t\t\t\t\t\t\t<div class=\"row g-0\">\n\t\t\t\t\t\t\t\t\t<div class=\"col-lg-8 features-carousel-cycler\">\n\t\t\t\t\t\t\t\t\t\t<img decoding=\"async\" class=\"active\" src=\"https:\/\/www.granfoda.it\/wp-content\/uploads\/2024\/11\/hotel-gran-foda-dolomiti-comfort-camera.jpg\" alt=\"Hotel Gran Fod\u00e0 - Camera Comfort\" \/>\n\t\t\t\t\t\t\t\t\t<\/div>\n\t\t\t\t\t\t\t\t\t<div class=\"col-lg-4 features-carousel-color\">\n\t\t\t\t\t\t\t\t\t\t<div id=\"features-carousel-69e2f12a50c95\" class=\"features-slider carousel slide\" data-bs-ride=\"carousel\" data-bs-interval=\"10000\">\n\t\t\t\t\t\t\t\t\t\t\t<div class=\"carousel-inner feature-carousel-inner\">\n\t\t\t\t\t\t\t\t\t\t\t\t<div data-index=\"0\" class=\"features-item carousel-item item active p-xl-5 p-2\">\n\t\t\t\t\t\t\t<div class=\"features-item-table\">\n\t\t\t\t\t\t\t\t<span class=\"features-item-table-item\">\n\t\t\t\t\t\t\t\t\t<h2 class=\"deco-title mb-2\"><span class=\"deco-eylet\">Rooms<\/span><span>Comfort<\/span><\/h2>\n\t\t\t\t\t\t\t\t\t<div class=\"features-item-text\">Approx. 22 m\u00b2 \u2014 Overlooking Passo Furcia and the Dolomites of Plan de Corones.\nRecently renovated and carefully designed rooms, all with a shower.\nFurnished with solid steamed fir wood, rustic oak flooring, a Loden-upholstered headboard\nand Swiss pine bedside tables.\nThey can accommodate up to 3 guests and face north.<br>A perfect option for those seeking authentic alpine comfort in a refined setting.<\/div>\n\t\t\t\t\t\t\t\t\t\n\t\t\t\t\t\t\t\t\t<div class=\"button-wrapper\"><a class=\"btn btn-default inverted\" href=\"https:\/\/www.simplebooking.it\/ibe\/search?hid=9416&lang=IT&_gl=1*1pnak1r*_gcl_au*ODkxNjc3MTMxLjE3MTE1Mjg5NTg.*_ga*MTU4MzYyODE1NC4xNzEwMzM5MjI3*_ga_F6GESYL6T8*MTcxNDM4MzI0MC4xNi4xLjE3MTQzODU0NDIuNjAuMC4yNDk1MTA1NTM.\" title=\"Book now\">Book now<\/a><\/div>\n\t\t\t\t\t\t\t\t<\/span>\n\t\t\t\t\t\t\t<\/div>\n\t\t\t\t\t\t<\/div>\n\t\t\t\t\t\t\t\t\t\t\t<\/div>\n\t\t\t\t\t\t\t\t\t\t\t\n\t\t\t\t\t\t\t\t\t\t<\/div>\t\t\t\t\t\t\t\t\t\n\t\t\t\t\t\t\t\t\t<\/div>\n\t\t\t\t\t\t\t\t<\/div>\n\t\t\t\t\t\t\t<\/div>\n\t\t\t\t\t\t<\/div>[\/vc_column][\/vc_row][vc_row css=&#8221;.vc_custom_1744292109337{padding-top: 2em !important;padding-bottom: 2em !important;}&#8221; row_title=&#8221;singola&#8221;][vc_column]<div id=\"features-carousel-69e2f12a50f53-wrapper\" class=\"feature-carousel-wrapper reverse \">\n\t\t\t\t\t\t\t<div class=\"features-carousel autofit\" style=\"--features-carousel-color:#262626;\">\n\t\t\t\t\t\t\t\t<div class=\"row g-0\">\n\t\t\t\t\t\t\t\t\t<div class=\"col-lg-8 features-carousel-cycler order-last\">\n\t\t\t\t\t\t\t\t\t\t<img decoding=\"async\" class=\"active\" src=\"https:\/\/www.granfoda.it\/wp-content\/uploads\/2024\/11\/hotel-gran-foda-dolomiti-camera-singola.jpg\" alt=\"\" \/>\n\t\t\t\t\t\t\t\t\t<\/div>\n\t\t\t\t\t\t\t\t\t<div class=\"col-lg-4 features-carousel-color order-first\">\n\t\t\t\t\t\t\t\t\t\t<div id=\"features-carousel-69e2f12a50f53\" class=\"features-slider carousel slide\" data-bs-ride=\"carousel\" data-bs-interval=\"10000\">\n\t\t\t\t\t\t\t\t\t\t\t<div class=\"carousel-inner feature-carousel-inner\">\n\t\t\t\t\t\t\t\t\t\t\t\t<div data-index=\"0\" class=\"features-item carousel-item item active p-xl-5 p-2\">\n\t\t\t\t\t\t\t<div class=\"features-item-table\">\n\t\t\t\t\t\t\t\t<span class=\"features-item-table-item\">\n\t\t\t\t\t\t\t\t\t<h2 class=\"deco-title mb-2\"><span class=\"deco-eylet\">Rooms<\/span><span>Single room<\/span><\/h2>\n\t\t\t\t\t\t\t\t\t<div class=\"features-item-text\">Cozy and well-appointed, our single room is ideal for solo travelers seeking comfort and tranquility. It features a French bed (140x200 cm) and solid steamed fir furnishings, with rustic oak flooring. The bed headboard is upholstered in Loden fabric, and the furniture includes stone pine wood, appreciated for its natural scent and relaxing properties.\nThe room faces north, offering a view of Plan de Corones and a peaceful atmosphere \u2013 perfect for rest.<\/div>\n\t\t\t\t\t\t\t\t\t\n\t\t\t\t\t\t\t\t\t<div class=\"button-wrapper\"><a class=\"btn btn-default inverted\" href=\"https:\/\/www.simplebooking.it\/ibe\/search?hid=9416&lang=IT&_gl=1*1pnak1r*_gcl_au*ODkxNjc3MTMxLjE3MTE1Mjg5NTg.*_ga*MTU4MzYyODE1NC4xNzEwMzM5MjI3*_ga_F6GESYL6T8*MTcxNDM4MzI0MC4xNi4xLjE3MTQzODU0NDIuNjAuMC4yNDk1MTA1NTM.\" title=\"Book now\">Book now<\/a><\/div>\n\t\t\t\t\t\t\t\t<\/span>\n\t\t\t\t\t\t\t<\/div>\n\t\t\t\t\t\t<\/div>\n\t\t\t\t\t\t\t\t\t\t\t<\/div>\n\t\t\t\t\t\t\t\t\t\t\t\n\t\t\t\t\t\t\t\t\t\t<\/div>\t\t\t\t\t\t\t\t\t\n\t\t\t\t\t\t\t\t\t<\/div>\n\t\t\t\t\t\t\t\t<\/div>\n\t\t\t\t\t\t\t<\/div>\n\t\t\t\t\t\t<\/div>[\/vc_column][\/vc_row][vc_row full_width=&#8221;stretch_row_content_no_spaces&#8221; gap=&#8221;10&#8243; css=&#8221;.vc_custom_1744292166204{padding-top: 2em !important;padding-bottom: 1em !important;}&#8221;][vc_column width=&#8221;1\/2&#8243;]<div id=\"block-69e2f12a517ce\" aria-labelledby=\"block-69e2f12a517ce-label\" class=\"block-wrapper aspect-image centro \" style=\"background-image:url('https:\/\/www.granfoda.it\/wp-content\/uploads\/2025\/03\/piatti_GF_03-683x1024.jpg'); aspect-ratio: 16 \/ 9\">\t\t<div class=\"block-wrapper-content\">\t\t<div class=\"block-wrapper-text\" style=\"vertical-align:middle;\">\t\t\t\t\t\t<h2 id=\"block-69e2f12a517ce-label\" class=\"deco-title mb-4 text-white\"><span class=\"deco-eylet\">Tasting our region<\/span>Food &amp; Wine<\/h2>\t\t\t\t\t\t<a class=\"btn btn-default btn-lg\" href=\"https:\/\/www.granfoda.it\/en\/food-wine\/\">Learn more<\/a>\t\t<\/div>\t<\/div><\/div>[\/vc_column][vc_column width=&#8221;1\/2&#8243;]<div id=\"block-69e2f12a526d7\" aria-labelledby=\"block-69e2f12a526d7-label\" class=\"block-wrapper aspect-image centro \" style=\"background-image:url('https:\/\/www.granfoda.it\/wp-content\/uploads\/2025\/03\/AC_GF_20-1024x683.jpg'); aspect-ratio: 16 \/ 9\">\t\t<div class=\"block-wrapper-content\">\t\t<div class=\"block-wrapper-text\" style=\"vertical-align:middle;\">\t\t\t\t\t\t<h2 id=\"block-69e2f12a526d7-label\" class=\"deco-title mb-4 text-white\"><span class=\"deco-eylet\">Our Neighbors<\/span>Adventure and culture<\/h2>\t\t\t\t\t\t<a class=\"btn btn-default btn-lg\" href=\"https:\/\/www.granfoda.it\/en\/adventure-and-culture\/\">Learn more<\/a>\t\t<\/div>\t<\/div><\/div>[\/vc_column][\/vc_row]<\/p>\n<\/div>","protected":false},"excerpt":{"rendered":"<p>Our rooms are an invitation to let go, to enjoy happy moments immersed in a landscape that is pure dream.<\/p>\n","protected":false},"author":1,"featured_media":9053,"parent":0,"menu_order":0,"comment_status":"closed","ping_status":"closed","template":"","meta":{"_acf_changed":false,"footnotes":""},"class_list":["post-572","page","type-page","status-publish","has-post-thumbnail","hentry"],"acf":[],"yoast_head":"<!-- This site is optimized with the Yoast SEO plugin v27.4 - https:\/\/yoast.com\/product\/yoast-seo-wordpress\/ -->\n<title>Rooms | Alpine Hotel Gran Fod\u00e0<\/title>\n<meta name=\"description\" content=\"Discover the rooms of the Alpine Hotel Gran Fod\u00e0: contemporary rooms with panoramic views of the Dolomites. Book your stay now! | Alpine Hotel Gran Fod\u00e0\" \/>\n<meta name=\"robots\" content=\"index, follow, max-snippet:-1, max-image-preview:large, max-video-preview:-1\" \/>\n<link rel=\"canonical\" href=\"https:\/\/www.granfoda.it\/en\/rooms\/\" \/>\n<meta property=\"og:locale\" content=\"en_US\" \/>\n<meta property=\"og:type\" content=\"article\" \/>\n<meta property=\"og:title\" content=\"Rooms | Alpine Hotel Gran Fod\u00e0\" \/>\n<meta property=\"og:description\" content=\"Discover the rooms of the Alpine Hotel Gran Fod\u00e0: contemporary rooms with panoramic views of the Dolomites. Book your stay now! | Alpine Hotel Gran Fod\u00e0\" \/>\n<meta property=\"og:url\" content=\"https:\/\/www.granfoda.it\/en\/rooms\/\" \/>\n<meta property=\"og:site_name\" content=\"Bio Alpine Hotel Gran Fod\u00e0\" \/>\n<meta property=\"article:publisher\" content=\"https:\/\/www.facebook.com\/HotelGranFoda\" \/>\n<meta property=\"article:modified_time\" content=\"2026-03-23T11:18:15+00:00\" \/>\n<meta property=\"og:image\" content=\"https:\/\/www.granfoda.it\/wp-content\/uploads\/2025\/10\/3-1024x576.png\" \/>\n\t<meta property=\"og:image:width\" content=\"1024\" \/>\n\t<meta property=\"og:image:height\" content=\"576\" \/>\n\t<meta property=\"og:image:type\" content=\"image\/png\" \/>\n<meta name=\"twitter:card\" content=\"summary_large_image\" \/>\n<meta name=\"twitter:label1\" content=\"Est. reading time\" \/>\n\t<meta name=\"twitter:data1\" content=\"5 minutes\" \/>\n<!-- \/ Yoast SEO plugin. -->","yoast_head_json":{"title":"Rooms | Alpine Hotel Gran Fod\u00e0","description":"Discover the rooms of the Alpine Hotel Gran Fod\u00e0: contemporary rooms with panoramic views of the Dolomites. Book your stay now! | Alpine Hotel Gran Fod\u00e0","robots":{"index":"index","follow":"follow","max-snippet":"max-snippet:-1","max-image-preview":"max-image-preview:large","max-video-preview":"max-video-preview:-1"},"canonical":"https:\/\/www.granfoda.it\/en\/rooms\/","og_locale":"en_US","og_type":"article","og_title":"Rooms | Alpine Hotel Gran Fod\u00e0","og_description":"Discover the rooms of the Alpine Hotel Gran Fod\u00e0: contemporary rooms with panoramic views of the Dolomites. Book your stay now! | Alpine Hotel Gran Fod\u00e0","og_url":"https:\/\/www.granfoda.it\/en\/rooms\/","og_site_name":"Bio Alpine Hotel Gran Fod\u00e0","article_publisher":"https:\/\/www.facebook.com\/HotelGranFoda","article_modified_time":"2026-03-23T11:18:15+00:00","og_image":[{"width":1024,"height":576,"url":"https:\/\/www.granfoda.it\/wp-content\/uploads\/2025\/10\/3-1024x576.png","type":"image\/png"}],"twitter_card":"summary_large_image","twitter_misc":{"Est. reading time":"5 minutes"},"schema":{"@context":"https:\/\/schema.org","@graph":[{"@type":"WebPage","@id":"https:\/\/www.granfoda.it\/en\/rooms\/","url":"https:\/\/www.granfoda.it\/en\/rooms\/","name":"Rooms | Alpine Hotel Gran Fod\u00e0","isPartOf":{"@id":"https:\/\/www.granfoda.it\/en\/#website"},"primaryImageOfPage":{"@id":"https:\/\/www.granfoda.it\/en\/rooms\/#primaryimage"},"image":{"@id":"https:\/\/www.granfoda.it\/en\/rooms\/#primaryimage"},"thumbnailUrl":"https:\/\/www.granfoda.it\/wp-content\/uploads\/2025\/10\/3.png","datePublished":"2023-11-21T14:01:29+00:00","dateModified":"2026-03-23T11:18:15+00:00","description":"Discover the rooms of the Alpine Hotel Gran Fod\u00e0: contemporary rooms with panoramic views of the Dolomites. Book your stay now! | Alpine Hotel Gran Fod\u00e0","breadcrumb":{"@id":"https:\/\/www.granfoda.it\/en\/rooms\/#breadcrumb"},"inLanguage":"en-US","potentialAction":[{"@type":"ReadAction","target":["https:\/\/www.granfoda.it\/en\/rooms\/"]}]},{"@type":"ImageObject","inLanguage":"en-US","@id":"https:\/\/www.granfoda.it\/en\/rooms\/#primaryimage","url":"https:\/\/www.granfoda.it\/wp-content\/uploads\/2025\/10\/3.png","contentUrl":"https:\/\/www.granfoda.it\/wp-content\/uploads\/2025\/10\/3.png","width":1920,"height":1080},{"@type":"BreadcrumbList","@id":"https:\/\/www.granfoda.it\/en\/rooms\/#breadcrumb","itemListElement":[{"@type":"ListItem","position":1,"name":"Home","item":"https:\/\/www.granfoda.it\/en\/home-page\/"},{"@type":"ListItem","position":2,"name":"Rooms"}]},{"@type":"WebSite","@id":"https:\/\/www.granfoda.it\/en\/#website","url":"https:\/\/www.granfoda.it\/en\/","name":"Alpine Hotel Gran Fod\u00e0","description":"La nostra casa ski in ski out a Plan de Corones","publisher":{"@id":"https:\/\/www.granfoda.it\/en\/#organization"},"alternateName":"Alpine Hotel Gran Fod\u00e0","potentialAction":[{"@type":"SearchAction","target":{"@type":"EntryPoint","urlTemplate":"https:\/\/www.granfoda.it\/en\/?s={search_term_string}"},"query-input":{"@type":"PropertyValueSpecification","valueRequired":true,"valueName":"search_term_string"}}],"inLanguage":"en-US"},{"@type":"Organization","@id":"https:\/\/www.granfoda.it\/en\/#organization","name":"Alpine Hotel Gran Fod\u00e0","url":"https:\/\/www.granfoda.it\/en\/","logo":{"@type":"ImageObject","inLanguage":"en-US","@id":"https:\/\/www.granfoda.it\/en\/#\/schema\/logo\/image\/","url":"https:\/\/www.granfoda.it\/wp-content\/uploads\/2024\/02\/alpine-hotel-gran-foda-logo-square.jpg","contentUrl":"https:\/\/www.granfoda.it\/wp-content\/uploads\/2024\/02\/alpine-hotel-gran-foda-logo-square.jpg","width":550,"height":550,"caption":"Alpine Hotel Gran Fod\u00e0"},"image":{"@id":"https:\/\/www.granfoda.it\/en\/#\/schema\/logo\/image\/"},"sameAs":["https:\/\/www.facebook.com\/HotelGranFoda","https:\/\/www.instagram.com\/alpinehotelgranfoda\/","https:\/\/www.youtube.com\/@GranFodaIta"]}]}},"_links":{"self":[{"href":"https:\/\/www.granfoda.it\/en\/wp-json\/wp\/v2\/pages\/572","targetHints":{"allow":["GET"]}}],"collection":[{"href":"https:\/\/www.granfoda.it\/en\/wp-json\/wp\/v2\/pages"}],"about":[{"href":"https:\/\/www.granfoda.it\/en\/wp-json\/wp\/v2\/types\/page"}],"author":[{"embeddable":true,"href":"https:\/\/www.granfoda.it\/en\/wp-json\/wp\/v2\/users\/1"}],"replies":[{"embeddable":true,"href":"https:\/\/www.granfoda.it\/en\/wp-json\/wp\/v2\/comments?post=572"}],"version-history":[{"count":30,"href":"https:\/\/www.granfoda.it\/en\/wp-json\/wp\/v2\/pages\/572\/revisions"}],"predecessor-version":[{"id":9740,"href":"https:\/\/www.granfoda.it\/en\/wp-json\/wp\/v2\/pages\/572\/revisions\/9740"}],"wp:featuredmedia":[{"embeddable":true,"href":"https:\/\/www.granfoda.it\/en\/wp-json\/wp\/v2\/media\/9053"}],"wp:attachment":[{"href":"https:\/\/www.granfoda.it\/en\/wp-json\/wp\/v2\/media?parent=572"}],"curies":[{"name":"wp","href":"https:\/\/api.w.org\/{rel}","templated":true}]}}