{"id":1257,"date":"2024-04-29T16:29:45","date_gmt":"2024-04-29T14:29:45","guid":{"rendered":"https:\/\/www.granfoda.it\/our-offers\/"},"modified":"2026-03-23T10:48:13","modified_gmt":"2026-03-23T09:48:13","slug":"our-offers","status":"publish","type":"page","link":"https:\/\/www.granfoda.it\/en\/our-offers\/","title":{"rendered":"Exclusive offers"},"content":{"rendered":"<div class=\"wpb-content-wrapper\"><p>[vc_row full_width=&#8221;stretch_row&#8221; full_height=&#8221;yes&#8221; css=&#8221;.vc_custom_1774259281479{padding-top: 3em !important;padding-bottom: 3em !important;background-image: url(https:\/\/www.granfoda.it\/wp-content\/uploads\/2024\/04\/gran-foda-5.12.jpg?id=1129) !important;background-position: center !important;background-repeat: no-repeat !important;background-size: cover !important;}&#8221;][vc_column width=&#8221;5\/6&#8243; offset=&#8221;vc_col-md-offset-3 vc_col-md-6 vc_col-xs-offset-1 vc_col-xs-10&#8243; el_class=&#8221;bg-light rounded shadow p-3&#8243;]<h2 class=\"deco-title centro with-eylet mb-4\"><span class=\"deco-eylet\">Something special<\/span> Exclusive <mark>Offers<\/mark><\/h2>[vc_column_text css=&#8221;&#8221;]<\/p>\n<p style=\"text-align: center;\">Whether it&#8217;s a <strong>short escape<\/strong> from your routine or a longer stay to <strong>immerse yourself in nature<\/strong>, we have the perfect solution for you. It doesn&#8217;t matter if you have only a few days or an entire week, <strong>our offers<\/strong> are designed to make booking <strong>simple<\/strong> and <strong>worry-free<\/strong>.<\/p>\n<p style=\"text-align: center;\">And if you&#8217;re looking for that special touch to make every trip unique, our packages will surprise you with new, tailor-made experiences designed just for you. <strong>We look forward to welcoming you<\/strong> to our mountain retreat.<\/p>\n<p>[\/vc_column_text]<div class=\"button-wrapper centro\"><a class=\"btn btn-default inverted\"  href=\"https:\/\/www.simplebooking.it\/ibe\/search?hid=9416&amp;lang=EN\" target=\"_blank\" title=\"Book a room\">Welcome<\/a><\/div>[\/vc_column][\/vc_row][vc_row css=&#8221;.vc_custom_1764935688485{padding-bottom: 4em !important;}&#8221;][vc_column]<section class=\"br-slider\" data-columns=\"3\">\n\t\t\t\t\t\t\t\t <div class=\"br-slider-header inline\">\n\t\t\t\t\t\t\t\t <h2 class=\"deco montagne text-center\">Package holidays<\/h2>\n\t\t\t\t\t\t\t\t  \n\t\t\t\t\t\t\t\t\t <div class=\"br-slider-control\">\n\t\t\t\t\t\t\t\t\t\t <span class=\"br-slider-control-left\" title=\"Previous\"><i class=\"lnr lnr-chevron-left\"><\/i><\/span>\n\t\t\t\t\t\t\t\t\t\t <span class=\"br-slider-control-right\" title=\"Next\"><i class=\"lnr lnr-chevron-right\"><\/i><\/span>\n\t\t\t\t\t\t\t\t\t <\/div>\n\t\t\t\t\t\t\t\t <\/div>\n\t\t\t\t\t\t\t\t <div class=\"br-slider-stager\">\n\t\t\t\t\t\t\t\t\t <div class=\"br-slider-gallery\">\n\t\t\t\t\t\t\t\t\t\t <div class=\"row\">\n\t\t\t\t\t\t\t\t\t\t\t <div class=\"col-xl-4 col-lg-6 offset-lg-0\">\n\t\t\t\t\t\t\t <div id=\"post-9890\" class=\"br-element card-element with-image post-9890 post type-post status-publish format-standard has-post-thumbnail hentry category-offers category-packages\" >\n\t\t\t\t\t\t\t\t <div class=\"card mb-3 p-xl-4 p-3\">\n\t\t\t\t\t\t\t\t\t<a href=\"https:\/\/www.granfoda.it\/en\/offers\/summer-offer\/\" title=\"Summer Offer\" class=\"d-block card-img-top\">\n\t\t\t\t\t<figure title=\"Summer Offer\" class=\"autosquare angle\" data-delta=\"1.7777777777778\" style=\"background-image:url('https:\/\/www.granfoda.it\/wp-content\/uploads\/2026\/04\/Offerte-Sito-Gran-Foda-1024x726.png'); aspect-ratio:16 \/ 9;\">\n\t\t\t\t\t\t<img width=\"1024\" height=\"726\" data-src=\"https:\/\/www.granfoda.it\/wp-content\/uploads\/2026\/04\/Offerte-Sito-Gran-Foda-1024x726.png\" class=\"lazyload wp-post-image\" alt=\"\" srcset=\"https:\/\/www.granfoda.it\/wp-content\/uploads\/2026\/04\/Offerte-Sito-Gran-Foda-1024x726.png 1024w, https:\/\/www.granfoda.it\/wp-content\/uploads\/2026\/04\/Offerte-Sito-Gran-Foda-300x213.png 300w, https:\/\/www.granfoda.it\/wp-content\/uploads\/2026\/04\/Offerte-Sito-Gran-Foda-768x545.png 768w, https:\/\/www.granfoda.it\/wp-content\/uploads\/2026\/04\/Offerte-Sito-Gran-Foda-1536x1090.png 1536w, https:\/\/www.granfoda.it\/wp-content\/uploads\/2026\/04\/Offerte-Sito-Gran-Foda.png 1748w\" sizes=\"(max-width: 1024px) 100vw, 1024px\" \/>\n\t\t\t\t\t\t<figcaption><span>Summer Offer<\/span><\/figcaption>\n\t\t\t\t\t<\/figure>\n\t\t\t\t<\/a>\n\t\t\t\t\t\t\t\t\t<div class=\"card-body\">\n\t\t\t\t\t\t\t\t\t\t<ul class=\"card-categories\"><li><a href=\"https:\/\/www.granfoda.it\/en\/categorie\/offers\/\" title=\"Summer Offer\">Offers<\/a><\/li>\n<li><a href=\"https:\/\/www.granfoda.it\/en\/categorie\/packages\/\" title=\"Summer Offer\">Packages<\/a><\/li><\/ul>\n\t\t\t\t\t\t\t\t\t\t<h3 class=\"card-title\">Summer Offer<\/h3>\n\t\t\t\t\t\t\t\t\t\t<div class=\"card-text\">Summer Offer: with a minimum stay of 2 nights, a 10% discount awaits you.<\/div>\n\t\t\t\t\t\t\t\t\t\t<div class=\"card-button-wrapper\">\n\t\t\t\t\t\t\t\t\t\t\t<a class=\"btn btn-default inverted\" href=\"https:\/\/www.granfoda.it\/en\/offers\/summer-offer\/\" title=\"Summer Offer\" >Read more <\/a>\n\t\t\t\t\t\t\t\t\t\t<\/div>\n\t\t\t\t\t\t\t\t\t<\/div>\n\t\t\t\t\t\t\t\t <\/div>\n\t\t\t\t\t\t\t <\/div>\n\t\t\t\t\t\t <\/div>\n<div class=\"col-xl-4 col-lg-6 offset-lg-0\">\n\t\t\t\t\t\t\t <div id=\"post-9754\" class=\"br-element card-element with-image post-9754 post type-post status-publish format-standard has-post-thumbnail hentry category-offers category-packages\" >\n\t\t\t\t\t\t\t\t <div class=\"card mb-3 p-xl-4 p-3\">\n\t\t\t\t\t\t\t\t\t<a href=\"https:\/\/www.granfoda.it\/en\/offers\/offer-val-sinergia-festival\/\" title=\"Val Sinergia Festival Offer\" class=\"d-block card-img-top\">\n\t\t\t\t\t<figure title=\"Val Sinergia Festival Offer\" class=\"autosquare angle\" data-delta=\"1.7777777777778\" style=\"background-image:url('https:\/\/www.granfoda.it\/wp-content\/uploads\/2026\/03\/offerta-val-sinergia-gf-2026-1024x726.png'); aspect-ratio:16 \/ 9;\">\n\t\t\t\t\t\t<img width=\"1024\" height=\"726\" data-src=\"https:\/\/www.granfoda.it\/wp-content\/uploads\/2026\/03\/offerta-val-sinergia-gf-2026-1024x726.png\" class=\"lazyload wp-post-image\" alt=\"\" srcset=\"https:\/\/www.granfoda.it\/wp-content\/uploads\/2026\/03\/offerta-val-sinergia-gf-2026-1024x726.png 1024w, https:\/\/www.granfoda.it\/wp-content\/uploads\/2026\/03\/offerta-val-sinergia-gf-2026-300x213.png 300w, https:\/\/www.granfoda.it\/wp-content\/uploads\/2026\/03\/offerta-val-sinergia-gf-2026-768x545.png 768w, https:\/\/www.granfoda.it\/wp-content\/uploads\/2026\/03\/offerta-val-sinergia-gf-2026-1536x1090.png 1536w, https:\/\/www.granfoda.it\/wp-content\/uploads\/2026\/03\/offerta-val-sinergia-gf-2026.png 1748w\" sizes=\"(max-width: 1024px) 100vw, 1024px\" \/>\n\t\t\t\t\t\t<figcaption><span>Val Sinergia Festival Offer<\/span><\/figcaption>\n\t\t\t\t\t<\/figure>\n\t\t\t\t<\/a>\n\t\t\t\t\t\t\t\t\t<div class=\"card-body\">\n\t\t\t\t\t\t\t\t\t\t<ul class=\"card-categories\"><li><a href=\"https:\/\/www.granfoda.it\/en\/categorie\/offers\/\" title=\"Val Sinergia Festival Offer\">Offers<\/a><\/li>\n<li><a href=\"https:\/\/www.granfoda.it\/en\/categorie\/packages\/\" title=\"Val Sinergia Festival Offer\">Packages<\/a><\/li><\/ul>\n\t\t\t\t\t\t\t\t\t\t<h3 class=\"card-title\">Val Sinergia Festival Offer<\/h3>\n\t\t\t\t\t\t\t\t\t\t<div class=\"card-text\">Joining the\u00a0Val Sinergia Festival\u00a0in San Vigilio (27\u201330 August)? We\u2019ve got a little extra for you.<\/div>\n\t\t\t\t\t\t\t\t\t\t<div class=\"card-button-wrapper\">\n\t\t\t\t\t\t\t\t\t\t\t<a class=\"btn btn-default inverted\" href=\"https:\/\/www.granfoda.it\/en\/offers\/offer-val-sinergia-festival\/\" title=\"Val Sinergia Festival Offer\" >Read more <\/a>\n\t\t\t\t\t\t\t\t\t\t<\/div>\n\t\t\t\t\t\t\t\t\t<\/div>\n\t\t\t\t\t\t\t\t <\/div>\n\t\t\t\t\t\t\t <\/div>\n\t\t\t\t\t\t <\/div>\n\t\t\t\t\t\t\t\t\t\t <\/div>\n\t\t\t\t\t\t\t\t\t <\/div>\n\t\t\t\t\t\t\t\t <\/div>\n\t\t\t\t\t\t\t <\/section>[\/vc_column][\/vc_row][vc_row full_width=&#8221;stretch_row_content&#8221; css=&#8221;.vc_custom_1761665731129{padding-top: 0px !important;padding-bottom: 1em !important;}&#8221;][vc_column width=&#8221;1\/2&#8243; css=&#8221;.vc_custom_1761665739753{padding-top: 0px !important;}&#8221;]<div id=\"block-69f8829f9293f\" aria-labelledby=\"block-69f8829f9293f-label\" class=\"block-wrapper aspect-image centro \" style=\"background-image:url('https:\/\/www.granfoda.it\/wp-content\/uploads\/2024\/11\/hotel-gran-foda-dolomiti-superior-camera.jpg'); aspect-ratio: 16 \/ 9\">\t\t<div class=\"block-wrapper-content\">\t\t<div class=\"block-wrapper-text\" style=\"vertical-align:middle;\">\t\t\t\t\t\t<h2 id=\"block-69f8829f9293f-label\" class=\"deco-title mb-4 text-white\"><span class=\"deco-eylet\">The Dolomites \u2013 a dream come true<\/span>Our rooms<\/h2>\t\t\t\t\t\t<a class=\"btn btn-default btn-lg\" href=\"https:\/\/www.granfoda.it\/en\/rooms\/\">Learn more<\/a>\t\t<\/div>\t<\/div><\/div>[\/vc_column][vc_column width=&#8221;1\/2&#8243; css=&#8221;.vc_custom_1761665743674{padding-top: 0px !important;}&#8221;]<div id=\"block-69f8829f92c10\" aria-labelledby=\"block-69f8829f92c10-label\" class=\"block-wrapper aspect-image centro \" style=\"background-image:url('https:\/\/www.granfoda.it\/wp-content\/uploads\/2025\/03\/piatti_GF_03-683x1024.jpg'); aspect-ratio: 16 \/ 9\">\t\t<div class=\"block-wrapper-content\">\t\t<div class=\"block-wrapper-text\" style=\"vertical-align:middle;\">\t\t\t\t\t\t<h2 id=\"block-69f8829f92c10-label\" class=\"deco-title mb-4 text-white\"><span class=\"deco-eylet\">Tasting our region<\/span>Sustainable<mark>Cuisine<\/mark><\/h2>\t\t\t\t\t\t<a class=\"btn btn-default btn-lg\" href=\"https:\/\/www.granfoda.it\/en\/food-wine\/\">Learn more<\/a>\t\t<\/div>\t<\/div><\/div>[\/vc_column][\/vc_row]<\/p>\n<\/div>","protected":false},"excerpt":{"rendered":"<p>[vc_row full_width=&#8221;stretch_row&#8221; full_height=&#8221;yes&#8221; css=&#8221;.vc_custom_1774259281479{padding-top: 3em !important;padding-bottom: 3em !important;background-image: url(https:\/\/www.granfoda.it\/wp-content\/uploads\/2024\/04\/gran-foda-5.12.jpg?id=1129) !important;background-position: center !important;background-repeat: no-repeat !important;background-size: cover !important;}&#8221;][vc_column width=&#8221;5\/6&#8243; offset=&#8221;vc_col-md-offset-3 vc_col-md-6 vc_col-xs-offset-1 vc_col-xs-10&#8243; el_class=&#8221;bg-light rounded shadow p-3&#8243;][vc_column_text css=&#8221;&#8221;] Whether it&#8217;s a short escape from your routine or a longer stay to immerse yourself in nature, we have the perfect solution for you. It doesn&#8217;t matter if you [&hellip;]<\/p>\n","protected":false},"author":1,"featured_media":3402,"parent":0,"menu_order":0,"comment_status":"closed","ping_status":"closed","template":"","meta":{"_acf_changed":false,"rs_blank_template":"","rs_page_bg_color":"","slide_template_v7":"","footnotes":""},"class_list":["post-1257","page","type-page","status-publish","has-post-thumbnail","hentry"],"acf":[],"yoast_head":"<!-- This site is optimized with the Yoast SEO plugin v27.5 - https:\/\/yoast.com\/product\/yoast-seo-wordpress\/ -->\n<title>Hotel Offers Ski in Ski out | Alpine Hotel Gran Fod\u00e0<\/title>\n<meta name=\"description\" content=\"Find the perfect offer for your stay at the Alpine Hotel Gran Fod\u00e0, in the heart of the Dolomites. Ski in ski out hotel in Plan de Corones. | Alpine Hotel Gran Fod\u00e0\" \/>\n<meta name=\"robots\" content=\"index, follow, max-snippet:-1, max-image-preview:large, max-video-preview:-1\" \/>\n<link rel=\"canonical\" href=\"https:\/\/www.granfoda.it\/en\/our-offers\/\" \/>\n<meta property=\"og:locale\" content=\"en_US\" \/>\n<meta property=\"og:type\" content=\"article\" \/>\n<meta property=\"og:title\" content=\"Hotel Offers Ski in Ski out | Alpine Hotel Gran Fod\u00e0\" \/>\n<meta property=\"og:description\" content=\"Find the perfect offer for your stay at the Alpine Hotel Gran Fod\u00e0, in the heart of the Dolomites. Ski in ski out hotel in Plan de Corones. | Alpine Hotel Gran Fod\u00e0\" \/>\n<meta property=\"og:url\" content=\"https:\/\/www.granfoda.it\/en\/our-offers\/\" \/>\n<meta property=\"og:site_name\" content=\"Bio Alpine Hotel Gran Fod\u00e0\" \/>\n<meta property=\"article:publisher\" content=\"https:\/\/www.facebook.com\/HotelGranFoda\" \/>\n<meta property=\"article:modified_time\" content=\"2026-03-23T09:48:13+00:00\" \/>\n<meta property=\"og:image\" content=\"https:\/\/www.granfoda.it\/wp-content\/uploads\/2025\/03\/Paesaggio_GF_05.jpg\" \/>\n\t<meta property=\"og:image:width\" content=\"1920\" \/>\n\t<meta property=\"og:image:height\" content=\"1280\" \/>\n\t<meta property=\"og:image:type\" content=\"image\/jpeg\" \/>\n<meta name=\"twitter:card\" content=\"summary_large_image\" \/>\n<meta name=\"twitter:label1\" content=\"Est. reading time\" \/>\n\t<meta name=\"twitter:data1\" content=\"2 minutes\" \/>\n<!-- \/ Yoast SEO plugin. -->","yoast_head_json":{"title":"Hotel Offers Ski in Ski out | Alpine Hotel Gran Fod\u00e0","description":"Find the perfect offer for your stay at the Alpine Hotel Gran Fod\u00e0, in the heart of the Dolomites. Ski in ski out hotel in Plan de Corones. | Alpine Hotel Gran Fod\u00e0","robots":{"index":"index","follow":"follow","max-snippet":"max-snippet:-1","max-image-preview":"max-image-preview:large","max-video-preview":"max-video-preview:-1"},"canonical":"https:\/\/www.granfoda.it\/en\/our-offers\/","og_locale":"en_US","og_type":"article","og_title":"Hotel Offers Ski in Ski out | Alpine Hotel Gran Fod\u00e0","og_description":"Find the perfect offer for your stay at the Alpine Hotel Gran Fod\u00e0, in the heart of the Dolomites. Ski in ski out hotel in Plan de Corones. | Alpine Hotel Gran Fod\u00e0","og_url":"https:\/\/www.granfoda.it\/en\/our-offers\/","og_site_name":"Bio Alpine Hotel Gran Fod\u00e0","article_publisher":"https:\/\/www.facebook.com\/HotelGranFoda","article_modified_time":"2026-03-23T09:48:13+00:00","og_image":[{"width":1920,"height":1280,"url":"https:\/\/www.granfoda.it\/wp-content\/uploads\/2025\/03\/Paesaggio_GF_05.jpg","type":"image\/jpeg"}],"twitter_card":"summary_large_image","twitter_misc":{"Est. reading time":"2 minutes"},"schema":{"@context":"https:\/\/schema.org","@graph":[{"@type":"WebPage","@id":"https:\/\/www.granfoda.it\/en\/our-offers\/","url":"https:\/\/www.granfoda.it\/en\/our-offers\/","name":"Hotel Offers Ski in Ski out | Alpine Hotel Gran Fod\u00e0","isPartOf":{"@id":"https:\/\/www.granfoda.it\/en\/#website"},"primaryImageOfPage":{"@id":"https:\/\/www.granfoda.it\/en\/our-offers\/#primaryimage"},"image":{"@id":"https:\/\/www.granfoda.it\/en\/our-offers\/#primaryimage"},"thumbnailUrl":"https:\/\/www.granfoda.it\/wp-content\/uploads\/2025\/03\/Paesaggio_GF_05.jpg","datePublished":"2024-04-29T14:29:45+00:00","dateModified":"2026-03-23T09:48:13+00:00","description":"Find the perfect offer for your stay at the Alpine Hotel Gran Fod\u00e0, in the heart of the Dolomites. Ski in ski out hotel in Plan de Corones. | Alpine Hotel Gran Fod\u00e0","breadcrumb":{"@id":"https:\/\/www.granfoda.it\/en\/our-offers\/#breadcrumb"},"inLanguage":"en-US","potentialAction":[{"@type":"ReadAction","target":["https:\/\/www.granfoda.it\/en\/our-offers\/"]}]},{"@type":"ImageObject","inLanguage":"en-US","@id":"https:\/\/www.granfoda.it\/en\/our-offers\/#primaryimage","url":"https:\/\/www.granfoda.it\/wp-content\/uploads\/2025\/03\/Paesaggio_GF_05.jpg","contentUrl":"https:\/\/www.granfoda.it\/wp-content\/uploads\/2025\/03\/Paesaggio_GF_05.jpg","width":1920,"height":1280},{"@type":"BreadcrumbList","@id":"https:\/\/www.granfoda.it\/en\/our-offers\/#breadcrumb","itemListElement":[{"@type":"ListItem","position":1,"name":"Home","item":"https:\/\/www.granfoda.it\/en\/"},{"@type":"ListItem","position":2,"name":"Exclusive offers"}]},{"@type":"WebSite","@id":"https:\/\/www.granfoda.it\/en\/#website","url":"https:\/\/www.granfoda.it\/en\/","name":"Alpine Hotel Gran Fod\u00e0","description":"La nostra casa ski in ski out a Plan de Corones","publisher":{"@id":"https:\/\/www.granfoda.it\/en\/#organization"},"alternateName":"Alpine Hotel Gran Fod\u00e0","potentialAction":[{"@type":"SearchAction","target":{"@type":"EntryPoint","urlTemplate":"https:\/\/www.granfoda.it\/en\/?s={search_term_string}"},"query-input":{"@type":"PropertyValueSpecification","valueRequired":true,"valueName":"search_term_string"}}],"inLanguage":"en-US"},{"@type":"Organization","@id":"https:\/\/www.granfoda.it\/en\/#organization","name":"Alpine Hotel Gran Fod\u00e0","url":"https:\/\/www.granfoda.it\/en\/","logo":{"@type":"ImageObject","inLanguage":"en-US","@id":"https:\/\/www.granfoda.it\/en\/#\/schema\/logo\/image\/","url":"https:\/\/www.granfoda.it\/wp-content\/uploads\/2024\/02\/alpine-hotel-gran-foda-logo-square.jpg","contentUrl":"https:\/\/www.granfoda.it\/wp-content\/uploads\/2024\/02\/alpine-hotel-gran-foda-logo-square.jpg","width":550,"height":550,"caption":"Alpine Hotel Gran Fod\u00e0"},"image":{"@id":"https:\/\/www.granfoda.it\/en\/#\/schema\/logo\/image\/"},"sameAs":["https:\/\/www.facebook.com\/HotelGranFoda","https:\/\/www.instagram.com\/alpinehotelgranfoda\/","https:\/\/www.youtube.com\/@GranFodaIta"]}]}},"_links":{"self":[{"href":"https:\/\/www.granfoda.it\/en\/wp-json\/wp\/v2\/pages\/1257","targetHints":{"allow":["GET"]}}],"collection":[{"href":"https:\/\/www.granfoda.it\/en\/wp-json\/wp\/v2\/pages"}],"about":[{"href":"https:\/\/www.granfoda.it\/en\/wp-json\/wp\/v2\/types\/page"}],"author":[{"embeddable":true,"href":"https:\/\/www.granfoda.it\/en\/wp-json\/wp\/v2\/users\/1"}],"replies":[{"embeddable":true,"href":"https:\/\/www.granfoda.it\/en\/wp-json\/wp\/v2\/comments?post=1257"}],"version-history":[{"count":21,"href":"https:\/\/www.granfoda.it\/en\/wp-json\/wp\/v2\/pages\/1257\/revisions"}],"predecessor-version":[{"id":9724,"href":"https:\/\/www.granfoda.it\/en\/wp-json\/wp\/v2\/pages\/1257\/revisions\/9724"}],"wp:featuredmedia":[{"embeddable":true,"href":"https:\/\/www.granfoda.it\/en\/wp-json\/wp\/v2\/media\/3402"}],"wp:attachment":[{"href":"https:\/\/www.granfoda.it\/en\/wp-json\/wp\/v2\/media?parent=1257"}],"curies":[{"name":"wp","href":"https:\/\/api.w.org\/{rel}","templated":true}]}}