{"id":9865,"date":"2026-04-16T08:55:06","date_gmt":"2026-04-16T06:55:06","guid":{"rendered":"https:\/\/www.granfoda.it\/unser-zuhause\/haeufig-gestellte-fragen\/"},"modified":"2026-04-16T09:42:57","modified_gmt":"2026-04-16T07:42:57","slug":"haeufig-gestellte-fragen","status":"publish","type":"page","link":"https:\/\/www.granfoda.it\/de\/unser-zuhause\/haeufig-gestellte-fragen\/","title":{"rendered":"H\u00e4ufig gestellte Fragen"},"content":{"rendered":"<div class=\"wpb-content-wrapper\"><p>[vc_row full_width=&#8221;stretch_row&#8221; full_height=&#8221;yes&#8221; css=&#8221;.vc_custom_1774262633314{padding-top: 4em !important;padding-bottom: 4em !important;background-image: url(https:\/\/www.granfoda.it\/wp-content\/uploads\/2025\/03\/Paesaggio_GF_05.jpg?id=3401) !important;background-position: center !important;background-repeat: no-repeat !important;background-size: cover !important;}&#8221;][vc_column width=&#8221;5\/6&#8243; offset=&#8221;vc_col-md-offset-3 vc_col-md-6 vc_col-xs-offset-1 vc_col-xs-10&#8243; el_class=&#8221;bg-light shadow rounded p-3&#8243;]<h1 class=\"deco-title centro with-eylet mb-4\"><span class=\"deco-eylet\">Bio Alpine Hotel Gran Fod\u00e0<\/span> H\u00e4ufig gestellte Fragen<\/h1>[vc_column_text css=&#8221;&#8221;]<\/p>\n<div class=\"wpb_text_column wpb_content_element text-big text-center\">\n<div class=\"wpb_wrapper\">\n<p style=\"text-align: center;\">Qui di seguito le domande pi\u00f9 frequenti che ci pongono gli ospiti dell\u2019Bio Alpine Hotel Gran Fod\u00e0. In caso di dubbi o se questo non bastasse a rispondere alle vostre domande, non esitate, contattateci. <\/p>\n<\/div>\n<\/div>\n<div class=\"button-wrapper centro\"><\/div>\n<p>[\/vc_column_text]<div class=\"button-wrapper centro\">\n\t\t\t\t\t\t<button type=\"button\" data-target=\"#cta-modal-69e1cb898da0c\" data-unique=\"69e1cb898da0c\" data-label=\"Kontaktiere uns\" data-form=\"299\" class=\"btn btn-default ajax-modal\" title=\"Kontaktiere uns\">Kontaktiere uns <i class=\"fas fa-envelope\"><\/i><\/button>\n\t\t\t\t\t<\/div>[\/vc_column][\/vc_row][vc_row css=&#8221;.vc_custom_1775654784530{padding-top: 4em !important;padding-bottom: 4em !important;}&#8221;][vc_column][vc_tta_accordion section_title_tag=&#8221;h3&#8243; style=&#8221;flat&#8221; spacing=&#8221;15&#8243; c_icon=&#8221;&#8221; active_section=&#8221;1&#8243; css_animation=&#8221;appear&#8221; no_fill=&#8221;true&#8221; collapsible_all=&#8221;true&#8221; title=&#8221;H\u00e4ufig gestellte Fragen&#8221;][vc_tta_section title=&#8221;Wo befindet sich das Bio Alpine Hotel Gran Fod\u00e0?&#8221; tab_id=&#8221;domana-1&#8243;][vc_column_text css=&#8221;&#8221;]Es befindet sich am Furkelpass, etwa 10 Minuten mit dem Auto von St. Vigil in Enneberg entfernt.[\/vc_column_text][\/vc_tta_section][vc_tta_section title=&#8221;Verf\u00fcgt das Hotel \u00fcber Parkpl\u00e4tze?&#8221; tab_id=&#8221;domanda-2&#8243;][vc_column_text css=&#8221;&#8221;]Ja, unseren G\u00e4sten steht ein privater Parkplatz zur Verf\u00fcgung.[\/vc_column_text][\/vc_tta_section][vc_tta_section title=&#8221;Sind Hunde und Katzen im Hotel erlaubt?&#8221; tab_id=&#8221;domanda-3&#8243;][vc_column_text css=&#8221;&#8221;]<strong>Ja, Hunde und Katzen sind willkommen.<\/strong> Wir bitten Sie, uns bei der Buchung dar\u00fcber zu informieren, damit wir einen angenehmen Aufenthalt f\u00fcr alle G\u00e4ste gew\u00e4hrleisten k\u00f6nnen. Es wird ein Aufpreis von 15 \u20ac pro Nacht berechnet.[\/vc_column_text][\/vc_tta_section][vc_tta_section title=&#8221;Wann sind Check-in und Check-out?&#8221; tab_id=&#8221;domanda-4&#8243;][vc_column_text css=&#8221;&#8221;]Der Check-in ist ab 15:00 Uhr m\u00f6glich, der Check-out erfolgt bis 11:00 Uhr. F\u00fcr besondere W\u00fcnsche kontaktieren Sie uns bitte \u2013 wir bem\u00fchen uns, Ihre Anforderungen zu erf\u00fcllen.[\/vc_column_text][\/vc_tta_section][vc_tta_section title=&#8221;Verf\u00fcgt das Hotel \u00fcber einen Spa-Bereich?&#8221; tab_id=&#8221;domanda-5&#8243;][vc_column_text css=&#8221;&#8221;]Ja, das Hotel verf\u00fcgt \u00fcber eine Sauna und einen Whirlpool im Freien \u2013 perfekt zum Entspannen nach einem Tag in den Bergen mit Blick auf die Dolomiten.[\/vc_column_text][\/vc_tta_section][vc_tta_section title=&#8221;Liegt das Hotel direkt an der Skipiste?&#8221; tab_id=&#8221;domanda-6&#8243;][vc_column_text css=&#8221;&#8221;]Ja, das Gran Fod\u00e0 ist ein Ski-in Ski-out Hotel. Das bedeutet, dass Sie direkt mit den Skiern vom Hotel aus auf die Pisten des Kronplatz starten k\u00f6nnen.[\/vc_column_text][\/vc_tta_section][vc_tta_section title=&#8221;Sind Babybetten oder Kinderbetten im Zimmer verf\u00fcgbar?&#8221; tab_id=&#8221;domanda-7&#8243;][vc_column_text css=&#8221;&#8221;]Ja, Babybetten und Kinderbetten sind auf Anfrage verf\u00fcgbar. Der Service ist f\u00fcr Kinder bis zu 3 Jahren kostenlos.[\/vc_column_text][\/vc_tta_section][vc_tta_section title=&#8221;Hat das Hotel ein Restaurant?&#8221; tab_id=&#8221;domanda-8&#8243;][vc_column_text css=&#8221;&#8221;]Ja, das Hotel verf\u00fcgt \u00fcber ein Restaurant, das t\u00e4glich zum Mittag- und Abendessen ge\u00f6ffnet ist: von 12:00 bis 14:00 Uhr und von 19:00 bis 20:30 Uhr.[\/vc_column_text][\/vc_tta_section][vc_tta_section title=&#8221;Was bedeutet es, dass das Gran Fod\u00e0 ein Bio-Hotel ist?&#8221; tab_id=&#8221;domanda-9&#8243;][vc_column_text css=&#8221;&#8221;]Ein Bio-Hotel zu sein bedeutet, sich jeden Tag f\u00fcr Nachhaltigkeit zu entscheiden. Im Gran Fod\u00e0 verwenden wir biologische Produkte, bevorzugen regionale und saisonale Zutaten in unserer K\u00fcche und setzen auf umweltfreundliche Praktiken, um einen authentischen und gesunden Aufenthalt im Einklang mit den Dolomiten zu bieten.[\/vc_column_text][\/vc_tta_section][vc_tta_section title=&#8221;Verf\u00fcgt das Hotel \u00fcber ein Fitnessstudio?&#8221; tab_id=&#8221;domanda-10&#8243;][vc_column_text css=&#8221;&#8221;]Nein, das Hotel verf\u00fcgt \u00fcber kein Fitnessstudio, aber die umliegende Natur bietet unz\u00e4hlige M\u00f6glichkeiten, aktiv zu bleiben \u2013 beim Wandern, Radfahren und bei vielen weiteren Outdoor-Aktivit\u00e4ten.[\/vc_column_text][\/vc_tta_section][\/vc_tta_accordion][\/vc_column][\/vc_row]<\/p>\n<\/div>","protected":false},"excerpt":{"rendered":"<p>[vc_row full_width=&#8221;stretch_row&#8221; full_height=&#8221;yes&#8221; css=&#8221;.vc_custom_1774262633314{padding-top: 4em !important;padding-bottom: 4em !important;background-image: url(https:\/\/www.granfoda.it\/wp-content\/uploads\/2025\/03\/Paesaggio_GF_05.jpg?id=3401) !important;background-position: center !important;background-repeat: no-repeat !important;background-size: cover !important;}&#8221;][vc_column width=&#8221;5\/6&#8243; offset=&#8221;vc_col-md-offset-3 vc_col-md-6 vc_col-xs-offset-1 vc_col-xs-10&#8243; el_class=&#8221;bg-light shadow rounded p-3&#8243;][vc_column_text css=&#8221;&#8221;] Qui di seguito le domande pi\u00f9 frequenti che ci pongono gli ospiti dell\u2019Bio Alpine Hotel Gran Fod\u00e0. In caso di dubbi o se questo non bastasse a rispondere alle [&hellip;]<\/p>\n","protected":false},"author":1,"featured_media":0,"parent":4185,"menu_order":0,"comment_status":"closed","ping_status":"closed","template":"","meta":{"_acf_changed":false,"footnotes":""},"class_list":["post-9865","page","type-page","status-publish","hentry"],"acf":[],"yoast_head":"<!-- This site is optimized with the Yoast SEO plugin v27.4 - https:\/\/yoast.com\/product\/yoast-seo-wordpress\/ -->\n<title>H\u00e4ufig gestellte Fragen - Bio Alpine Hotel Gran Fod\u00e0<\/title>\n<meta name=\"description\" content=\"H\u00e4ufig gestellte Fragen su Bio Alpine Hotel Gran Fod\u00e0 - La nostra casa ski in ski out a Plan de Corones\" \/>\n<meta name=\"robots\" content=\"index, follow, max-snippet:-1, max-image-preview:large, max-video-preview:-1\" \/>\n<link rel=\"canonical\" href=\"https:\/\/www.granfoda.it\/de\/unser-zuhause\/haeufig-gestellte-fragen\/\" \/>\n<meta property=\"og:locale\" content=\"de_DE\" \/>\n<meta property=\"og:type\" content=\"article\" \/>\n<meta property=\"og:title\" content=\"H\u00e4ufig gestellte Fragen - Bio Alpine Hotel Gran Fod\u00e0\" \/>\n<meta property=\"og:description\" content=\"H\u00e4ufig gestellte Fragen su Bio Alpine Hotel Gran Fod\u00e0 - La nostra casa ski in ski out a Plan de Corones\" \/>\n<meta property=\"og:url\" content=\"https:\/\/www.granfoda.it\/de\/unser-zuhause\/haeufig-gestellte-fragen\/\" \/>\n<meta property=\"og:site_name\" content=\"Bio Alpine Hotel Gran Fod\u00e0\" \/>\n<meta property=\"article:publisher\" content=\"https:\/\/www.facebook.com\/HotelGranFoda\" \/>\n<meta property=\"article:modified_time\" content=\"2026-04-16T07:42:57+00:00\" \/>\n<meta property=\"og:image\" content=\"https:\/\/www.granfoda.it\/wp-content\/uploads\/2024\/02\/alpine-hotel-gran-foda-cover.jpg\" \/>\n\t<meta property=\"og:image:width\" content=\"1200\" \/>\n\t<meta property=\"og:image:height\" content=\"675\" \/>\n\t<meta property=\"og:image:type\" content=\"image\/jpeg\" \/>\n<meta name=\"twitter:card\" content=\"summary_large_image\" \/>\n<meta name=\"twitter:label1\" content=\"Gesch\u00e4tzte Lesezeit\" \/>\n\t<meta name=\"twitter:data1\" content=\"3\u00a0Minuten\" \/>\n<!-- \/ Yoast SEO plugin. -->","yoast_head_json":{"title":"H\u00e4ufig gestellte Fragen - Bio Alpine Hotel Gran Fod\u00e0","description":"H\u00e4ufig gestellte Fragen su Bio Alpine Hotel Gran Fod\u00e0 - La nostra casa ski in ski out a Plan de Corones","robots":{"index":"index","follow":"follow","max-snippet":"max-snippet:-1","max-image-preview":"max-image-preview:large","max-video-preview":"max-video-preview:-1"},"canonical":"https:\/\/www.granfoda.it\/de\/unser-zuhause\/haeufig-gestellte-fragen\/","og_locale":"de_DE","og_type":"article","og_title":"H\u00e4ufig gestellte Fragen - Bio Alpine Hotel Gran Fod\u00e0","og_description":"H\u00e4ufig gestellte Fragen su Bio Alpine Hotel Gran Fod\u00e0 - La nostra casa ski in ski out a Plan de Corones","og_url":"https:\/\/www.granfoda.it\/de\/unser-zuhause\/haeufig-gestellte-fragen\/","og_site_name":"Bio Alpine Hotel Gran Fod\u00e0","article_publisher":"https:\/\/www.facebook.com\/HotelGranFoda","article_modified_time":"2026-04-16T07:42:57+00:00","og_image":[{"width":1200,"height":675,"url":"https:\/\/www.granfoda.it\/wp-content\/uploads\/2024\/02\/alpine-hotel-gran-foda-cover.jpg","type":"image\/jpeg"}],"twitter_card":"summary_large_image","twitter_misc":{"Gesch\u00e4tzte Lesezeit":"3\u00a0Minuten"},"schema":{"@context":"https:\/\/schema.org","@graph":[{"@type":"WebPage","@id":"https:\/\/www.granfoda.it\/de\/unser-zuhause\/haeufig-gestellte-fragen\/","url":"https:\/\/www.granfoda.it\/de\/unser-zuhause\/haeufig-gestellte-fragen\/","name":"H\u00e4ufig gestellte Fragen - Bio Alpine Hotel Gran Fod\u00e0","isPartOf":{"@id":"https:\/\/www.granfoda.it\/de\/#website"},"datePublished":"2026-04-16T06:55:06+00:00","dateModified":"2026-04-16T07:42:57+00:00","description":"H\u00e4ufig gestellte Fragen su Bio Alpine Hotel Gran Fod\u00e0 - La nostra casa ski in ski out a Plan de Corones","breadcrumb":{"@id":"https:\/\/www.granfoda.it\/de\/unser-zuhause\/haeufig-gestellte-fragen\/#breadcrumb"},"inLanguage":"de","potentialAction":[{"@type":"ReadAction","target":["https:\/\/www.granfoda.it\/de\/unser-zuhause\/haeufig-gestellte-fragen\/"]}]},{"@type":"BreadcrumbList","@id":"https:\/\/www.granfoda.it\/de\/unser-zuhause\/haeufig-gestellte-fragen\/#breadcrumb","itemListElement":[{"@type":"ListItem","position":1,"name":"Home","item":"https:\/\/www.granfoda.it\/de\/home-page\/"},{"@type":"ListItem","position":2,"name":"Unser Zuhause","item":"https:\/\/www.granfoda.it\/de\/unser-zuhause\/"},{"@type":"ListItem","position":3,"name":"H\u00e4ufig gestellte Fragen"}]},{"@type":"WebSite","@id":"https:\/\/www.granfoda.it\/de\/#website","url":"https:\/\/www.granfoda.it\/de\/","name":"Alpine Hotel Gran Fod\u00e0","description":"La nostra casa ski in ski out a Plan de Corones","publisher":{"@id":"https:\/\/www.granfoda.it\/de\/#organization"},"alternateName":"Alpine Hotel Gran Fod\u00e0","potentialAction":[{"@type":"SearchAction","target":{"@type":"EntryPoint","urlTemplate":"https:\/\/www.granfoda.it\/de\/?s={search_term_string}"},"query-input":{"@type":"PropertyValueSpecification","valueRequired":true,"valueName":"search_term_string"}}],"inLanguage":"de"},{"@type":"Organization","@id":"https:\/\/www.granfoda.it\/de\/#organization","name":"Alpine Hotel Gran Fod\u00e0","url":"https:\/\/www.granfoda.it\/de\/","logo":{"@type":"ImageObject","inLanguage":"de","@id":"https:\/\/www.granfoda.it\/de\/#\/schema\/logo\/image\/","url":"https:\/\/www.granfoda.it\/wp-content\/uploads\/2024\/02\/alpine-hotel-gran-foda-logo-square.jpg","contentUrl":"https:\/\/www.granfoda.it\/wp-content\/uploads\/2024\/02\/alpine-hotel-gran-foda-logo-square.jpg","width":550,"height":550,"caption":"Alpine Hotel Gran Fod\u00e0"},"image":{"@id":"https:\/\/www.granfoda.it\/de\/#\/schema\/logo\/image\/"},"sameAs":["https:\/\/www.facebook.com\/HotelGranFoda","https:\/\/www.instagram.com\/alpinehotelgranfoda\/","https:\/\/www.youtube.com\/@GranFodaIta"]}]}},"_links":{"self":[{"href":"https:\/\/www.granfoda.it\/de\/wp-json\/wp\/v2\/pages\/9865","targetHints":{"allow":["GET"]}}],"collection":[{"href":"https:\/\/www.granfoda.it\/de\/wp-json\/wp\/v2\/pages"}],"about":[{"href":"https:\/\/www.granfoda.it\/de\/wp-json\/wp\/v2\/types\/page"}],"author":[{"embeddable":true,"href":"https:\/\/www.granfoda.it\/de\/wp-json\/wp\/v2\/users\/1"}],"replies":[{"embeddable":true,"href":"https:\/\/www.granfoda.it\/de\/wp-json\/wp\/v2\/comments?post=9865"}],"version-history":[{"count":2,"href":"https:\/\/www.granfoda.it\/de\/wp-json\/wp\/v2\/pages\/9865\/revisions"}],"predecessor-version":[{"id":9867,"href":"https:\/\/www.granfoda.it\/de\/wp-json\/wp\/v2\/pages\/9865\/revisions\/9867"}],"up":[{"embeddable":true,"href":"https:\/\/www.granfoda.it\/de\/wp-json\/wp\/v2\/pages\/4185"}],"wp:attachment":[{"href":"https:\/\/www.granfoda.it\/de\/wp-json\/wp\/v2\/media?parent=9865"}],"curies":[{"name":"wp","href":"https:\/\/api.w.org\/{rel}","templated":true}]}}