{"id":593,"date":"2023-11-21T15:01:16","date_gmt":"2023-11-21T14:01:16","guid":{"rendered":"https:\/\/www.granfoda.it\/restaurant\/"},"modified":"2026-03-10T15:20:40","modified_gmt":"2026-03-10T14:20:40","slug":"essen-und-wein","status":"publish","type":"page","link":"https:\/\/www.granfoda.it\/de\/essen-und-wein\/","title":{"rendered":"Nachhaltige K\u00fcche"},"content":{"rendered":"<div class=\"wpb-content-wrapper\"><p>[vc_row full_width=&#8221;stretch_row&#8221; full_height=&#8221;yes&#8221; css=&#8221;.vc_custom_1761843209239{padding-top: 3em !important;padding-bottom: 3em !important;background-image: url(https:\/\/www.granfoda.it\/wp-content\/uploads\/2025\/04\/Cucina_GF_03.jpg?id=3860) !important;background-position: center !important;background-repeat: no-repeat !important;background-size: cover !important;}&#8221;][vc_column el_class=&#8221;bg-light rounded shadow p-xl-5 p-3&#8243; offset=&#8221;vc_col-md-offset-3 vc_col-md-6&#8243;]<h2 class=\"deco-title centro with-eylet mb-4\"><span class=\"deco-eylet\">So schmeckt unsere Region<\/span> Nachhaltige K\u00fcche<\/h2>[vc_column_text css=&#8221;&#8221;]<\/p>\n<p style=\"text-align: center;\">Im Gran Fod\u00e0 ver\u00e4ndert sich die K\u00fcche mit den <strong>Jahreszeiten<\/strong> und bringt in jedem Gericht das Beste der Natur. <strong>Leidenschaft<\/strong>, <strong>Tradition<\/strong> und <strong>regionale Zutaten<\/strong> verschmelzen zu authentischen Gerichten, die die Geschichte und Kultur der Dolomiten erz\u00e4hlen. Unsere K\u00fcche feiert die <strong>Sch\u00f6nheit der Jahreszeiten<\/strong> und die Aromen, die uns die Natur schenkt.<\/p>\n<p>[\/vc_column_text]<div class=\"button-wrapper centro\"><a class=\"btn btn-default inverted\"  href=\"https:\/\/www.simplebooking.it\/ibe\/search?hid=9416lang=DE\" target=\"_blank\" title=\"Ein Zimmer buchen\">Nimm Platz<\/a><\/div>[\/vc_column][\/vc_row][vc_row full_width=&#8221;stretch_row&#8221; content_placement=&#8221;middle&#8221; disable_element=&#8221;yes&#8221; css=&#8221;.vc_custom_1744271022664{padding-top: 4em !important;padding-bottom: 6em !important;background-color: #E66F35 !important;}&#8221;][vc_column width=&#8221;1\/2&#8243;]<div title=\"Alpine Hotel Gran Fod\u00e0 &#8211; Accoglienza\" class=\"image-wrapper shadow\">\n\t\t\t\t<figure class=\"aspect-image\" data-delta=\"1.6\" style=\"background-image:url('https:\/\/www.granfoda.it\/wp-content\/uploads\/2024\/02\/Gran-Foda-Gennaio-2024-accoglienza-1024x683.jpg'); aspect-ratio: 16 \/ 10; \" >\n\t\t\t\t\t<img loading=\"lazy\" decoding=\"async\" width=\"1024\" height=\"683\" src=\"https:\/\/www.granfoda.it\/wp-content\/uploads\/2024\/02\/Gran-Foda-Gennaio-2024-accoglienza-1024x683.jpg\" class=\"attachment-large size-large\" alt=\"Alpine Hotel Gran Fod\u00e0 - Accoglienza 2024\" srcset=\"https:\/\/www.granfoda.it\/wp-content\/uploads\/2024\/02\/Gran-Foda-Gennaio-2024-accoglienza-1024x683.jpg 1024w, https:\/\/www.granfoda.it\/wp-content\/uploads\/2024\/02\/Gran-Foda-Gennaio-2024-accoglienza-300x200.jpg 300w, https:\/\/www.granfoda.it\/wp-content\/uploads\/2024\/02\/Gran-Foda-Gennaio-2024-accoglienza-768x512.jpg 768w, https:\/\/www.granfoda.it\/wp-content\/uploads\/2024\/02\/Gran-Foda-Gennaio-2024-accoglienza.jpg 1200w\" sizes=\"auto, (max-width: 1024px) 100vw, 1024px\" \/> \n\t\t\t\t\t \n\t\t\t\t<\/figure>\n\t\t\t<\/div>[\/vc_column][vc_column width=&#8221;1\/2&#8243; offset=&#8221;vc_col-sm-offset-0&#8243; el_class=&#8221;no-margin&#8221; css=&#8221;.vc_custom_1744190026478{padding-top: 3em !important;padding-right: 2em !important;padding-bottom: 3em !important;padding-left: 2em !important;background-color: #FFFFFF !important;}&#8221;]<h3 class=\"deco-title sinistra mb-4\">M\u00f6chten Sie mehr erfahren?<\/h3>\n<div class=\"wpcf7 no-js\" id=\"wpcf7-f602-o1\" lang=\"de-DE\" dir=\"ltr\" data-wpcf7-id=\"602\">\n<div class=\"screen-reader-response\"><p role=\"status\" aria-live=\"polite\" aria-atomic=\"true\"><\/p> <ul><\/ul><\/div>\n<form action=\"\/de\/wp-json\/wp\/v2\/pages\/593#wpcf7-f602-o1\" method=\"post\" class=\"wpcf7-form init\" aria-label=\"Kontaktformular\" novalidate=\"novalidate\" data-status=\"init\">\n<fieldset class=\"hidden-fields-container\"><input type=\"hidden\" name=\"_wpcf7\" value=\"602\" \/><input type=\"hidden\" name=\"_wpcf7_version\" value=\"6.1.5\" \/><input type=\"hidden\" name=\"_wpcf7_locale\" value=\"de_DE\" \/><input type=\"hidden\" name=\"_wpcf7_unit_tag\" value=\"wpcf7-f602-o1\" \/><input type=\"hidden\" name=\"_wpcf7_container_post\" value=\"0\" \/><input type=\"hidden\" name=\"_wpcf7_posted_data_hash\" value=\"\" \/><input type=\"hidden\" name=\"_wpcf7_recaptcha_response\" value=\"\" \/>\n<\/fieldset>\n<div class=\"row\">\n\t<div class=\"col-md-6\">\n\t\t<div class=\"mb-2\">\n\t\t\t<label for=\"cnome\" class=\"form-label\">Vorname<sup title=\"erforderlich\">*<\/sup><\/label>\n\t\t\t<span class=\"wpcf7-form-control-wrap\" data-name=\"nome\"><input size=\"40\" maxlength=\"400\" class=\"wpcf7-form-control wpcf7-text wpcf7-validates-as-required form-control form-control-sm\" id=\"cnome\" aria-required=\"true\" aria-invalid=\"false\" value=\"\" type=\"text\" name=\"nome\" \/><\/span>\n\t\t<\/div>\n\t<\/div>\n\t<div class=\"col-md-6\">\n\t\t<div class=\"mb-2\">\n\t\t\t<label for=\"ccognome\" class=\"form-label\">Nachname<sup title=\"erforderlich\">*<\/sup><\/label>\n\t\t\t<span class=\"wpcf7-form-control-wrap\" data-name=\"cognome\"><input size=\"40\" maxlength=\"400\" class=\"wpcf7-form-control wpcf7-text wpcf7-validates-as-required form-control form-control-sm\" id=\"ccognome\" aria-required=\"true\" aria-invalid=\"false\" value=\"\" type=\"text\" name=\"cognome\" \/><\/span>\n\t\t<\/div>\n\t<\/div>\n<\/div>\n<div class=\"row\">\n\t<div class=\"col-12\">\n\t\t<div class=\"mb-2\">\n\t\t\t<label for=\"cemail\" class=\"form-label\">Email<sup title=\"erforderlich\">*<\/sup><\/label>\n\t\t\t<span class=\"wpcf7-form-control-wrap\" data-name=\"email\"><input size=\"40\" maxlength=\"400\" class=\"wpcf7-form-control wpcf7-email wpcf7-validates-as-required wpcf7-text wpcf7-validates-as-email form-control form-control-sm\" id=\"cemail\" aria-required=\"true\" aria-invalid=\"false\" value=\"\" type=\"email\" name=\"email\" \/><\/span>\n\t\t<\/div>\n\t<\/div>\n<\/div>\n<div class=\"row\">\n\t<div class=\"col-12\">\n\t\t<label for=\"cmessaggio\" class=\"form-label\">Nachricht<\/label>\n\t\t<span class=\"wpcf7-form-control-wrap\" data-name=\"messaggio\"><textarea cols=\"40\" rows=\"10\" maxlength=\"2000\" class=\"wpcf7-form-control wpcf7-textarea wpcf7-validates-as-required form-control form-control-sm\" id=\"cmessaggio\" aria-required=\"true\" aria-invalid=\"false\" name=\"messaggio\"><\/textarea><\/span>\n\t<\/div>\n<\/div>\n<div class=\"row\">\n\t<div class=\"col-12\">\n\t\t<div class=\"form-check mb-2\">\n\t\t\t<span class=\"wpcf7-form-control-wrap\" data-name=\"newsletter\"><span class=\"wpcf7-form-control wpcf7-acceptance optional\"><span class=\"wpcf7-list-item\"><input type=\"checkbox\" name=\"newsletter\" value=\"1\" class=\"form-check-input\" id=\"cnewsletter\" aria-invalid=\"false\" \/><\/span><\/span><\/span> <label class=\"form-check-label\" for=\"cnewsletter\">Ich m\u00f6chte \u00fcber Ihre Neuigkeiten auf dem Laufenden bleiben<\/label>\n\t\t<\/div>\n\t\t<div class=\"form-check mb-2\" privacy=\"\" id:cprivacy=\"\" class:form-check-input=\"\" original=\"PGxhYmVsIGNsYXNzPSJmb3JtLWNoZWNrLWxhYmVsIiBmb3I9ImNwcml2YWN5 Ij4=\"><\/div>Ich erkl\u00e4re, dass ich die <a href=\"\/privacy-policy\" target=\"_blank\">Datenschutzerkl\u00e4run<\/a>g gelesen habe und mit der Verarbeitung meiner personenbezogenen Daten einverstanden bin.<\/label>\n\t\t<\/div>\n\t\t<div class=\"mb-2\">\n\t\t\t<input class=\"wpcf7-form-control wpcf7-submit has-spinner btn btn-success\" type=\"submit\" value=\"Senden\" \/>\n\t\t<\/div>\n\t<\/div>\n<\/div><div class=\"wpcf7-response-output\" aria-hidden=\"true\"><\/div>\n<\/form>\n<\/div>\n[\/vc_column][\/vc_row]<\/p>\n<\/div>","protected":false},"excerpt":{"rendered":"<p>Unser Restaurant an den Skipisten des Kronplatzes ist von der authentischsten ladinischen und Tiroler K\u00fcche inspiriert.<\/p>\n","protected":false},"author":1,"featured_media":451,"parent":0,"menu_order":0,"comment_status":"closed","ping_status":"closed","template":"","meta":{"_acf_changed":false,"footnotes":""},"class_list":["post-593","page","type-page","status-publish","has-post-thumbnail","hentry"],"acf":[],"yoast_head":"<!-- This site is optimized with the Yoast SEO plugin v27.4 - https:\/\/yoast.com\/product\/yoast-seo-wordpress\/ -->\n<title>Essen und Wein | Bio Alpine Hotel Gran Fod\u00e0<\/title>\n<meta name=\"description\" content=\"Erleben Sie den Bio Geschmack der ladinischen und Tiroler K\u00fcche in unserem Hotel an den Skipisten am Kronplatz | Bio Hotel S\u00fcdtirol\" \/>\n<meta name=\"robots\" content=\"index, follow, max-snippet:-1, max-image-preview:large, max-video-preview:-1\" \/>\n<link rel=\"canonical\" href=\"https:\/\/www.granfoda.it\/de\/essen-und-wein\/\" \/>\n<meta property=\"og:locale\" content=\"de_DE\" \/>\n<meta property=\"og:type\" content=\"article\" \/>\n<meta property=\"og:title\" content=\"Essen und Wein | Bio Alpine Hotel Gran Fod\u00e0\" \/>\n<meta property=\"og:description\" content=\"Erleben Sie den Bio Geschmack der ladinischen und Tiroler K\u00fcche in unserem Hotel an den Skipisten am Kronplatz | Bio Hotel S\u00fcdtirol\" \/>\n<meta property=\"og:url\" content=\"https:\/\/www.granfoda.it\/de\/essen-und-wein\/\" \/>\n<meta property=\"og:site_name\" content=\"Bio Alpine Hotel Gran Fod\u00e0\" \/>\n<meta property=\"article:publisher\" content=\"https:\/\/www.facebook.com\/HotelGranFoda\" \/>\n<meta property=\"article:modified_time\" content=\"2026-03-10T14:20:40+00:00\" \/>\n<meta property=\"og:image\" content=\"https:\/\/www.granfoda.it\/wp-content\/uploads\/2024\/02\/Gran-foda-ristorante-sq-2.jpg\" \/>\n\t<meta property=\"og:image:width\" content=\"1200\" \/>\n\t<meta property=\"og:image:height\" content=\"1200\" \/>\n\t<meta property=\"og:image:type\" content=\"image\/jpeg\" \/>\n<meta name=\"twitter:card\" content=\"summary_large_image\" \/>\n<meta name=\"twitter:label1\" content=\"Gesch\u00e4tzte Lesezeit\" \/>\n\t<meta name=\"twitter:data1\" content=\"1\u00a0Minute\" \/>\n<!-- \/ Yoast SEO plugin. -->","yoast_head_json":{"title":"Essen und Wein | Bio Alpine Hotel Gran Fod\u00e0","description":"Erleben Sie den Bio Geschmack der ladinischen und Tiroler K\u00fcche in unserem Hotel an den Skipisten am Kronplatz | Bio Hotel S\u00fcdtirol","robots":{"index":"index","follow":"follow","max-snippet":"max-snippet:-1","max-image-preview":"max-image-preview:large","max-video-preview":"max-video-preview:-1"},"canonical":"https:\/\/www.granfoda.it\/de\/essen-und-wein\/","og_locale":"de_DE","og_type":"article","og_title":"Essen und Wein | Bio Alpine Hotel Gran Fod\u00e0","og_description":"Erleben Sie den Bio Geschmack der ladinischen und Tiroler K\u00fcche in unserem Hotel an den Skipisten am Kronplatz | Bio Hotel S\u00fcdtirol","og_url":"https:\/\/www.granfoda.it\/de\/essen-und-wein\/","og_site_name":"Bio Alpine Hotel Gran Fod\u00e0","article_publisher":"https:\/\/www.facebook.com\/HotelGranFoda","article_modified_time":"2026-03-10T14:20:40+00:00","og_image":[{"width":1200,"height":1200,"url":"https:\/\/www.granfoda.it\/wp-content\/uploads\/2024\/02\/Gran-foda-ristorante-sq-2.jpg","type":"image\/jpeg"}],"twitter_card":"summary_large_image","twitter_misc":{"Gesch\u00e4tzte Lesezeit":"1\u00a0Minute"},"schema":{"@context":"https:\/\/schema.org","@graph":[{"@type":"WebPage","@id":"https:\/\/www.granfoda.it\/de\/essen-und-wein\/","url":"https:\/\/www.granfoda.it\/de\/essen-und-wein\/","name":"Essen und Wein | Bio Alpine Hotel Gran Fod\u00e0","isPartOf":{"@id":"https:\/\/www.granfoda.it\/de\/#website"},"primaryImageOfPage":{"@id":"https:\/\/www.granfoda.it\/de\/essen-und-wein\/#primaryimage"},"image":{"@id":"https:\/\/www.granfoda.it\/de\/essen-und-wein\/#primaryimage"},"thumbnailUrl":"https:\/\/www.granfoda.it\/wp-content\/uploads\/2024\/02\/Gran-foda-ristorante-sq-2.jpg","datePublished":"2023-11-21T14:01:16+00:00","dateModified":"2026-03-10T14:20:40+00:00","description":"Erleben Sie den Bio Geschmack der ladinischen und Tiroler K\u00fcche in unserem Hotel an den Skipisten am Kronplatz | Bio Hotel S\u00fcdtirol","breadcrumb":{"@id":"https:\/\/www.granfoda.it\/de\/essen-und-wein\/#breadcrumb"},"inLanguage":"de","potentialAction":[{"@type":"ReadAction","target":["https:\/\/www.granfoda.it\/de\/essen-und-wein\/"]}]},{"@type":"ImageObject","inLanguage":"de","@id":"https:\/\/www.granfoda.it\/de\/essen-und-wein\/#primaryimage","url":"https:\/\/www.granfoda.it\/wp-content\/uploads\/2024\/02\/Gran-foda-ristorante-sq-2.jpg","contentUrl":"https:\/\/www.granfoda.it\/wp-content\/uploads\/2024\/02\/Gran-foda-ristorante-sq-2.jpg","width":1200,"height":1200,"caption":"Restaurant des Alpine Hotel Gran Fod\u00e0: Marinierte Schweinerippchen mit K\u00fcrbischips"},{"@type":"BreadcrumbList","@id":"https:\/\/www.granfoda.it\/de\/essen-und-wein\/#breadcrumb","itemListElement":[{"@type":"ListItem","position":1,"name":"Home","item":"https:\/\/www.granfoda.it\/de\/home-page\/"},{"@type":"ListItem","position":2,"name":"Nachhaltige K\u00fcche"}]},{"@type":"WebSite","@id":"https:\/\/www.granfoda.it\/de\/#website","url":"https:\/\/www.granfoda.it\/de\/","name":"Alpine Hotel Gran Fod\u00e0","description":"La nostra casa ski in ski out a Plan de Corones","publisher":{"@id":"https:\/\/www.granfoda.it\/de\/#organization"},"alternateName":"Alpine Hotel Gran Fod\u00e0","potentialAction":[{"@type":"SearchAction","target":{"@type":"EntryPoint","urlTemplate":"https:\/\/www.granfoda.it\/de\/?s={search_term_string}"},"query-input":{"@type":"PropertyValueSpecification","valueRequired":true,"valueName":"search_term_string"}}],"inLanguage":"de"},{"@type":"Organization","@id":"https:\/\/www.granfoda.it\/de\/#organization","name":"Alpine Hotel Gran Fod\u00e0","url":"https:\/\/www.granfoda.it\/de\/","logo":{"@type":"ImageObject","inLanguage":"de","@id":"https:\/\/www.granfoda.it\/de\/#\/schema\/logo\/image\/","url":"https:\/\/www.granfoda.it\/wp-content\/uploads\/2024\/02\/alpine-hotel-gran-foda-logo-square.jpg","contentUrl":"https:\/\/www.granfoda.it\/wp-content\/uploads\/2024\/02\/alpine-hotel-gran-foda-logo-square.jpg","width":550,"height":550,"caption":"Alpine Hotel Gran Fod\u00e0"},"image":{"@id":"https:\/\/www.granfoda.it\/de\/#\/schema\/logo\/image\/"},"sameAs":["https:\/\/www.facebook.com\/HotelGranFoda","https:\/\/www.instagram.com\/alpinehotelgranfoda\/","https:\/\/www.youtube.com\/@GranFodaIta"]}]}},"_links":{"self":[{"href":"https:\/\/www.granfoda.it\/de\/wp-json\/wp\/v2\/pages\/593","targetHints":{"allow":["GET"]}}],"collection":[{"href":"https:\/\/www.granfoda.it\/de\/wp-json\/wp\/v2\/pages"}],"about":[{"href":"https:\/\/www.granfoda.it\/de\/wp-json\/wp\/v2\/types\/page"}],"author":[{"embeddable":true,"href":"https:\/\/www.granfoda.it\/de\/wp-json\/wp\/v2\/users\/1"}],"replies":[{"embeddable":true,"href":"https:\/\/www.granfoda.it\/de\/wp-json\/wp\/v2\/comments?post=593"}],"version-history":[{"count":24,"href":"https:\/\/www.granfoda.it\/de\/wp-json\/wp\/v2\/pages\/593\/revisions"}],"predecessor-version":[{"id":9722,"href":"https:\/\/www.granfoda.it\/de\/wp-json\/wp\/v2\/pages\/593\/revisions\/9722"}],"wp:featuredmedia":[{"embeddable":true,"href":"https:\/\/www.granfoda.it\/de\/wp-json\/wp\/v2\/media\/451"}],"wp:attachment":[{"href":"https:\/\/www.granfoda.it\/de\/wp-json\/wp\/v2\/media?parent=593"}],"curies":[{"name":"wp","href":"https:\/\/api.w.org\/{rel}","templated":true}]}}