{"id":576,"date":"2023-11-21T15:01:29","date_gmt":"2023-11-21T14:01:29","guid":{"rendered":"https:\/\/www.granfoda.it\/zimmer\/"},"modified":"2026-03-23T12:19:27","modified_gmt":"2026-03-23T11:19:27","slug":"zimmer","status":"publish","type":"page","link":"https:\/\/www.granfoda.it\/de\/zimmer\/","title":{"rendered":"Zimmer"},"content":{"rendered":"<div class=\"wpb-content-wrapper\"><p>[vc_row full_width=&#8221;stretch_row&#8221; content_placement=&#8221;middle&#8221; css=&#8221;.vc_custom_1774264763631{padding-top: 4em !important;padding-bottom: 4em !important;background-image: url(https:\/\/www.granfoda.it\/wp-content\/uploads\/2025\/03\/Camera_GF_03-bis.png?id=3415) !important;background-position: center !important;background-repeat: no-repeat !important;background-size: cover !important;}&#8221; el_id=&#8221;zimmer&#8221;][vc_column css_animation=&#8221;left-to-right&#8221; width=&#8221;5\/6&#8243; offset=&#8221;vc_col-lg-offset-3 vc_col-lg-6 vc_col-md-offset-0 vc_col-xs-offset-1 vc_col-xs-10&#8243; el_class=&#8221;bg-white rounded shadow p-4&#8243; css=&#8221;.vc_custom_1731064196032{padding-top: 0px !important;background-color: #FFFFFF !important;}&#8221;]<h2 class=\"deco-title centro with-eylet\"><span class=\"deco-eylet\">Dolomitentr\u00e4ume<\/span> Zimmer<\/h2>[vc_column_text css=&#8221;&#8221;]<\/p>\n<p style=\"text-align: center;\"><strong>Gute Gastfreundschaft<\/strong> hat den Duft der Natur, von den frischen Aromen des Schnees bis zu den majest\u00e4tischen Gipfeln der <strong>Dolomiten<\/strong>. Gro\u00dfe Fenster bieten ein bezauberndes Panorama auf die Berge und schaffen eine einzigartige Atmosph\u00e4re, in der die Natur ein modernes Design in perfekter Harmonie mit der Umgebung inspiriert.<\/p>\n<p style=\"text-align: center;\">Unsere Zimmer laden die ganze Familie ein, sich fallen zu lassen und <strong>genussvolle Momente<\/strong> inmitten einer traumhaften Landschaft zu erleben. Ob im Winter beim Skifahren auf den Pisten oder im Sommer bei der Erkundung von Wanderwegen, jede Jahreszeit verspricht unvergessliche Urlaubsn\u00e4chte. <strong>Ein Aufenthalt bei uns bedeutet, in jedem Moment in die Sch\u00f6nheit der Dolomiten einzutauchen.<\/strong><\/p>\n<p>[\/vc_column_text]<div class=\"button-wrapper centro\"><a class=\"btn btn-default inverted\"  href=\"https:\/\/www.simplebooking.it\/ibe\/search?hid=9416&lang=DE\" target=\"_blank\" title=\"Ein Zimmer buchen\">Nimm Platz<\/a><\/div>[\/vc_column][\/vc_row][vc_row css=&#8221;.vc_custom_1744186280290{padding-top: 2em !important;padding-bottom: 2em !important;}&#8221;][vc_column]<h2 class=\"deco-title centro\">Ihr Dolomiten-Aufenthalt<\/h2>[\/vc_column][\/vc_row][vc_row css=&#8221;.vc_custom_1744186285850{padding-top: 2em !important;padding-bottom: 2em !important;}&#8221; row_title=&#8221;comfort-panorama&#8221;][vc_column]<div id=\"features-carousel-69fa2e0f2884d-wrapper\" class=\"feature-carousel-wrapper \">\n\t\t\t\t\t\t\t<div class=\"features-carousel\" style=\"--features-carousel-color:#fef4ea;\">\n\t\t\t\t\t\t\t\t<div class=\"row g-0\">\n\t\t\t\t\t\t\t\t\t<div class=\"col-xl-8 col-lg-6 features-carousel-cycler\">\n\t\t\t\t\t\t\t\t\t\t<img decoding=\"async\" class=\"active\" src=\"https:\/\/www.granfoda.it\/wp-content\/uploads\/2024\/11\/hotel-gran-foda-dolomiti-comfort-panorama-camera.jpg\" alt=\"Camere Comfort Panorama - Hotel Gran Fod\u00e0\" \/>\n\t\t\t\t\t\t\t\t\t<\/div>\n\t\t\t\t\t\t\t\t\t<div class=\"col-xl-4 col-lg-6 features-carousel-color\">\n\t\t\t\t\t\t\t\t\t\t<div id=\"features-carousel-69fa2e0f2884d\" class=\"features-slider carousel slide\" data-bs-ride=\"carousel\" data-bs-interval=\"10000\">\n\t\t\t\t\t\t\t\t\t\t\t<div class=\"carousel-inner feature-carousel-inner\">\n\t\t\t\t\t\t\t\t\t\t\t\t<div data-index=\"0\" class=\"features-item carousel-item item active p-lg-5 p-3\">\n\t\t\t\t\t\t\t<div class=\"features-item-table\">\n\t\t\t\t\t\t\t\t<span class=\"features-item-table-item\">\n\t\t\t\t\t\t\t\t\t<h2 class=\"deco-title mb-2\"><span class=\"deco-eylet\">Zimmer<\/span><span>Comfort Panorama<\/span><\/h2>\n\t\t\t\t\t\t\t\t\t<div class=\"features-item-text\">Ca. 22 m\u00b2 \u2014 Mit offenem Blick auf den Furkelpass und die Dolomiten des Kronplatz.\nDie k\u00fcrzlich renovierten Zimmer sind hell und einladend und verf\u00fcgen alle \u00fcber eine Dusche.\nMit M\u00f6beln aus nat\u00fcrlichem Holz bieten sie eine warme und schlichte Atmosph\u00e4re, in der die umliegende Landschaft dank der privilegierten Lage im Mittelpunkt steht.\nEinige Zimmer bieten Platz f\u00fcr bis zu 3 G\u00e4ste.\nIdeal f\u00fcr einen entspannenden Aufenthalt, umgeben von Berglicht und Stille.<\/div>\n\t\t\t\t\t\t\t\t\t\n\t\t\t\t\t\t\t\t\t<div class=\"button-wrapper\"><a class=\"btn btn-default inverted\" href=\"https:\/\/www.simplebooking.it\/ibe\/search?hid=9416&lang=de&_gl=1*1pnak1r*_gcl_au*ODkxNjc3MTMxLjE3MTE1Mjg5NTg.*_ga*MTU4MzYyODE1NC4xNzEwMzM5MjI3*_ga_F6GESYL6T8*MTcxNDM4MzI0MC4xNi4xLjE3MTQzODU0NDIuNjAuMC4yNDk1MTA1NTM.\" title=\"Nehmen Sie Platz\">Nehmen Sie Platz<\/a><\/div>\n\t\t\t\t\t\t\t\t<\/span>\n\t\t\t\t\t\t\t<\/div>\n\t\t\t\t\t\t<\/div>\n\t\t\t\t\t\t\t\t\t\t\t<\/div>\n\t\t\t\t\t\t\t\t\t\t\t\n\t\t\t\t\t\t\t\t\t\t<\/div>\t\t\t\t\t\t\t\t\t\n\t\t\t\t\t\t\t\t\t<\/div>\n\t\t\t\t\t\t\t\t<\/div>\n\t\t\t\t\t\t\t<\/div>\n\t\t\t\t\t\t<\/div>[\/vc_column][\/vc_row][vc_row css=&#8221;.vc_custom_1744186288919{padding-top: 2em !important;padding-bottom: 2em !important;}&#8221; row_title=&#8221;superior&#8221;][vc_column]<div id=\"features-carousel-69fa2e0f2b2f5-wrapper\" class=\"feature-carousel-wrapper reverse \">\n\t\t\t\t\t\t\t<div class=\"features-carousel\" style=\"--features-carousel-color:#663e2b;\">\n\t\t\t\t\t\t\t\t<div class=\"row g-0\">\n\t\t\t\t\t\t\t\t\t<div class=\"col-xl-8 col-lg-6 features-carousel-cycler order-lg-last order-first\">\n\t\t\t\t\t\t\t\t\t\t<img decoding=\"async\" class=\"active\" src=\"https:\/\/www.granfoda.it\/wp-content\/uploads\/2024\/11\/hotel-gran-foda-dolomiti-superior-camera.jpg\" alt=\"Hotel Gran Fod\u00e0 - Camera Superior\" \/>\n\t\t\t\t\t\t\t\t\t<\/div>\n\t\t\t\t\t\t\t\t\t<div class=\"col-xl-4 col-lg-6 features-carousel-color order-lg-first order-last\">\n\t\t\t\t\t\t\t\t\t\t<div id=\"features-carousel-69fa2e0f2b2f5\" class=\"features-slider carousel slide\" data-bs-ride=\"carousel\" data-bs-interval=\"10000\">\n\t\t\t\t\t\t\t\t\t\t\t<div class=\"carousel-inner feature-carousel-inner\">\n\t\t\t\t\t\t\t\t\t\t\t\t<div data-index=\"0\" class=\"features-item carousel-item item active p-lg-5 p-3\">\n\t\t\t\t\t\t\t<div class=\"features-item-table\">\n\t\t\t\t\t\t\t\t<span class=\"features-item-table-item\">\n\t\t\t\t\t\t\t\t\t<h2 class=\"deco-title mb-2\"><span class=\"deco-eylet\">Zimmer<\/span><span>Superior<\/span><\/h2>\n\t\t\t\t\t\t\t\t\t<div class=\"features-item-text\">Ca. 38 m\u00b2 \u2014 Ger\u00e4umig und komfortabel, bestehend aus zwei separaten Zimmern.\nEingerichtet mit massivem Fichtenholz, rustikalem Eichenparkett, einem mit Loden gepolsterten Kopfteil und Nachttischen aus Zirbenholz.\nDas Badezimmer ist mit einer Badewanne ausgestattet, und die Zimmer bieten Platz f\u00fcr bis zu 4 G\u00e4ste.\nNach Norden ausgerichtet, mit wundersch\u00f6nem Blick auf den Kronplatz.\nDie ideale Wahl f\u00fcr Familien oder diejenigen, die mehr Platz und eine ruhige Atmosph\u00e4re suchen.<\/div>\n\t\t\t\t\t\t\t\t\t\n\t\t\t\t\t\t\t\t\t<div class=\"button-wrapper\"><a class=\"btn btn-default inverted\" href=\"https:\/\/www.simplebooking.it\/ibe\/search?hid=9416&lang=de&_gl=1*1pnak1r*_gcl_au*ODkxNjc3MTMxLjE3MTE1Mjg5NTg.*_ga*MTU4MzYyODE1NC4xNzEwMzM5MjI3*_ga_F6GESYL6T8*MTcxNDM4MzI0MC4xNi4xLjE3MTQzODU0NDIuNjAuMC4yNDk1MTA1NTM.\" title=\"Nehmen Sie Platz\">Nehmen Sie Platz<\/a><\/div>\n\t\t\t\t\t\t\t\t<\/span>\n\t\t\t\t\t\t\t<\/div>\n\t\t\t\t\t\t<\/div>\n\t\t\t\t\t\t\t\t\t\t\t<\/div>\n\t\t\t\t\t\t\t\t\t\t\t\n\t\t\t\t\t\t\t\t\t\t<\/div>\t\t\t\t\t\t\t\t\t\n\t\t\t\t\t\t\t\t\t<\/div>\n\t\t\t\t\t\t\t\t<\/div>\n\t\t\t\t\t\t\t<\/div>\n\t\t\t\t\t\t<\/div>[\/vc_column][\/vc_row][vc_row css=&#8221;.vc_custom_1744186333431{padding-top: 2em !important;padding-bottom: 2em !important;}&#8221; row_title=&#8221;comfort&#8221;][vc_column]<div id=\"features-carousel-69fa2e0f2b5cd-wrapper\" class=\"feature-carousel-wrapper \">\n\t\t\t\t\t\t\t<div class=\"features-carousel\" style=\"--features-carousel-color:#f0f1f3;\">\n\t\t\t\t\t\t\t\t<div class=\"row g-0\">\n\t\t\t\t\t\t\t\t\t<div class=\"col-xl-8 col-lg-6 features-carousel-cycler\">\n\t\t\t\t\t\t\t\t\t\t<img decoding=\"async\" class=\"active\" src=\"https:\/\/www.granfoda.it\/wp-content\/uploads\/2024\/11\/hotel-gran-foda-dolomiti-comfort-camera.jpg\" alt=\"Hotel Gran Fod\u00e0 - Camera Comfort\" \/>\n\t\t\t\t\t\t\t\t\t<\/div>\n\t\t\t\t\t\t\t\t\t<div class=\"col-xl-4 col-lg-6 features-carousel-color\">\n\t\t\t\t\t\t\t\t\t\t<div id=\"features-carousel-69fa2e0f2b5cd\" class=\"features-slider carousel slide\" data-bs-ride=\"carousel\" data-bs-interval=\"10000\">\n\t\t\t\t\t\t\t\t\t\t\t<div class=\"carousel-inner feature-carousel-inner\">\n\t\t\t\t\t\t\t\t\t\t\t\t<div data-index=\"0\" class=\"features-item carousel-item item active p-lg-5 p-3\">\n\t\t\t\t\t\t\t<div class=\"features-item-table\">\n\t\t\t\t\t\t\t\t<span class=\"features-item-table-item\">\n\t\t\t\t\t\t\t\t\t<h2 class=\"deco-title mb-2\"><span class=\"deco-eylet\">Zimmer<\/span><span>Comfort<\/span><\/h2>\n\t\t\t\t\t\t\t\t\t<div class=\"features-item-text\">Ca. 22 m\u00b2 \u2014 Mit Blick auf den Passo Furcia und die Dolomiten des Kronplatz.<br>K\u00fcrzlich renovierte und sorgf\u00e4ltig gestaltete Zimmer, alle mit Dusche.\nEingerichtet mit massivem Fichtenholz, rustikalem Eichenparkett, einem mit Loden gepolsterten Kopfteil und Nachttischen aus Zirbenholz.\nDie Zimmer bieten Platz f\u00fcr bis zu 3 G\u00e4ste und sind nach Norden ausgerichtet.\nEine perfekte Wahl f\u00fcr diejenigen, die authentischen alpinen Komfort in einem eleganten Ambiente suchen.<\/div>\n\t\t\t\t\t\t\t\t\t\n\t\t\t\t\t\t\t\t\t<div class=\"button-wrapper\"><a class=\"btn btn-default inverted\" href=\"https:\/\/www.simplebooking.it\/ibe\/search?hid=9416&lang=de&_gl=1*1pnak1r*_gcl_au*ODkxNjc3MTMxLjE3MTE1Mjg5NTg.*_ga*MTU4MzYyODE1NC4xNzEwMzM5MjI3*_ga_F6GESYL6T8*MTcxNDM4MzI0MC4xNi4xLjE3MTQzODU0NDIuNjAuMC4yNDk1MTA1NTM.\" title=\"Nehmen Sie Platz\">Nehmen Sie Platz<\/a><\/div>\n\t\t\t\t\t\t\t\t<\/span>\n\t\t\t\t\t\t\t<\/div>\n\t\t\t\t\t\t<\/div>\n\t\t\t\t\t\t\t\t\t\t\t<\/div>\n\t\t\t\t\t\t\t\t\t\t\t\n\t\t\t\t\t\t\t\t\t\t<\/div>\t\t\t\t\t\t\t\t\t\n\t\t\t\t\t\t\t\t\t<\/div>\n\t\t\t\t\t\t\t\t<\/div>\n\t\t\t\t\t\t\t<\/div>\n\t\t\t\t\t\t<\/div>[\/vc_column][\/vc_row][vc_row css=&#8221;.vc_custom_1744292109337{padding-top: 2em !important;padding-bottom: 2em !important;}&#8221; row_title=&#8221;singola&#8221;][vc_column]<div id=\"features-carousel-69fa2e0f2b84e-wrapper\" class=\"feature-carousel-wrapper reverse \">\n\t\t\t\t\t\t\t<div class=\"features-carousel\" style=\"--features-carousel-color:#262626;\">\n\t\t\t\t\t\t\t\t<div class=\"row g-0\">\n\t\t\t\t\t\t\t\t\t<div class=\"col-xl-8 col-lg-6 features-carousel-cycler order-lg-last order-first\">\n\t\t\t\t\t\t\t\t\t\t<img decoding=\"async\" class=\"active\" src=\"https:\/\/www.granfoda.it\/wp-content\/uploads\/2024\/11\/hotel-gran-foda-dolomiti-camera-singola.jpg\" alt=\"\" \/>\n\t\t\t\t\t\t\t\t\t<\/div>\n\t\t\t\t\t\t\t\t\t<div class=\"col-xl-4 col-lg-6 features-carousel-color order-lg-first order-last\">\n\t\t\t\t\t\t\t\t\t\t<div id=\"features-carousel-69fa2e0f2b84e\" class=\"features-slider carousel slide\" data-bs-ride=\"carousel\" data-bs-interval=\"10000\">\n\t\t\t\t\t\t\t\t\t\t\t<div class=\"carousel-inner feature-carousel-inner\">\n\t\t\t\t\t\t\t\t\t\t\t\t<div data-index=\"0\" class=\"features-item carousel-item item active p-lg-5 p-3\">\n\t\t\t\t\t\t\t<div class=\"features-item-table\">\n\t\t\t\t\t\t\t\t<span class=\"features-item-table-item\">\n\t\t\t\t\t\t\t\t\t<h2 class=\"deco-title mb-2\"><span class=\"deco-eylet\">Zimmer<\/span><span>Einzelzimmer<\/span><\/h2>\n\t\t\t\t\t\t\t\t\t<div class=\"features-item-text\">Unser einladendes und gepflegtes Einzelzimmer ist ideal f\u00fcr Alleinreisende, die Komfort und Ruhe suchen. Es verf\u00fcgt \u00fcber ein franz\u00f6sisches Bett (140 x 200 cm) und M\u00f6bel aus massivem, ged\u00e4mpftem Tannenholz sowie rustikalen Eichenboden. Das Kopfteil ist mit Loden bezogen, die Polsterung aus Zirbenholz, das f\u00fcr seinen nat\u00fcrlichen Duft und seine entspannende Wirkung gesch\u00e4tzt wird.\nDas Zimmer ist nach Norden ausgerichtet, mit Blick auf den Kronplatz und einer ruhigen Atmosph\u00e4re, perfekt zum Ausruhen.<\/div>\n\t\t\t\t\t\t\t\t\t\n\t\t\t\t\t\t\t\t\t<div class=\"button-wrapper\"><a class=\"btn btn-default inverted\" href=\"https:\/\/www.simplebooking.it\/ibe\/search?hid=9416&lang=de&_gl=1*1pnak1r*_gcl_au*ODkxNjc3MTMxLjE3MTE1Mjg5NTg.*_ga*MTU4MzYyODE1NC4xNzEwMzM5MjI3*_ga_F6GESYL6T8*MTcxNDM4MzI0MC4xNi4xLjE3MTQzODU0NDIuNjAuMC4yNDk1MTA1NTM.\" title=\"Nehmen Sie Platz\">Nehmen Sie Platz<\/a><\/div>\n\t\t\t\t\t\t\t\t<\/span>\n\t\t\t\t\t\t\t<\/div>\n\t\t\t\t\t\t<\/div>\n\t\t\t\t\t\t\t\t\t\t\t<\/div>\n\t\t\t\t\t\t\t\t\t\t\t\n\t\t\t\t\t\t\t\t\t\t<\/div>\t\t\t\t\t\t\t\t\t\n\t\t\t\t\t\t\t\t\t<\/div>\n\t\t\t\t\t\t\t\t<\/div>\n\t\t\t\t\t\t\t<\/div>\n\t\t\t\t\t\t<\/div>[\/vc_column][\/vc_row][vc_row full_width=&#8221;stretch_row_content_no_spaces&#8221; gap=&#8221;10&#8243; css=&#8221;.vc_custom_1744292166204{padding-top: 2em !important;padding-bottom: 1em !important;}&#8221;][vc_column width=&#8221;1\/2&#8243;]<div id=\"block-69fa2e0f2bd91\" aria-labelledby=\"block-69fa2e0f2bd91-label\" class=\"block-wrapper aspect-image centro \" style=\"background-image:url('https:\/\/www.granfoda.it\/wp-content\/uploads\/2025\/03\/piatti_GF_03-683x1024.jpg'); aspect-ratio: 16 \/ 9\">\t\t<div class=\"block-wrapper-content\">\t\t<div class=\"block-wrapper-text\" style=\"vertical-align:middle;\">\t\t\t\t\t\t<h2 id=\"block-69fa2e0f2bd91-label\" class=\"deco-title mb-4 text-white\"><span class=\"deco-eylet\">So schmeckt unsere Region<\/span>Essen und Wein<\/h2>\t\t\t\t\t\t<a class=\"btn btn-default btn-lg\" href=\"\/de\/essen-und-wein\/\">Finde mehr heraus<\/a>\t\t<\/div>\t<\/div><\/div>[\/vc_column][vc_column width=&#8221;1\/2&#8243;]<div id=\"block-69fa2e0f2c049\" aria-labelledby=\"block-69fa2e0f2c049-label\" class=\"block-wrapper aspect-image centro \" style=\"background-image:url('https:\/\/www.granfoda.it\/wp-content\/uploads\/2025\/03\/AC_GF_20-1024x683.jpg'); aspect-ratio: 16 \/ 9\">\t\t<div class=\"block-wrapper-content\">\t\t<div class=\"block-wrapper-text\" style=\"vertical-align:middle;\">\t\t\t\t\t\t<h2 id=\"block-69fa2e0f2c049-label\" class=\"deco-title mb-4 text-white\"><span class=\"deco-eylet\">Unsere Nachbarn<\/span>Abenteuer und Kultur<\/h2>\t\t\t\t\t\t<a class=\"btn btn-default btn-lg\" href=\"\/de\/abenteuer-und-kultur\/\">Finde mehr heraus<\/a>\t\t<\/div>\t<\/div><\/div>[\/vc_column][\/vc_row]<\/p>\n<\/div>","protected":false},"excerpt":{"rendered":"<p>Unsere Zimmer sind eine Einladung zum Loslassen, um gl\u00fcckliche Momente inmitten einer traumhaften Landschaft zu genie\u00dfen.<\/p>\n","protected":false},"author":1,"featured_media":9054,"parent":0,"menu_order":0,"comment_status":"closed","ping_status":"closed","template":"","meta":{"_acf_changed":false,"rs_blank_template":"","rs_page_bg_color":"","slide_template_v7":"","footnotes":""},"class_list":["post-576","page","type-page","status-publish","has-post-thumbnail","hentry"],"acf":[],"yoast_head":"<!-- This site is optimized with the Yoast SEO plugin v27.5 - https:\/\/yoast.com\/product\/yoast-seo-wordpress\/ -->\n<title>Zimmer - Naturhotel S\u00fcdtirol | Alpine Hotel Gran Fod\u00e0<\/title>\n<meta name=\"description\" content=\"Entdecken Sie die Bio Zimmer: moderne mit Panoramablick auf die Dolomiten. Buchen Sie jetzt Ihren Aufenthalt! | Bio Alpine Hotel Gran Fod\u00e0\" \/>\n<meta name=\"robots\" content=\"index, follow, max-snippet:-1, max-image-preview:large, max-video-preview:-1\" \/>\n<link rel=\"canonical\" href=\"https:\/\/www.granfoda.it\/de\/zimmer\/\" \/>\n<meta property=\"og:locale\" content=\"de_DE\" \/>\n<meta property=\"og:type\" content=\"article\" \/>\n<meta property=\"og:title\" content=\"Zimmer - Naturhotel S\u00fcdtirol | Alpine Hotel Gran Fod\u00e0\" \/>\n<meta property=\"og:description\" content=\"Entdecken Sie die Bio Zimmer: moderne mit Panoramablick auf die Dolomiten. Buchen Sie jetzt Ihren Aufenthalt! | Bio Alpine Hotel Gran Fod\u00e0\" \/>\n<meta property=\"og:url\" content=\"https:\/\/www.granfoda.it\/de\/zimmer\/\" \/>\n<meta property=\"og:site_name\" content=\"Bio Alpine Hotel Gran Fod\u00e0\" \/>\n<meta property=\"article:publisher\" content=\"https:\/\/www.facebook.com\/HotelGranFoda\" \/>\n<meta property=\"article:modified_time\" content=\"2026-03-23T11:19:27+00:00\" \/>\n<meta property=\"og:image\" content=\"https:\/\/www.granfoda.it\/wp-content\/uploads\/2025\/10\/3-1024x576.png\" \/>\n\t<meta property=\"og:image:width\" content=\"1024\" \/>\n\t<meta property=\"og:image:height\" content=\"576\" \/>\n\t<meta property=\"og:image:type\" content=\"image\/png\" \/>\n<meta name=\"twitter:card\" content=\"summary_large_image\" \/>\n<meta name=\"twitter:label1\" content=\"Gesch\u00e4tzte Lesezeit\" \/>\n\t<meta name=\"twitter:data1\" content=\"6\u00a0Minuten\" \/>\n<!-- \/ Yoast SEO plugin. -->","yoast_head_json":{"title":"Zimmer - Naturhotel S\u00fcdtirol | Alpine Hotel Gran Fod\u00e0","description":"Entdecken Sie die Bio Zimmer: moderne mit Panoramablick auf die Dolomiten. Buchen Sie jetzt Ihren Aufenthalt! | Bio Alpine Hotel Gran Fod\u00e0","robots":{"index":"index","follow":"follow","max-snippet":"max-snippet:-1","max-image-preview":"max-image-preview:large","max-video-preview":"max-video-preview:-1"},"canonical":"https:\/\/www.granfoda.it\/de\/zimmer\/","og_locale":"de_DE","og_type":"article","og_title":"Zimmer - Naturhotel S\u00fcdtirol | Alpine Hotel Gran Fod\u00e0","og_description":"Entdecken Sie die Bio Zimmer: moderne mit Panoramablick auf die Dolomiten. Buchen Sie jetzt Ihren Aufenthalt! | Bio Alpine Hotel Gran Fod\u00e0","og_url":"https:\/\/www.granfoda.it\/de\/zimmer\/","og_site_name":"Bio Alpine Hotel Gran Fod\u00e0","article_publisher":"https:\/\/www.facebook.com\/HotelGranFoda","article_modified_time":"2026-03-23T11:19:27+00:00","og_image":[{"width":1024,"height":576,"url":"https:\/\/www.granfoda.it\/wp-content\/uploads\/2025\/10\/3-1024x576.png","type":"image\/png"}],"twitter_card":"summary_large_image","twitter_misc":{"Gesch\u00e4tzte Lesezeit":"6\u00a0Minuten"},"schema":{"@context":"https:\/\/schema.org","@graph":[{"@type":"WebPage","@id":"https:\/\/www.granfoda.it\/de\/zimmer\/","url":"https:\/\/www.granfoda.it\/de\/zimmer\/","name":"Zimmer - Naturhotel S\u00fcdtirol | Alpine Hotel Gran Fod\u00e0","isPartOf":{"@id":"https:\/\/www.granfoda.it\/de\/#website"},"primaryImageOfPage":{"@id":"https:\/\/www.granfoda.it\/de\/zimmer\/#primaryimage"},"image":{"@id":"https:\/\/www.granfoda.it\/de\/zimmer\/#primaryimage"},"thumbnailUrl":"https:\/\/www.granfoda.it\/wp-content\/uploads\/2025\/10\/3.png","datePublished":"2023-11-21T14:01:29+00:00","dateModified":"2026-03-23T11:19:27+00:00","description":"Entdecken Sie die Bio Zimmer: moderne mit Panoramablick auf die Dolomiten. Buchen Sie jetzt Ihren Aufenthalt! | Bio Alpine Hotel Gran Fod\u00e0","breadcrumb":{"@id":"https:\/\/www.granfoda.it\/de\/zimmer\/#breadcrumb"},"inLanguage":"de","potentialAction":[{"@type":"ReadAction","target":["https:\/\/www.granfoda.it\/de\/zimmer\/"]}]},{"@type":"ImageObject","inLanguage":"de","@id":"https:\/\/www.granfoda.it\/de\/zimmer\/#primaryimage","url":"https:\/\/www.granfoda.it\/wp-content\/uploads\/2025\/10\/3.png","contentUrl":"https:\/\/www.granfoda.it\/wp-content\/uploads\/2025\/10\/3.png","width":1920,"height":1080},{"@type":"BreadcrumbList","@id":"https:\/\/www.granfoda.it\/de\/zimmer\/#breadcrumb","itemListElement":[{"@type":"ListItem","position":1,"name":"Home","item":"https:\/\/www.granfoda.it\/de\/"},{"@type":"ListItem","position":2,"name":"Zimmer"}]},{"@type":"WebSite","@id":"https:\/\/www.granfoda.it\/de\/#website","url":"https:\/\/www.granfoda.it\/de\/","name":"Alpine Hotel Gran Fod\u00e0","description":"La nostra casa ski in ski out a Plan de Corones","publisher":{"@id":"https:\/\/www.granfoda.it\/de\/#organization"},"alternateName":"Alpine Hotel Gran Fod\u00e0","potentialAction":[{"@type":"SearchAction","target":{"@type":"EntryPoint","urlTemplate":"https:\/\/www.granfoda.it\/de\/?s={search_term_string}"},"query-input":{"@type":"PropertyValueSpecification","valueRequired":true,"valueName":"search_term_string"}}],"inLanguage":"de"},{"@type":"Organization","@id":"https:\/\/www.granfoda.it\/de\/#organization","name":"Alpine Hotel Gran Fod\u00e0","url":"https:\/\/www.granfoda.it\/de\/","logo":{"@type":"ImageObject","inLanguage":"de","@id":"https:\/\/www.granfoda.it\/de\/#\/schema\/logo\/image\/","url":"https:\/\/www.granfoda.it\/wp-content\/uploads\/2024\/02\/alpine-hotel-gran-foda-logo-square.jpg","contentUrl":"https:\/\/www.granfoda.it\/wp-content\/uploads\/2024\/02\/alpine-hotel-gran-foda-logo-square.jpg","width":550,"height":550,"caption":"Alpine Hotel Gran Fod\u00e0"},"image":{"@id":"https:\/\/www.granfoda.it\/de\/#\/schema\/logo\/image\/"},"sameAs":["https:\/\/www.facebook.com\/HotelGranFoda","https:\/\/www.instagram.com\/alpinehotelgranfoda\/","https:\/\/www.youtube.com\/@GranFodaIta"]}]}},"_links":{"self":[{"href":"https:\/\/www.granfoda.it\/de\/wp-json\/wp\/v2\/pages\/576","targetHints":{"allow":["GET"]}}],"collection":[{"href":"https:\/\/www.granfoda.it\/de\/wp-json\/wp\/v2\/pages"}],"about":[{"href":"https:\/\/www.granfoda.it\/de\/wp-json\/wp\/v2\/types\/page"}],"author":[{"embeddable":true,"href":"https:\/\/www.granfoda.it\/de\/wp-json\/wp\/v2\/users\/1"}],"replies":[{"embeddable":true,"href":"https:\/\/www.granfoda.it\/de\/wp-json\/wp\/v2\/comments?post=576"}],"version-history":[{"count":29,"href":"https:\/\/www.granfoda.it\/de\/wp-json\/wp\/v2\/pages\/576\/revisions"}],"predecessor-version":[{"id":9741,"href":"https:\/\/www.granfoda.it\/de\/wp-json\/wp\/v2\/pages\/576\/revisions\/9741"}],"wp:featuredmedia":[{"embeddable":true,"href":"https:\/\/www.granfoda.it\/de\/wp-json\/wp\/v2\/media\/9054"}],"wp:attachment":[{"href":"https:\/\/www.granfoda.it\/de\/wp-json\/wp\/v2\/media?parent=576"}],"curies":[{"name":"wp","href":"https:\/\/api.w.org\/{rel}","templated":true}]}}