{"id":507,"date":"2024-02-16T09:05:02","date_gmt":"2024-02-16T08:05:02","guid":{"rendered":"https:\/\/www.granfoda.it\/impressum\/"},"modified":"2024-02-21T18:11:05","modified_gmt":"2024-02-21T17:11:05","slug":"impressum","status":"publish","type":"page","link":"https:\/\/www.granfoda.it\/de\/impressum\/","title":{"rendered":"Impressum"},"content":{"rendered":"<div class=\"wpb-content-wrapper\"><p>[vc_row full_width=&#8221;stretch_row&#8221; css=&#8221;.vc_custom_1708532436837{padding-top: 4em !important;padding-bottom: 4em !important;background-color: #ffffff !important;}&#8221;][vc_column]<h1 class=\"deco-title sinistra\">Alpine Hotel Gran Fod\u00e0<\/h1>[vc_column_text]Strada Furcia, 23<br \/>\n39030 &#8211; S. Vigilio di Marebbe, BZ<\/p>\n<p>E-mail: <a href=\"mailto:info@granfoda.it\">info@granfoda.it<\/a><br \/>\nTelefon: <a href=\"tel:+390474832007\">+39 0474 832007<\/a><br \/>\nVAT: IT01231580216[\/vc_column_text][vc_column_text]<\/p>\n<h2>Haftungsausschluss<\/h2>\n<p>Alpine Hotel Gran Fod\u00e0 bem\u00fcht sich, nach bestem Verm\u00f6gen daf\u00fcr Sorge zu tragen, dass die in diesem Internetauftritt enthaltenen Informationen zutreffend sind. Eine Haftung oder Garantie f\u00fcr die Aktualit\u00e4t, Richtigkeit und Vollst\u00e4ndigkeit der zur Verf\u00fcgung gestellten Informationen ist jedoch ausgeschlossen. Ferner ist Alpine Hotel Gran Fod\u00e0 srl f\u00fcr den Inhalt der \u00fcber Hyperlink extern verbundenen Internetauftritte nicht verantwortlich. Alpine Hotel Gran Fod\u00e0 beh\u00e4lt sich vor, ohne Ank\u00fcndigung, \u00c4nderungen oder Erg\u00e4nzungen der bereitgestellten Informationen vorzunehmen.[\/vc_column_text][vc_column_text]<\/p>\n<h2>Online-Streitbeilegung<\/h2>\n<p>Online-Streitbeilegung gem\u00e4\u00df EU-Verordnung Nr. Die Europ\u00e4ische Kommission stellt eine Plattform zur Online-Streitbeilegung (OS) bereit, die Sie unter dem Link <a href=\"https:\/\/ec.europa.eu\/consumers\/odr\/\" target=\"_blank\" rel=\"noopener\">https:\/\/ec.europa.eu\/consumers\/odr\/<\/a> finden. Verbraucher haben die M\u00f6glichkeit, diese Plattform f\u00fcr die Beilegung ihrer Streitigkeiten \u00fcber vertragliche Verpflichtungen aus Onlinekauf- oder online Dienstleistungsvertr\u00e4gen zu nutzen.[\/vc_column_text][vc_column_text]<\/p>\n<h2>Inhaber der Verarbeitung der pers\u00f6nlichen Daten<\/h2>\n<p>Der Inhaber der Verarbeitung der pers\u00f6nlichen Daten aus dem Zugriff auf die Website und deren Benutzung ist Hotel La Perla srl, Str. Col Alt 105, 39033 Corvara in Badia (BZ) \u2013 Italia. Verantwortlicher f\u00fcr den Datenschutz ist Hotel La Perla srl. Detaillierte Informationen \u00fcber die Modalit\u00e4ten der Verwaltung der Website in Bezug auf die Verarbeitung der pers\u00f6nlichen Daten derjenigen, die diese Website konsultieren, finden Sie unter dem Punkt Datenschutz[\/vc_column_text][vc_column_text]<\/p>\n<h2>Urheberrecht<\/h2>\n<p>Die Urheberrechte an den Inhalten der Website des Alpine Hotel Gran Fod\u00e0 sind gesch\u00fctzt. Das Layout der Homepage, die verwendeten Grafiken sowie die Inhalte des Internetauftritts von Hotel La Perla srl sind urheberrechtlich gesch\u00fctzt. Die Vervielf\u00e4ltigung von Informationen, insbesondere die Verwendung von Texten, Textteilen oder Bildmaterial bedarf der vorherigen schriftlichen Genehmigung von Hotel La Perla srl.[\/vc_column_text][\/vc_column][\/vc_row]<\/p>\n<\/div>","protected":false},"excerpt":{"rendered":"<p>[vc_row full_width=&#8221;stretch_row&#8221; css=&#8221;.vc_custom_1708532436837{padding-top: 4em !important;padding-bottom: 4em !important;background-color: #ffffff !important;}&#8221;][vc_column][vc_column_text]Strada Furcia, 23 39030 &#8211; S. Vigilio di Marebbe, BZ E-mail: info@granfoda.it Telefon: +39 0474 832007 VAT: IT01231580216[\/vc_column_text][vc_column_text] Haftungsausschluss Alpine Hotel Gran Fod\u00e0 bem\u00fcht sich, nach bestem Verm\u00f6gen daf\u00fcr Sorge zu tragen, dass die in diesem Internetauftritt enthaltenen Informationen zutreffend sind. Eine Haftung oder Garantie f\u00fcr die [&hellip;]<\/p>\n","protected":false},"author":1,"featured_media":0,"parent":0,"menu_order":0,"comment_status":"closed","ping_status":"closed","template":"","meta":{"_acf_changed":false,"rs_blank_template":"","rs_page_bg_color":"","slide_template_v7":"","footnotes":""},"class_list":["post-507","page","type-page","status-publish","hentry"],"acf":[],"yoast_head":"<!-- This site is optimized with the Yoast SEO plugin v27.5 - https:\/\/yoast.com\/product\/yoast-seo-wordpress\/ -->\n<title>Impressum - Bio Alpine Hotel Gran Fod\u00e0<\/title>\n<meta name=\"description\" content=\"Impressum su Bio Alpine Hotel Gran Fod\u00e0 - La nostra casa ski in ski out a Plan de Corones\" \/>\n<meta name=\"robots\" content=\"index, follow, max-snippet:-1, max-image-preview:large, max-video-preview:-1\" \/>\n<link rel=\"canonical\" href=\"https:\/\/www.granfoda.it\/de\/impressum\/\" \/>\n<meta property=\"og:locale\" content=\"de_DE\" \/>\n<meta property=\"og:type\" content=\"article\" \/>\n<meta property=\"og:title\" content=\"Impressum - Bio Alpine Hotel Gran Fod\u00e0\" \/>\n<meta property=\"og:description\" content=\"Impressum su Bio Alpine Hotel Gran Fod\u00e0 - La nostra casa ski in ski out a Plan de Corones\" \/>\n<meta property=\"og:url\" content=\"https:\/\/www.granfoda.it\/de\/impressum\/\" \/>\n<meta property=\"og:site_name\" content=\"Bio Alpine Hotel Gran Fod\u00e0\" \/>\n<meta property=\"article:publisher\" content=\"https:\/\/www.facebook.com\/HotelGranFoda\" \/>\n<meta property=\"article:modified_time\" content=\"2024-02-21T17:11:05+00:00\" \/>\n<meta property=\"og:image\" content=\"https:\/\/www.granfoda.it\/wp-content\/uploads\/2024\/02\/alpine-hotel-gran-foda-cover.jpg\" \/>\n\t<meta property=\"og:image:width\" content=\"1200\" \/>\n\t<meta property=\"og:image:height\" content=\"675\" \/>\n\t<meta property=\"og:image:type\" content=\"image\/jpeg\" \/>\n<meta name=\"twitter:card\" content=\"summary_large_image\" \/>\n<meta name=\"twitter:label1\" content=\"Gesch\u00e4tzte Lesezeit\" \/>\n\t<meta name=\"twitter:data1\" content=\"2\u00a0Minuten\" \/>\n<!-- \/ Yoast SEO plugin. -->","yoast_head_json":{"title":"Impressum - Bio Alpine Hotel Gran Fod\u00e0","description":"Impressum su Bio Alpine Hotel Gran Fod\u00e0 - La nostra casa ski in ski out a Plan de Corones","robots":{"index":"index","follow":"follow","max-snippet":"max-snippet:-1","max-image-preview":"max-image-preview:large","max-video-preview":"max-video-preview:-1"},"canonical":"https:\/\/www.granfoda.it\/de\/impressum\/","og_locale":"de_DE","og_type":"article","og_title":"Impressum - Bio Alpine Hotel Gran Fod\u00e0","og_description":"Impressum su Bio Alpine Hotel Gran Fod\u00e0 - La nostra casa ski in ski out a Plan de Corones","og_url":"https:\/\/www.granfoda.it\/de\/impressum\/","og_site_name":"Bio Alpine Hotel Gran Fod\u00e0","article_publisher":"https:\/\/www.facebook.com\/HotelGranFoda","article_modified_time":"2024-02-21T17:11:05+00:00","og_image":[{"width":1200,"height":675,"url":"https:\/\/www.granfoda.it\/wp-content\/uploads\/2024\/02\/alpine-hotel-gran-foda-cover.jpg","type":"image\/jpeg"}],"twitter_card":"summary_large_image","twitter_misc":{"Gesch\u00e4tzte Lesezeit":"2\u00a0Minuten"},"schema":{"@context":"https:\/\/schema.org","@graph":[{"@type":"WebPage","@id":"https:\/\/www.granfoda.it\/de\/impressum\/","url":"https:\/\/www.granfoda.it\/de\/impressum\/","name":"Impressum - Bio Alpine Hotel Gran Fod\u00e0","isPartOf":{"@id":"https:\/\/www.granfoda.it\/de\/#website"},"datePublished":"2024-02-16T08:05:02+00:00","dateModified":"2024-02-21T17:11:05+00:00","description":"Impressum su Bio Alpine Hotel Gran Fod\u00e0 - La nostra casa ski in ski out a Plan de Corones","breadcrumb":{"@id":"https:\/\/www.granfoda.it\/de\/impressum\/#breadcrumb"},"inLanguage":"de","potentialAction":[{"@type":"ReadAction","target":["https:\/\/www.granfoda.it\/de\/impressum\/"]}]},{"@type":"BreadcrumbList","@id":"https:\/\/www.granfoda.it\/de\/impressum\/#breadcrumb","itemListElement":[{"@type":"ListItem","position":1,"name":"Home","item":"https:\/\/www.granfoda.it\/de\/"},{"@type":"ListItem","position":2,"name":"Impressum"}]},{"@type":"WebSite","@id":"https:\/\/www.granfoda.it\/de\/#website","url":"https:\/\/www.granfoda.it\/de\/","name":"Alpine Hotel Gran Fod\u00e0","description":"La nostra casa ski in ski out a Plan de Corones","publisher":{"@id":"https:\/\/www.granfoda.it\/de\/#organization"},"alternateName":"Alpine Hotel Gran Fod\u00e0","potentialAction":[{"@type":"SearchAction","target":{"@type":"EntryPoint","urlTemplate":"https:\/\/www.granfoda.it\/de\/?s={search_term_string}"},"query-input":{"@type":"PropertyValueSpecification","valueRequired":true,"valueName":"search_term_string"}}],"inLanguage":"de"},{"@type":"Organization","@id":"https:\/\/www.granfoda.it\/de\/#organization","name":"Alpine Hotel Gran Fod\u00e0","url":"https:\/\/www.granfoda.it\/de\/","logo":{"@type":"ImageObject","inLanguage":"de","@id":"https:\/\/www.granfoda.it\/de\/#\/schema\/logo\/image\/","url":"https:\/\/www.granfoda.it\/wp-content\/uploads\/2024\/02\/alpine-hotel-gran-foda-logo-square.jpg","contentUrl":"https:\/\/www.granfoda.it\/wp-content\/uploads\/2024\/02\/alpine-hotel-gran-foda-logo-square.jpg","width":550,"height":550,"caption":"Alpine Hotel Gran Fod\u00e0"},"image":{"@id":"https:\/\/www.granfoda.it\/de\/#\/schema\/logo\/image\/"},"sameAs":["https:\/\/www.facebook.com\/HotelGranFoda","https:\/\/www.instagram.com\/alpinehotelgranfoda\/","https:\/\/www.youtube.com\/@GranFodaIta"]}]}},"_links":{"self":[{"href":"https:\/\/www.granfoda.it\/de\/wp-json\/wp\/v2\/pages\/507","targetHints":{"allow":["GET"]}}],"collection":[{"href":"https:\/\/www.granfoda.it\/de\/wp-json\/wp\/v2\/pages"}],"about":[{"href":"https:\/\/www.granfoda.it\/de\/wp-json\/wp\/v2\/types\/page"}],"author":[{"embeddable":true,"href":"https:\/\/www.granfoda.it\/de\/wp-json\/wp\/v2\/users\/1"}],"replies":[{"embeddable":true,"href":"https:\/\/www.granfoda.it\/de\/wp-json\/wp\/v2\/comments?post=507"}],"version-history":[{"count":2,"href":"https:\/\/www.granfoda.it\/de\/wp-json\/wp\/v2\/pages\/507\/revisions"}],"predecessor-version":[{"id":509,"href":"https:\/\/www.granfoda.it\/de\/wp-json\/wp\/v2\/pages\/507\/revisions\/509"}],"wp:attachment":[{"href":"https:\/\/www.granfoda.it\/de\/wp-json\/wp\/v2\/media?parent=507"}],"curies":[{"name":"wp","href":"https:\/\/api.w.org\/{rel}","templated":true}]}}