{"id":4357,"date":"2024-06-19T10:10:14","date_gmt":"2024-06-19T08:10:14","guid":{"rendered":"https:\/\/web.granfoda.it\/jahreszeiten\/winter\/"},"modified":"2026-03-05T14:51:05","modified_gmt":"2026-03-05T13:51:05","slug":"winter","status":"publish","type":"page","link":"https:\/\/www.granfoda.it\/de\/jahreszeiten\/winter\/","title":{"rendered":"Winter"},"content":{"rendered":"<div class=\"wpb-content-wrapper\"><p>[vc_row full_width=&#8221;stretch_row&#8221; content_placement=&#8221;middle&#8221; css=&#8221;.vc_custom_1744797565876{padding-top: 4em !important;padding-bottom: 4em !important;background-image: url(https:\/\/www.granfoda.it\/wp-content\/uploads\/2025\/04\/stagioni-gran-foda-albergo-plan-de-corones-inverno-3-1.jpg?id=4133) !important;background-position: center !important;background-repeat: no-repeat !important;background-size: cover !important;}&#8221;][vc_column css_animation=&#8221;left-to-right&#8221; width=&#8221;1\/4&#8243; offset=&#8221;vc_col-md-offset-0 vc_col-xs-offset-1 vc_col-xs-10&#8243; el_class=&#8221;order-lg-first order-last&#8221;][\/vc_column][vc_column width=&#8221;1\/2&#8243; css=&#8221;.vc_custom_1714398387900{padding-top: 4em !important;padding-right: 2em !important;padding-bottom: 4em !important;padding-left: 2em !important;background-color: #ffffff !important;}&#8221;]<h2 class=\"deco-title centro with-eylet\"><span class=\"deco-eylet\">Ein Mantel aus Schnee, der zum Tr\u00e4umen einl\u00e4dt<\/span> Winter<\/h2>[vc_column_text css=&#8221;&#8221;]<\/p>\n<p style=\"text-align: center;\">Im Winter h\u00fcllen sich die Dolomiten in <strong>Wei\u00df<\/strong> und schaffen eine verzauberte Atmosph\u00e4re, die wie aus einem M\u00e4rchen zu stammen scheint. San Vigilio di Marebbe, nur wenige Schritte von den Pisten des <strong>Plan de Corones<\/strong> entfernt, ist der ideale Ausgangspunkt f\u00fcr <strong>Ski<\/strong>&#8211; und <strong>Snowboard<\/strong>-Liebhaber. Was das Erlebnis noch exklusiver macht, ist unsere Lage direkt auf den Pisten des Plan de Corones, perfekt f\u00fcr alle, die die <strong>Berge<\/strong> in ihrer vollen Sch\u00f6nheit erleben m\u00f6chten.<\/p>\n<p>[\/vc_column_text]<div class=\"button-wrapper centro\"><a class=\"btn btn-default inverted\"  href=\"https:\/\/www.simplebooking.it\/ibe\/search?hid=9416&lang=DE\" target=\"_blank\" title=\"Ein Zimmer buchen\">Nimm Platz<\/a><\/div>[\/vc_column][vc_column width=&#8221;1\/4&#8243;][\/vc_column][\/vc_row][vc_row content_placement=&#8221;middle&#8221; css=&#8221;.vc_custom_1744295463384{padding-top: 5em !important;padding-bottom: 5em !important;}&#8221;][vc_column css_animation=&#8221;left-to-right&#8221; offset=&#8221;vc_col-md-6&#8243; el_class=&#8221;order-lg-first order-last&#8221;]<div id=\"carousel-69d2d26542fdd\" class=\"carousel slide carousel-fade aspect-image\" data-delta=\"1.7777777777778\" data-bs-ride=\"carousel\" style=\"aspect-ratio:16 \/ 9;\">\n\t\t\t\t\t\t\n\t\t\t\t\t\t<div class=\"carousel-indicators\">\n\t\t\t\t\t\t\t<button type=\"button\" data-bs-target=\"#carousel-69d2d26542fdd\" data-bs-slide-to=\"0\" class=\"active\" aria-current=\"true\" aria-label=\"Slide 1\"><\/button>\n<button type=\"button\" data-bs-target=\"#carousel-69d2d26542fdd\" data-bs-slide-to=\"1\"  aria-current=\"true\" aria-label=\"Slide 2\"><\/button>\n<button type=\"button\" data-bs-target=\"#carousel-69d2d26542fdd\" data-bs-slide-to=\"2\"  aria-current=\"true\" aria-label=\"Slide 3\"><\/button>\n<button type=\"button\" data-bs-target=\"#carousel-69d2d26542fdd\" data-bs-slide-to=\"3\"  aria-current=\"true\" aria-label=\"Slide 4\"><\/button>\n\t\t\t\t\t\t<\/div>\n\t\t\t\t\t\t\n\t\t\t\t\t\t<div class=\"carousel-inner\">\n\t\t\t\t\t\t\t<div class=\"carousel-item active\">\n\t\t\t\t\t\t<div class=\"slide slide-0\" style=\"background-image:url('https:\/\/www.granfoda.it\/wp-content\/uploads\/2025\/04\/stagioni-gran-foda-albergo-plan-de-corones-inverno-4.jpg')\" >\n\t\t\t\t\t\t\t<img loading=\"lazy\" decoding=\"async\" width=\"1024\" height=\"683\" src=\"https:\/\/www.granfoda.it\/wp-content\/uploads\/2025\/04\/stagioni-gran-foda-albergo-plan-de-corones-inverno-4-1024x683.jpg\" class=\"attachment-large size-large\" alt=\"\" srcset=\"https:\/\/www.granfoda.it\/wp-content\/uploads\/2025\/04\/stagioni-gran-foda-albergo-plan-de-corones-inverno-4-1024x683.jpg 1024w, https:\/\/www.granfoda.it\/wp-content\/uploads\/2025\/04\/stagioni-gran-foda-albergo-plan-de-corones-inverno-4-300x200.jpg 300w, https:\/\/www.granfoda.it\/wp-content\/uploads\/2025\/04\/stagioni-gran-foda-albergo-plan-de-corones-inverno-4-768x512.jpg 768w, https:\/\/www.granfoda.it\/wp-content\/uploads\/2025\/04\/stagioni-gran-foda-albergo-plan-de-corones-inverno-4.jpg 1500w\" sizes=\"auto, (max-width: 1024px) 100vw, 1024px\" \/>\n\t\t\t\t\t\t<\/div>\n\t\t\t\t\t<\/div>\n<div class=\"carousel-item\">\n\t\t\t\t\t\t<div class=\"slide slide-1\" style=\"background-image:url('https:\/\/www.granfoda.it\/wp-content\/uploads\/2025\/04\/stagioni-gran-foda-albergo-plan-de-corones-inverno-1.jpg')\" >\n\t\t\t\t\t\t\t<img loading=\"lazy\" decoding=\"async\" width=\"768\" height=\"1024\" src=\"https:\/\/www.granfoda.it\/wp-content\/uploads\/2025\/04\/stagioni-gran-foda-albergo-plan-de-corones-inverno-1-768x1024.jpg\" class=\"attachment-large size-large\" alt=\"\" srcset=\"https:\/\/www.granfoda.it\/wp-content\/uploads\/2025\/04\/stagioni-gran-foda-albergo-plan-de-corones-inverno-1-768x1024.jpg 768w, https:\/\/www.granfoda.it\/wp-content\/uploads\/2025\/04\/stagioni-gran-foda-albergo-plan-de-corones-inverno-1-225x300.jpg 225w, https:\/\/www.granfoda.it\/wp-content\/uploads\/2025\/04\/stagioni-gran-foda-albergo-plan-de-corones-inverno-1.jpg 1125w\" sizes=\"auto, (max-width: 768px) 100vw, 768px\" \/>\n\t\t\t\t\t\t<\/div>\n\t\t\t\t\t<\/div>\n<div class=\"carousel-item\">\n\t\t\t\t\t\t<div class=\"slide slide-2\" style=\"background-image:url('https:\/\/www.granfoda.it\/wp-content\/uploads\/2025\/04\/stagioni-gran-foda-albergo-plan-de-corones-inverno-2.jpg')\" >\n\t\t\t\t\t\t\t<img loading=\"lazy\" decoding=\"async\" width=\"1024\" height=\"683\" src=\"https:\/\/www.granfoda.it\/wp-content\/uploads\/2025\/04\/stagioni-gran-foda-albergo-plan-de-corones-inverno-2-1024x683.jpg\" class=\"attachment-large size-large\" alt=\"\" srcset=\"https:\/\/www.granfoda.it\/wp-content\/uploads\/2025\/04\/stagioni-gran-foda-albergo-plan-de-corones-inverno-2-1024x683.jpg 1024w, https:\/\/www.granfoda.it\/wp-content\/uploads\/2025\/04\/stagioni-gran-foda-albergo-plan-de-corones-inverno-2-300x200.jpg 300w, https:\/\/www.granfoda.it\/wp-content\/uploads\/2025\/04\/stagioni-gran-foda-albergo-plan-de-corones-inverno-2-768x512.jpg 768w, https:\/\/www.granfoda.it\/wp-content\/uploads\/2025\/04\/stagioni-gran-foda-albergo-plan-de-corones-inverno-2.jpg 1500w\" sizes=\"auto, (max-width: 1024px) 100vw, 1024px\" \/>\n\t\t\t\t\t\t<\/div>\n\t\t\t\t\t<\/div>\n<div class=\"carousel-item\">\n\t\t\t\t\t\t<div class=\"slide slide-3\" style=\"background-image:url('https:\/\/www.granfoda.it\/wp-content\/uploads\/2025\/04\/stagioni-gran-foda-albergo-plan-de-corones-inverno-3.jpg')\" >\n\t\t\t\t\t\t\t<img loading=\"lazy\" decoding=\"async\" width=\"1024\" height=\"683\" src=\"https:\/\/www.granfoda.it\/wp-content\/uploads\/2025\/04\/stagioni-gran-foda-albergo-plan-de-corones-inverno-3-1024x683.jpg\" class=\"attachment-large size-large\" alt=\"\" srcset=\"https:\/\/www.granfoda.it\/wp-content\/uploads\/2025\/04\/stagioni-gran-foda-albergo-plan-de-corones-inverno-3-1024x683.jpg 1024w, https:\/\/www.granfoda.it\/wp-content\/uploads\/2025\/04\/stagioni-gran-foda-albergo-plan-de-corones-inverno-3-300x200.jpg 300w, https:\/\/www.granfoda.it\/wp-content\/uploads\/2025\/04\/stagioni-gran-foda-albergo-plan-de-corones-inverno-3-768x512.jpg 768w, https:\/\/www.granfoda.it\/wp-content\/uploads\/2025\/04\/stagioni-gran-foda-albergo-plan-de-corones-inverno-3.jpg 1500w\" sizes=\"auto, (max-width: 1024px) 100vw, 1024px\" \/>\n\t\t\t\t\t\t<\/div>\n\t\t\t\t\t<\/div>\n\t\t\t\t\t\t<\/div>\n\t\t\t\t\t\t\n\t\t\t\t\t<\/div>[\/vc_column][vc_column css_animation=&#8221;right-to-left&#8221; width=&#8221;5\/6&#8243; offset=&#8221;vc_col-md-offset-0 vc_col-md-6 vc_col-xs-offset-1 vc_col-xs-10&#8243; css=&#8221;.vc_custom_1715182995405{padding-top: 2em !important;}&#8221; el_class=&#8221;order-lg-last order-first&#8221;]<h1 class=\"deco-title sinistra with-eylet\"><span class=\"deco-eylet\">Winter<\/span> In der reinsten Natur<\/h1>[vc_column_text css=&#8221;&#8221;]Aber der Winter in den Dolomiten bietet mehr als nur Sport: Es ist auch die perfekte Zeit, um die Ruhe der verschneiten Landschaften zu genie\u00dfen, Schneeschuhwanderungen zu unternehmen, sich vom Rhythmus einer Pferdeschlittenfahrt wiegen zu lassen oder einfach in einer<strong> Bergh\u00fctte<\/strong> zu entspannen, umgeben von der reinsten Natur.[\/vc_column_text]<div class=\"button-wrapper sinistra\"><a class=\"btn btn-default\"  href=\"https:\/\/www.simplebooking.it\/ibe\/search?hid=9416&lang=DE\" target=\"_blank\" title=\"Ein Zimmer buchen\">Nimm Platz<\/a><\/div>[\/vc_column][\/vc_row][vc_row full_width=&#8221;stretch_row_content_no_spaces&#8221; gap=&#8221;10&#8243; css=&#8221;.vc_custom_1744300551154{padding-bottom: 1em !important;}&#8221;][vc_column width=&#8221;1\/2&#8243;]<div id=\"block-69d2d26543d37\" aria-labelledby=\"block-69d2d26543d37-label\" class=\"block-wrapper aspect-image centro \" style=\"background-image:url('https:\/\/www.granfoda.it\/wp-content\/uploads\/2025\/04\/stagioni-gran-foda-albergo-plan-de-corones-inverno-4-1024x683.jpg'); aspect-ratio: 16 \/ 9\">\t\t<div class=\"block-wrapper-content\">\t\t<div class=\"block-wrapper-text\" style=\"vertical-align:middle;\">\t\t\t\t\t\t<h2 id=\"block-69d2d26543d37-label\" class=\"deco-title mb-4 text-white\"><span class=\"deco-eylet\">Abenteuer und Kultur<\/span>Der Berg<\/h2>\t\t\t\t\t\t<a class=\"btn btn-default btn-lg\" href=\"\/de\/abenteuer-und-kultur\/der-berg\/\">Finde mehr heraus<\/a>\t\t<\/div>\t<\/div><\/div>[\/vc_column][vc_column width=&#8221;1\/2&#8243;]<div id=\"block-69d2d2654408e\" aria-labelledby=\"block-69d2d2654408e-label\" class=\"block-wrapper aspect-image centro \" style=\"background-image:url('https:\/\/www.granfoda.it\/wp-content\/uploads\/2024\/09\/inverno-gran-foda-plan-corones-2-37-1024x467.jpg'); aspect-ratio: 16 \/ 9\">\t\t<div class=\"block-wrapper-content\">\t\t<div class=\"block-wrapper-text\" style=\"vertical-align:middle;\">\t\t\t\t\t\t<h2 id=\"block-69d2d2654408e-label\" class=\"deco-title mb-4 text-white\"><span class=\"deco-eylet\">Abenteuer und Kultur<\/span>Sport<\/h2>\t\t\t\t\t\t<a class=\"btn btn-default btn-lg\" href=\"\/de\/abenteuer-und-kultur\/sport\/\">Finde mehr heraus<\/a>\t\t<\/div>\t<\/div><\/div>[\/vc_column][\/vc_row]<\/p>\n<\/div>","protected":false},"excerpt":{"rendered":"<p>[vc_row full_width=&#8221;stretch_row&#8221; content_placement=&#8221;middle&#8221; css=&#8221;.vc_custom_1744797565876{padding-top: 4em !important;padding-bottom: 4em !important;background-image: url(https:\/\/www.granfoda.it\/wp-content\/uploads\/2025\/04\/stagioni-gran-foda-albergo-plan-de-corones-inverno-3-1.jpg?id=4133) !important;background-position: center !important;background-repeat: no-repeat !important;background-size: cover !important;}&#8221;][vc_column css_animation=&#8221;left-to-right&#8221; width=&#8221;1\/4&#8243; offset=&#8221;vc_col-md-offset-0 vc_col-xs-offset-1 vc_col-xs-10&#8243; el_class=&#8221;order-lg-first order-last&#8221;][\/vc_column][vc_column width=&#8221;1\/2&#8243; css=&#8221;.vc_custom_1714398387900{padding-top: 4em !important;padding-right: 2em !important;padding-bottom: 4em !important;padding-left: 2em !important;background-color: #ffffff !important;}&#8221;][vc_column_text css=&#8221;&#8221;] Im Winter h\u00fcllen sich die Dolomiten in Wei\u00df und schaffen eine verzauberte Atmosph\u00e4re, die wie aus einem M\u00e4rchen zu [&hellip;]<\/p>\n","protected":false},"author":1,"featured_media":1350,"parent":4245,"menu_order":1,"comment_status":"closed","ping_status":"closed","template":"","meta":{"_acf_changed":false,"footnotes":""},"class_list":["post-4357","page","type-page","status-publish","has-post-thumbnail","hentry"],"acf":[],"yoast_head":"<!-- This site is optimized with the Yoast SEO plugin v27.3 - https:\/\/yoast.com\/product\/yoast-seo-wordpress\/ -->\n<title>Nachhaltiger Winter Urlaub | Bio Alpine Hotel Gran Fod\u00e0<\/title>\n<meta name=\"description\" content=\"Erleben Sie den Winter in einem Naturhotel in den Dolomiten, hier ist Naturberbundenheit garantiert | Bio Alpine Hotel Gran Fod\u00e0\" \/>\n<meta name=\"robots\" content=\"index, follow, max-snippet:-1, max-image-preview:large, max-video-preview:-1\" \/>\n<link rel=\"canonical\" href=\"https:\/\/www.granfoda.it\/de\/jahreszeiten\/winter\/\" \/>\n<meta property=\"og:locale\" content=\"de_DE\" \/>\n<meta property=\"og:type\" content=\"article\" \/>\n<meta property=\"og:title\" content=\"Nachhaltiger Winter Urlaub | Bio Alpine Hotel Gran Fod\u00e0\" \/>\n<meta property=\"og:description\" content=\"Erleben Sie den Winter in einem Naturhotel in den Dolomiten, hier ist Naturberbundenheit garantiert | Bio Alpine Hotel Gran Fod\u00e0\" \/>\n<meta property=\"og:url\" content=\"https:\/\/www.granfoda.it\/de\/jahreszeiten\/winter\/\" \/>\n<meta property=\"og:site_name\" content=\"Bio Alpine Hotel Gran Fod\u00e0\" \/>\n<meta property=\"article:publisher\" content=\"https:\/\/www.facebook.com\/HotelGranFoda\" \/>\n<meta property=\"article:modified_time\" content=\"2026-03-05T13:51:05+00:00\" \/>\n<meta property=\"og:image\" content=\"https:\/\/www.granfoda.it\/wp-content\/uploads\/2024\/06\/gran-foda-2.1-panorama-RID.jpg\" \/>\n\t<meta property=\"og:image:width\" content=\"1920\" \/>\n\t<meta property=\"og:image:height\" content=\"874\" \/>\n\t<meta property=\"og:image:type\" content=\"image\/jpeg\" \/>\n<meta name=\"twitter:card\" content=\"summary_large_image\" \/>\n<meta name=\"twitter:label1\" content=\"Gesch\u00e4tzte Lesezeit\" \/>\n\t<meta name=\"twitter:data1\" content=\"2\u00a0Minuten\" \/>\n<!-- \/ Yoast SEO plugin. -->","yoast_head_json":{"title":"Nachhaltiger Winter Urlaub | Bio Alpine Hotel Gran Fod\u00e0","description":"Erleben Sie den Winter in einem Naturhotel in den Dolomiten, hier ist Naturberbundenheit garantiert | Bio Alpine Hotel Gran Fod\u00e0","robots":{"index":"index","follow":"follow","max-snippet":"max-snippet:-1","max-image-preview":"max-image-preview:large","max-video-preview":"max-video-preview:-1"},"canonical":"https:\/\/www.granfoda.it\/de\/jahreszeiten\/winter\/","og_locale":"de_DE","og_type":"article","og_title":"Nachhaltiger Winter Urlaub | Bio Alpine Hotel Gran Fod\u00e0","og_description":"Erleben Sie den Winter in einem Naturhotel in den Dolomiten, hier ist Naturberbundenheit garantiert | Bio Alpine Hotel Gran Fod\u00e0","og_url":"https:\/\/www.granfoda.it\/de\/jahreszeiten\/winter\/","og_site_name":"Bio Alpine Hotel Gran Fod\u00e0","article_publisher":"https:\/\/www.facebook.com\/HotelGranFoda","article_modified_time":"2026-03-05T13:51:05+00:00","og_image":[{"width":1920,"height":874,"url":"https:\/\/www.granfoda.it\/wp-content\/uploads\/2024\/06\/gran-foda-2.1-panorama-RID.jpg","type":"image\/jpeg"}],"twitter_card":"summary_large_image","twitter_misc":{"Gesch\u00e4tzte Lesezeit":"2\u00a0Minuten"},"schema":{"@context":"https:\/\/schema.org","@graph":[{"@type":"WebPage","@id":"https:\/\/www.granfoda.it\/de\/jahreszeiten\/winter\/","url":"https:\/\/www.granfoda.it\/de\/jahreszeiten\/winter\/","name":"Nachhaltiger Winter Urlaub | Bio Alpine Hotel Gran Fod\u00e0","isPartOf":{"@id":"https:\/\/www.granfoda.it\/de\/#website"},"primaryImageOfPage":{"@id":"https:\/\/www.granfoda.it\/de\/jahreszeiten\/winter\/#primaryimage"},"image":{"@id":"https:\/\/www.granfoda.it\/de\/jahreszeiten\/winter\/#primaryimage"},"thumbnailUrl":"https:\/\/www.granfoda.it\/wp-content\/uploads\/2024\/06\/gran-foda-2.1-panorama-RID.jpg","datePublished":"2024-06-19T08:10:14+00:00","dateModified":"2026-03-05T13:51:05+00:00","description":"Erleben Sie den Winter in einem Naturhotel in den Dolomiten, hier ist Naturberbundenheit garantiert | Bio Alpine Hotel Gran Fod\u00e0","breadcrumb":{"@id":"https:\/\/www.granfoda.it\/de\/jahreszeiten\/winter\/#breadcrumb"},"inLanguage":"de","potentialAction":[{"@type":"ReadAction","target":["https:\/\/www.granfoda.it\/de\/jahreszeiten\/winter\/"]}]},{"@type":"ImageObject","inLanguage":"de","@id":"https:\/\/www.granfoda.it\/de\/jahreszeiten\/winter\/#primaryimage","url":"https:\/\/www.granfoda.it\/wp-content\/uploads\/2024\/06\/gran-foda-2.1-panorama-RID.jpg","contentUrl":"https:\/\/www.granfoda.it\/wp-content\/uploads\/2024\/06\/gran-foda-2.1-panorama-RID.jpg","width":1920,"height":874},{"@type":"BreadcrumbList","@id":"https:\/\/www.granfoda.it\/de\/jahreszeiten\/winter\/#breadcrumb","itemListElement":[{"@type":"ListItem","position":1,"name":"Home","item":"https:\/\/www.granfoda.it\/de\/home-page\/"},{"@type":"ListItem","position":2,"name":"Jahreszeiten","item":"https:\/\/www.granfoda.it\/de\/jahreszeiten\/"},{"@type":"ListItem","position":3,"name":"Winter"}]},{"@type":"WebSite","@id":"https:\/\/www.granfoda.it\/de\/#website","url":"https:\/\/www.granfoda.it\/de\/","name":"Alpine Hotel Gran Fod\u00e0","description":"La nostra casa ski in ski out a Plan de Corones","publisher":{"@id":"https:\/\/www.granfoda.it\/de\/#organization"},"alternateName":"Alpine Hotel Gran Fod\u00e0","potentialAction":[{"@type":"SearchAction","target":{"@type":"EntryPoint","urlTemplate":"https:\/\/www.granfoda.it\/de\/?s={search_term_string}"},"query-input":{"@type":"PropertyValueSpecification","valueRequired":true,"valueName":"search_term_string"}}],"inLanguage":"de"},{"@type":"Organization","@id":"https:\/\/www.granfoda.it\/de\/#organization","name":"Alpine Hotel Gran Fod\u00e0","url":"https:\/\/www.granfoda.it\/de\/","logo":{"@type":"ImageObject","inLanguage":"de","@id":"https:\/\/www.granfoda.it\/de\/#\/schema\/logo\/image\/","url":"https:\/\/www.granfoda.it\/wp-content\/uploads\/2024\/02\/alpine-hotel-gran-foda-logo-square.jpg","contentUrl":"https:\/\/www.granfoda.it\/wp-content\/uploads\/2024\/02\/alpine-hotel-gran-foda-logo-square.jpg","width":550,"height":550,"caption":"Alpine Hotel Gran Fod\u00e0"},"image":{"@id":"https:\/\/www.granfoda.it\/de\/#\/schema\/logo\/image\/"},"sameAs":["https:\/\/www.facebook.com\/HotelGranFoda","https:\/\/www.instagram.com\/alpinehotelgranfoda\/","https:\/\/www.youtube.com\/@GranFodaIta"]}]}},"_links":{"self":[{"href":"https:\/\/www.granfoda.it\/de\/wp-json\/wp\/v2\/pages\/4357","targetHints":{"allow":["GET"]}}],"collection":[{"href":"https:\/\/www.granfoda.it\/de\/wp-json\/wp\/v2\/pages"}],"about":[{"href":"https:\/\/www.granfoda.it\/de\/wp-json\/wp\/v2\/types\/page"}],"author":[{"embeddable":true,"href":"https:\/\/www.granfoda.it\/de\/wp-json\/wp\/v2\/users\/1"}],"replies":[{"embeddable":true,"href":"https:\/\/www.granfoda.it\/de\/wp-json\/wp\/v2\/comments?post=4357"}],"version-history":[{"count":8,"href":"https:\/\/www.granfoda.it\/de\/wp-json\/wp\/v2\/pages\/4357\/revisions"}],"predecessor-version":[{"id":4613,"href":"https:\/\/www.granfoda.it\/de\/wp-json\/wp\/v2\/pages\/4357\/revisions\/4613"}],"up":[{"embeddable":true,"href":"https:\/\/www.granfoda.it\/de\/wp-json\/wp\/v2\/pages\/4245"}],"wp:featuredmedia":[{"embeddable":true,"href":"https:\/\/www.granfoda.it\/de\/wp-json\/wp\/v2\/media\/1350"}],"wp:attachment":[{"href":"https:\/\/www.granfoda.it\/de\/wp-json\/wp\/v2\/media?parent=4357"}],"curies":[{"name":"wp","href":"https:\/\/api.w.org\/{rel}","templated":true}]}}