{"id":4317,"date":"2025-04-08T17:04:35","date_gmt":"2025-04-08T15:04:35","guid":{"rendered":"https:\/\/web.granfoda.it\/nachhaltigkeit\/umweltfreundlich-reisen\/"},"modified":"2026-03-05T15:19:41","modified_gmt":"2026-03-05T14:19:41","slug":"umweltfreundlich-reisen","status":"publish","type":"page","link":"https:\/\/www.granfoda.it\/de\/nachhaltigkeit\/umweltfreundlich-reisen\/","title":{"rendered":"Umweltfreundlich reisen"},"content":{"rendered":"<div class=\"wpb-content-wrapper\"><p>[vc_row full_width=&#8221;stretch_row&#8221; css=&#8221;.vc_custom_1744300104924{padding-top: 3em !important;padding-bottom: 3em !important;background-image: url(https:\/\/www.granfoda.it\/wp-content\/uploads\/2025\/03\/paesaggio_GF_02.jpg?id=3395) !important;background-position: center !important;background-repeat: no-repeat !important;background-size: cover !important;}&#8221;][vc_column width=&#8221;1\/4&#8243;][\/vc_column][vc_column width=&#8221;1\/2&#8243; css=&#8221;.vc_custom_1714401352626{margin-top: 4em !important;margin-bottom: 4em !important;padding-top: 3em !important;padding-right: 2em !important;padding-bottom: 3em !important;padding-left: 2em !important;background-color: #ffffff !important;}&#8221; el_class=&#8221;no-margin&#8221;]<h2 class=\"deco-title centro with-eylet mb-4\"><span class=\"deco-eylet\">Nachhaltigkeit<\/span> Umweltfreundlich reisen<\/h2>[vc_column_text css=&#8221;&#8221;]<\/p>\n<p style=\"text-align: center;\"><strong>Wie kommt man zum<\/strong> Alpine Hotel Gran Fod\u00e1 am Plan de Corones?<br \/>\nEntdecke die verschiedenen bequemen und praktischen M\u00f6glichkeiten, uns zu erreichen.<\/p>\n<p>[\/vc_column_text]<div class=\"button-wrapper centro\"><a class=\"btn btn-default inverted\"  href=\"https:\/\/www.simplebooking.it\/ibe\/search?hid=9416&lang=DE\" target=\"_blank\" title=\"Ein Zimmer buchen\">Nimm Platz<\/a><\/div>[\/vc_column][vc_column width=&#8221;1\/4&#8243;][\/vc_column][\/vc_row][vc_row full_width=&#8221;stretch_row&#8221; gap=&#8221;25&#8243; equal_height=&#8221;yes&#8221; css=&#8221;.vc_custom_1744622351395{padding-top: 3em !important;padding-bottom: 4em !important;background-color: #EDEDED !important;}&#8221;][vc_column width=&#8221;1\/3&#8243; el_class=&#8221;shadow-col&#8221; css=&#8221;.vc_custom_1744622227690{background-color: #FFFFFF !important;border-radius: 4px !important;}&#8221;]<h4 class=\"deco-title centro with-eylet\"><span class=\"deco-eylet\">Anreise<\/span> \u00d6ffentliche Verkehrsmittel<\/h4>[vc_column_text css=&#8221;.vc_custom_1744799372595{margin-right: 1em !important;margin-left: 1em !important;}&#8221;]<\/p>\n<p style=\"text-align: center;\">Als Gast des Plan de Corones hast du Anspruch auf den <strong>Holiday Pass San Vigilio<\/strong>, eine digitale Karte, mit der du kostenlos mit \u00f6ffentlichen Verkehrsmitteln in S\u00fcdtirol reisen kannst. Du kannst den Pass ab deiner Ankunft nutzen, und alle notwendigen Informationen findest du in der Best\u00e4tigungs-E-Mail deiner Buchung.<\/p>\n<p style=\"text-align: center;\">F\u00fcr Informationen zum \u00f6ffentlichen Verkehr in S\u00fcdtirol lade die <strong>AltoAdigeMobilit\u00e0 App<\/strong> herunter:<br \/>\n<a href=\"https:\/\/play.google.com\/store\/apps\/details?id=it.bz.provincia.altoadigetogo.android&amp;hl=it\">Google Play<\/a> | <a href=\"https:\/\/apps.apple.com\/de\/app\/s%C3%BCdtirol2go-altoadige2go\/id883614138\">App Store<\/a><\/p>\n<p style=\"text-align: center;\">F\u00fcr deine Zugreise kannst du folgende Apps verwenden:<br \/>\n<strong>Trenitalia<\/strong>: <a href=\"https:\/\/play.google.com\/store\/apps\/details?id=com.lynxspa.prontotreno&amp;hl=it\">Google Play<\/a> | <a href=\"https:\/\/apps.apple.com\/it\/app\/trenitalia\/id331050847\">App Store<\/a><br \/>\n<strong>Italo Treno<\/strong>: <a href=\"https:\/\/play.google.com\/store\/apps\/details?id=it.italotreno&amp;hl=it\">Google Play<\/a> | <a href=\"https:\/\/apps.apple.com\/it\/app\/italo-treno-treni-e-biglietti\/id804056898\">App Store<\/a><\/p>\n<p>[\/vc_column_text][\/vc_column][vc_column width=&#8221;1\/3&#8243; el_class=&#8221;shadow-col&#8221; css=&#8221;.vc_custom_1744622231401{background-color: #FFFFFF !important;border-radius: 4px !important;}&#8221;]<h4 class=\"deco-title centro with-eylet\"><span class=\"deco-eylet\">Anreise<\/span> Transfer vom Bahnhof oder Flughafen<\/h4>[vc_column_text css=&#8221;.vc_custom_1745308459594{margin-right: 1em !important;margin-left: 1em !important;}&#8221;]<\/p>\n<p style=\"text-align: center;\">Wenn du einen personalisierten Service bevorzugst, arrangieren wir gerne einen <strong>privaten Transfer<\/strong> vom n\u00e4chstgelegenen Bahnhof oder Flughafen.<\/p>\n<p style=\"text-align: center;\">Du kannst dies bei der Buchung anfragen.<\/p>\n<p style=\"text-align: center;\">Alternativ kannst du direkt den <a href=\"https:\/\/www.kronplatz.com\/airportshuttle-it\">Kronplatz Electric Airport Shuttle<\/a> f\u00fcr eine komfortable und schnelle Reise buchen.<\/p>\n<p>[\/vc_column_text][\/vc_column][vc_column width=&#8221;1\/3&#8243; el_class=&#8221;shadow-col&#8221; css=&#8221;.vc_custom_1744622235852{background-color: #FFFFFF !important;border-radius: 4px !important;}&#8221;]<h4 class=\"deco-title centro with-eylet\"><span class=\"deco-eylet\">Anreise<\/span> Privates Auto<\/h4>[vc_column_text css=&#8221;.vc_custom_1745417821354{margin-right: 1em !important;margin-left: 1em !important;}&#8221;]<\/p>\n<p style=\"text-align: center;\">Wenn du mit dem Auto reist, ist die Anreise zum Alpine Hotel Gran Fod\u00e1 einfach:<\/p>\n<p style=\"text-align: center;\">Von S\u00fcden oder Norden nimm die Brenner-Autobahn <strong>A22<\/strong> und fahre an der Ausfahrt Bressanone-Fortezza ab.<\/p>\n<p style=\"text-align: center;\">Folge der<strong> SS 49<\/strong> in Richtung Brunico<\/p>\n<p style=\"text-align: center;\">In San Lorenzo nimm die<strong> SS 244<\/strong> in Richtung Val Badia.<\/p>\n<p style=\"text-align: center;\">In Longega nimm die Ausfahrt f\u00fcr<strong> San Vigilio di Marebbe<\/strong> in Richtung Passo Furcia.<\/p>\n<p>[\/vc_column_text][\/vc_column][\/vc_row][vc_row full_width=&#8221;stretch_row_content_no_spaces&#8221; gap=&#8221;10&#8243; css=&#8221;.vc_custom_1745333648239{padding-bottom: 1em !important;}&#8221;][vc_column width=&#8221;1\/2&#8243;]<div id=\"block-69e2eebb0ef74\" aria-labelledby=\"block-69e2eebb0ef74-label\" class=\"block-wrapper aspect-image centro \" style=\"background-image:url('https:\/\/www.granfoda.it\/wp-content\/uploads\/2025\/03\/Sostenibilita_GF_04-1024x682.jpg'); aspect-ratio: 16 \/ 9\">\t\t<div class=\"block-wrapper-content\">\t\t<div class=\"block-wrapper-text\" style=\"vertical-align:middle;\">\t\t\t\t\t\t<h2 id=\"block-69e2eebb0ef74-label\" class=\"deco-title mb-4 text-white\"><span class=\"deco-eylet\">Engagement f\u00fcr die Zukunft<\/span>Nachhaltigkeit<\/h2>\t\t\t\t\t\t<a class=\"btn btn-default btn-lg\" href=\"https:\/\/www.granfoda.it\/de\/nachhaltigkeit\/\">Angebote und Pakete<\/a>\t\t<\/div>\t<\/div><\/div>[\/vc_column][vc_column width=&#8221;1\/2&#8243;]<div id=\"block-69e2eebb0f2c8\" aria-labelledby=\"block-69e2eebb0f2c8-label\" class=\"block-wrapper aspect-image centro \" style=\"background-image:url('https:\/\/www.granfoda.it\/wp-content\/uploads\/2025\/04\/gran-foda-plan-de-corones-foto-offerte-1024x683.jpg'); aspect-ratio: 16 \/ 9\">\t\t<div class=\"block-wrapper-content\">\t\t<div class=\"block-wrapper-text\" style=\"vertical-align:middle;\">\t\t\t\t\t\t<h2 id=\"block-69e2eebb0f2c8-label\" class=\"deco-title mb-4 text-white\"><span class=\"deco-eylet\">Etwas Besonderes<\/span>Angebote und Pakete<\/h2>\t\t\t\t\t\t<a class=\"btn btn-default btn-lg\" href=\"https:\/\/www.granfoda.it\/de\/angebote-und-pakete\/\">Angebote und Pakete<\/a>\t\t<\/div>\t<\/div><\/div>[\/vc_column][\/vc_row]<\/p>\n<\/div>","protected":false},"excerpt":{"rendered":"<p>[vc_row full_width=&#8221;stretch_row&#8221; css=&#8221;.vc_custom_1744300104924{padding-top: 3em !important;padding-bottom: 3em !important;background-image: url(https:\/\/www.granfoda.it\/wp-content\/uploads\/2025\/03\/paesaggio_GF_02.jpg?id=3395) !important;background-position: center !important;background-repeat: no-repeat !important;background-size: cover !important;}&#8221;][vc_column width=&#8221;1\/4&#8243;][\/vc_column][vc_column width=&#8221;1\/2&#8243; css=&#8221;.vc_custom_1714401352626{margin-top: 4em !important;margin-bottom: 4em !important;padding-top: 3em !important;padding-right: 2em !important;padding-bottom: 3em !important;padding-left: 2em !important;background-color: #ffffff !important;}&#8221; el_class=&#8221;no-margin&#8221;][vc_column_text css=&#8221;&#8221;] Wie kommt man zum Alpine Hotel Gran Fod\u00e1 am Plan de Corones? Entdecke die verschiedenen bequemen und praktischen M\u00f6glichkeiten, uns zu [&hellip;]<\/p>\n","protected":false},"author":1,"featured_media":3840,"parent":4305,"menu_order":1,"comment_status":"closed","ping_status":"closed","template":"","meta":{"_acf_changed":false,"footnotes":""},"class_list":["post-4317","page","type-page","status-publish","has-post-thumbnail","hentry"],"acf":[],"yoast_head":"<!-- This site is optimized with the Yoast SEO plugin v27.4 - https:\/\/yoast.com\/product\/yoast-seo-wordpress\/ -->\n<title>Nachhaltiges AnreisenUmweltfreundlich reisen | Bio Alpine Hotel Gran Fod\u00e0<\/title>\n<meta name=\"description\" content=\"Wie kommt man zum bio Alpine Hotel Gran Fod\u00e1 am Plan de Corones? Entdecke die verschiedenen bequemen und praktischen M\u00f6glichkeiten, uns zu erreichen. Umweltfreundlicher Urlaub\" \/>\n<meta name=\"robots\" content=\"index, follow, max-snippet:-1, max-image-preview:large, max-video-preview:-1\" \/>\n<link rel=\"canonical\" href=\"https:\/\/www.granfoda.it\/de\/nachhaltigkeit\/umweltfreundlich-reisen\/\" \/>\n<meta property=\"og:locale\" content=\"de_DE\" \/>\n<meta property=\"og:type\" content=\"article\" \/>\n<meta property=\"og:title\" content=\"Nachhaltiges AnreisenUmweltfreundlich reisen | Bio Alpine Hotel Gran Fod\u00e0\" \/>\n<meta property=\"og:description\" content=\"Wie kommt man zum bio Alpine Hotel Gran Fod\u00e1 am Plan de Corones? Entdecke die verschiedenen bequemen und praktischen M\u00f6glichkeiten, uns zu erreichen. Umweltfreundlicher Urlaub\" \/>\n<meta property=\"og:url\" content=\"https:\/\/www.granfoda.it\/de\/nachhaltigkeit\/umweltfreundlich-reisen\/\" \/>\n<meta property=\"og:site_name\" content=\"Bio Alpine Hotel Gran Fod\u00e0\" \/>\n<meta property=\"article:publisher\" content=\"https:\/\/www.facebook.com\/HotelGranFoda\" \/>\n<meta property=\"article:modified_time\" content=\"2026-03-05T14:19:41+00:00\" \/>\n<meta property=\"og:image\" content=\"https:\/\/www.granfoda.it\/wp-content\/uploads\/2025\/04\/sostenibilita-gran-foda-albergo-plan-de-corones-3.jpg\" \/>\n\t<meta property=\"og:image:width\" content=\"1080\" \/>\n\t<meta property=\"og:image:height\" content=\"1350\" \/>\n\t<meta property=\"og:image:type\" content=\"image\/jpeg\" \/>\n<meta name=\"twitter:card\" content=\"summary_large_image\" \/>\n<meta name=\"twitter:label1\" content=\"Gesch\u00e4tzte Lesezeit\" \/>\n\t<meta name=\"twitter:data1\" content=\"3\u00a0Minuten\" \/>\n<!-- \/ Yoast SEO plugin. -->","yoast_head_json":{"title":"Nachhaltiges AnreisenUmweltfreundlich reisen | Bio Alpine Hotel Gran Fod\u00e0","description":"Wie kommt man zum bio Alpine Hotel Gran Fod\u00e1 am Plan de Corones? Entdecke die verschiedenen bequemen und praktischen M\u00f6glichkeiten, uns zu erreichen. Umweltfreundlicher Urlaub","robots":{"index":"index","follow":"follow","max-snippet":"max-snippet:-1","max-image-preview":"max-image-preview:large","max-video-preview":"max-video-preview:-1"},"canonical":"https:\/\/www.granfoda.it\/de\/nachhaltigkeit\/umweltfreundlich-reisen\/","og_locale":"de_DE","og_type":"article","og_title":"Nachhaltiges AnreisenUmweltfreundlich reisen | Bio Alpine Hotel Gran Fod\u00e0","og_description":"Wie kommt man zum bio Alpine Hotel Gran Fod\u00e1 am Plan de Corones? Entdecke die verschiedenen bequemen und praktischen M\u00f6glichkeiten, uns zu erreichen. Umweltfreundlicher Urlaub","og_url":"https:\/\/www.granfoda.it\/de\/nachhaltigkeit\/umweltfreundlich-reisen\/","og_site_name":"Bio Alpine Hotel Gran Fod\u00e0","article_publisher":"https:\/\/www.facebook.com\/HotelGranFoda","article_modified_time":"2026-03-05T14:19:41+00:00","og_image":[{"width":1080,"height":1350,"url":"https:\/\/www.granfoda.it\/wp-content\/uploads\/2025\/04\/sostenibilita-gran-foda-albergo-plan-de-corones-3.jpg","type":"image\/jpeg"}],"twitter_card":"summary_large_image","twitter_misc":{"Gesch\u00e4tzte Lesezeit":"3\u00a0Minuten"},"schema":{"@context":"https:\/\/schema.org","@graph":[{"@type":"WebPage","@id":"https:\/\/www.granfoda.it\/de\/nachhaltigkeit\/umweltfreundlich-reisen\/","url":"https:\/\/www.granfoda.it\/de\/nachhaltigkeit\/umweltfreundlich-reisen\/","name":"Nachhaltiges AnreisenUmweltfreundlich reisen | Bio Alpine Hotel Gran Fod\u00e0","isPartOf":{"@id":"https:\/\/www.granfoda.it\/de\/#website"},"primaryImageOfPage":{"@id":"https:\/\/www.granfoda.it\/de\/nachhaltigkeit\/umweltfreundlich-reisen\/#primaryimage"},"image":{"@id":"https:\/\/www.granfoda.it\/de\/nachhaltigkeit\/umweltfreundlich-reisen\/#primaryimage"},"thumbnailUrl":"https:\/\/www.granfoda.it\/wp-content\/uploads\/2025\/04\/sostenibilita-gran-foda-albergo-plan-de-corones-3.jpg","datePublished":"2025-04-08T15:04:35+00:00","dateModified":"2026-03-05T14:19:41+00:00","description":"Wie kommt man zum bio Alpine Hotel Gran Fod\u00e1 am Plan de Corones? Entdecke die verschiedenen bequemen und praktischen M\u00f6glichkeiten, uns zu erreichen. Umweltfreundlicher Urlaub","breadcrumb":{"@id":"https:\/\/www.granfoda.it\/de\/nachhaltigkeit\/umweltfreundlich-reisen\/#breadcrumb"},"inLanguage":"de","potentialAction":[{"@type":"ReadAction","target":["https:\/\/www.granfoda.it\/de\/nachhaltigkeit\/umweltfreundlich-reisen\/"]}]},{"@type":"ImageObject","inLanguage":"de","@id":"https:\/\/www.granfoda.it\/de\/nachhaltigkeit\/umweltfreundlich-reisen\/#primaryimage","url":"https:\/\/www.granfoda.it\/wp-content\/uploads\/2025\/04\/sostenibilita-gran-foda-albergo-plan-de-corones-3.jpg","contentUrl":"https:\/\/www.granfoda.it\/wp-content\/uploads\/2025\/04\/sostenibilita-gran-foda-albergo-plan-de-corones-3.jpg","width":1080,"height":1350},{"@type":"BreadcrumbList","@id":"https:\/\/www.granfoda.it\/de\/nachhaltigkeit\/umweltfreundlich-reisen\/#breadcrumb","itemListElement":[{"@type":"ListItem","position":1,"name":"Home","item":"https:\/\/www.granfoda.it\/de\/home-page\/"},{"@type":"ListItem","position":2,"name":"Nachhaltigkeit","item":"https:\/\/www.granfoda.it\/de\/nachhaltigkeit\/"},{"@type":"ListItem","position":3,"name":"Umweltfreundlich reisen"}]},{"@type":"WebSite","@id":"https:\/\/www.granfoda.it\/de\/#website","url":"https:\/\/www.granfoda.it\/de\/","name":"Alpine Hotel Gran Fod\u00e0","description":"La nostra casa ski in ski out a Plan de Corones","publisher":{"@id":"https:\/\/www.granfoda.it\/de\/#organization"},"alternateName":"Alpine Hotel Gran Fod\u00e0","potentialAction":[{"@type":"SearchAction","target":{"@type":"EntryPoint","urlTemplate":"https:\/\/www.granfoda.it\/de\/?s={search_term_string}"},"query-input":{"@type":"PropertyValueSpecification","valueRequired":true,"valueName":"search_term_string"}}],"inLanguage":"de"},{"@type":"Organization","@id":"https:\/\/www.granfoda.it\/de\/#organization","name":"Alpine Hotel Gran Fod\u00e0","url":"https:\/\/www.granfoda.it\/de\/","logo":{"@type":"ImageObject","inLanguage":"de","@id":"https:\/\/www.granfoda.it\/de\/#\/schema\/logo\/image\/","url":"https:\/\/www.granfoda.it\/wp-content\/uploads\/2024\/02\/alpine-hotel-gran-foda-logo-square.jpg","contentUrl":"https:\/\/www.granfoda.it\/wp-content\/uploads\/2024\/02\/alpine-hotel-gran-foda-logo-square.jpg","width":550,"height":550,"caption":"Alpine Hotel Gran Fod\u00e0"},"image":{"@id":"https:\/\/www.granfoda.it\/de\/#\/schema\/logo\/image\/"},"sameAs":["https:\/\/www.facebook.com\/HotelGranFoda","https:\/\/www.instagram.com\/alpinehotelgranfoda\/","https:\/\/www.youtube.com\/@GranFodaIta"]}]}},"_links":{"self":[{"href":"https:\/\/www.granfoda.it\/de\/wp-json\/wp\/v2\/pages\/4317","targetHints":{"allow":["GET"]}}],"collection":[{"href":"https:\/\/www.granfoda.it\/de\/wp-json\/wp\/v2\/pages"}],"about":[{"href":"https:\/\/www.granfoda.it\/de\/wp-json\/wp\/v2\/types\/page"}],"author":[{"embeddable":true,"href":"https:\/\/www.granfoda.it\/de\/wp-json\/wp\/v2\/users\/1"}],"replies":[{"embeddable":true,"href":"https:\/\/www.granfoda.it\/de\/wp-json\/wp\/v2\/comments?post=4317"}],"version-history":[{"count":14,"href":"https:\/\/www.granfoda.it\/de\/wp-json\/wp\/v2\/pages\/4317\/revisions"}],"predecessor-version":[{"id":4913,"href":"https:\/\/www.granfoda.it\/de\/wp-json\/wp\/v2\/pages\/4317\/revisions\/4913"}],"up":[{"embeddable":true,"href":"https:\/\/www.granfoda.it\/de\/wp-json\/wp\/v2\/pages\/4305"}],"wp:featuredmedia":[{"embeddable":true,"href":"https:\/\/www.granfoda.it\/de\/wp-json\/wp\/v2\/media\/3840"}],"wp:attachment":[{"href":"https:\/\/www.granfoda.it\/de\/wp-json\/wp\/v2\/media?parent=4317"}],"curies":[{"name":"wp","href":"https:\/\/api.w.org\/{rel}","templated":true}]}}