{"id":4311,"date":"2025-04-08T17:04:16","date_gmt":"2025-04-08T15:04:16","guid":{"rendered":"https:\/\/web.granfoda.it\/nachhaltigkeit\/klimahaus\/"},"modified":"2026-03-05T15:14:44","modified_gmt":"2026-03-05T14:14:44","slug":"klimahaus","status":"publish","type":"page","link":"https:\/\/www.granfoda.it\/de\/nachhaltigkeit\/klimahaus\/","title":{"rendered":"Klimahaus"},"content":{"rendered":"<div class=\"wpb-content-wrapper\"><p>[vc_row full_width=&#8221;stretch_row&#8221; css=&#8221;.vc_custom_1744300098629{padding-top: 3em !important;padding-bottom: 3em !important;background-image: url(https:\/\/www.granfoda.it\/wp-content\/uploads\/2025\/03\/Casa_GF_02.jpg?id=3448) !important;background-position: center !important;background-repeat: no-repeat !important;background-size: cover !important;}&#8221;][vc_column width=&#8221;1\/4&#8243;][\/vc_column][vc_column width=&#8221;1\/2&#8243; css=&#8221;.vc_custom_1714401352626{margin-top: 4em !important;margin-bottom: 4em !important;padding-top: 3em !important;padding-right: 2em !important;padding-bottom: 3em !important;padding-left: 2em !important;background-color: #ffffff !important;}&#8221; el_class=&#8221;no-margin&#8221;]<h2 class=\"deco-title centro with-eylet mb-4\"><span class=\"deco-eylet\">Nachhaltigkeit<\/span> Klimahaus<\/h2>[vc_column_text css=&#8221;&#8221;]<\/p>\n<p style=\"text-align: center;\">Im Gran Fod\u00e0 sind wir stolz darauf, ein <strong>zertifiziertes Klimahaus<\/strong> zu sein, ein Geb\u00e4ude, das die h\u00f6chsten Standards in Sachen Energieeffizienz und Umweltvertr\u00e4glichkeit erf\u00fcllt. Die Klimahaus-Zertifizierung, auch bekannt als <strong>CasaClima<\/strong>, ist eine offizielle Auszeichnung, die von der Agentur f\u00fcr Energie S\u00fcdtirol verliehen wird \u2013 einer unabh\u00e4ngigen \u00f6ffentlichen Institution, die Geb\u00e4ude zertifiziert, die strenge Kriterien in Bezug auf <strong>Energieeinsparung und CO\u2082-Emissionsreduktion erf\u00fcllen<\/strong>.<\/p>\n<p>[\/vc_column_text]<div class=\"button-wrapper centro\"><a class=\"btn btn-default inverted\"  href=\"https:\/\/www.simplebooking.it\/ibe\/search?hid=9416&lang=DE\" target=\"_blank\" title=\"Ein Zimmer buchen\">Nimm Platz<\/a><\/div>[\/vc_column][vc_column width=&#8221;1\/4&#8243;][\/vc_column][\/vc_row][vc_row full_width=&#8221;stretch_row&#8221; gap=&#8221;25&#8243; equal_height=&#8221;yes&#8221; css=&#8221;.vc_custom_1744375661195{padding-top: 3em !important;padding-bottom: 2em !important;background-color: #FFF9EB !important;}&#8221;][vc_column css_animation=&#8221;bottom-to-top&#8221; width=&#8221;1\/2&#8243; el_class=&#8221;shadow-col delay200&#8243; css=&#8221;.vc_custom_1744375617789{background-color: #FFFFFF !important;border-radius: 4px !important;}&#8221;]<div title=\"Alpine-Hotel-Gran-Foda-Casa-2\" class=\"image-wrapper\">\n\t\t\t\t<figure class=\"aspect-image\" data-delta=\"1.7777777777778\" style=\"background-image:url('https:\/\/www.granfoda.it\/wp-content\/uploads\/2025\/04\/Alpine-Hotel-Gran-Foda-Casa-2-1024x577.jpg'); aspect-ratio: 16 \/ 9; \" >\n\t\t\t\t\t<img loading=\"lazy\" decoding=\"async\" width=\"1024\" height=\"577\" src=\"https:\/\/www.granfoda.it\/wp-content\/uploads\/2025\/04\/Alpine-Hotel-Gran-Foda-Casa-2-1024x577.jpg\" class=\"attachment-large size-large\" alt=\"\" srcset=\"https:\/\/www.granfoda.it\/wp-content\/uploads\/2025\/04\/Alpine-Hotel-Gran-Foda-Casa-2-1024x577.jpg 1024w, https:\/\/www.granfoda.it\/wp-content\/uploads\/2025\/04\/Alpine-Hotel-Gran-Foda-Casa-2-300x169.jpg 300w, https:\/\/www.granfoda.it\/wp-content\/uploads\/2025\/04\/Alpine-Hotel-Gran-Foda-Casa-2-768x432.jpg 768w, https:\/\/www.granfoda.it\/wp-content\/uploads\/2025\/04\/Alpine-Hotel-Gran-Foda-Casa-2-1536x865.jpg 1536w, https:\/\/www.granfoda.it\/wp-content\/uploads\/2025\/04\/Alpine-Hotel-Gran-Foda-Casa-2.jpg 1920w\" sizes=\"auto, (max-width: 1024px) 100vw, 1024px\" \/> \n\t\t\t\t\t \n\t\t\t\t<\/figure>\n\t\t\t<\/div><h3 class=\"deco-title centro with-eylet\"><span class=\"deco-eylet\">Klimahaus<\/span> Was bedeutet es, ein Klimahaus zu sein?<\/h3>[vc_column_text css=&#8221;&#8221;]<\/p>\n<p style=\"text-align: center;\">Ein Klimahaus zu sein bedeutet mehr, als nur den Energieverbrauch zu senken. Die Zertifizierung bewertet verschiedene Aspekte, darunter den Wohnkomfort, die Bauqualit\u00e4t und die Verwendung umweltfreundlicher Materialien. Mit anderen Worten, es ist ein Bekenntnis zur Schaffung gesunder und komfortabler Lebensr\u00e4ume, die die Umwelt respektieren und zu einer nachhaltigen Zukunft beitragen.<\/p>\n<p>[\/vc_column_text][\/vc_column][vc_column css_animation=&#8221;bottom-to-top&#8221; width=&#8221;1\/2&#8243; el_class=&#8221;shadow-col delay400&#8243; css=&#8221;.vc_custom_1744375525265{background-color: #FFFFFF !important;border-radius: 4px !important;}&#8221;]<div title=\"Camera_GF_01\" class=\"image-wrapper\">\n\t\t\t\t<figure class=\"aspect-image\" data-delta=\"1.7777777777778\" style=\"background-image:url('https:\/\/www.granfoda.it\/wp-content\/uploads\/2025\/03\/Camera_GF_01-1024x683.jpg'); aspect-ratio: 16 \/ 9; \" >\n\t\t\t\t\t<img loading=\"lazy\" decoding=\"async\" width=\"1024\" height=\"683\" src=\"https:\/\/www.granfoda.it\/wp-content\/uploads\/2025\/03\/Camera_GF_01-1024x683.jpg\" class=\"attachment-large size-large\" alt=\"\" srcset=\"https:\/\/www.granfoda.it\/wp-content\/uploads\/2025\/03\/Camera_GF_01-1024x683.jpg 1024w, https:\/\/www.granfoda.it\/wp-content\/uploads\/2025\/03\/Camera_GF_01-300x200.jpg 300w, https:\/\/www.granfoda.it\/wp-content\/uploads\/2025\/03\/Camera_GF_01-768x512.jpg 768w, https:\/\/www.granfoda.it\/wp-content\/uploads\/2025\/03\/Camera_GF_01-1536x1025.jpg 1536w, https:\/\/www.granfoda.it\/wp-content\/uploads\/2025\/03\/Camera_GF_01.jpg 1920w\" sizes=\"auto, (max-width: 1024px) 100vw, 1024px\" \/> \n\t\t\t\t\t \n\t\t\t\t<\/figure>\n\t\t\t<\/div><h3 class=\"deco-title centro with-eylet\"><span class=\"deco-eylet\">Klimahaus<\/span> Energieeffizienz und Nachhaltigkeit<\/h3>[vc_column_text css=&#8221;&#8221;]<\/p>\n<p style=\"text-align: center;\">Die hochmodernen Technologien und sorgf\u00e4ltig ausgew\u00e4hlten Materialien, die wir einsetzen, sind darauf ausgelegt, den Energieverbrauch zu optimieren, die Luftqualit\u00e4t zu verbessern und CO\u2082-Emissionen zu reduzieren \u2013 und das alles, w\u00e4hrend eine einladende und angenehme Atmosph\u00e4re erhalten bleibt.<\/p>\n<p style=\"text-align: center;\">Ein Aufenthalt in unserem Zuhause ist eine erfrischende Erfahrung, die dir die M\u00f6glichkeit bietet, in einem Raum zu leben, der den Respekt f\u00fcr die Umwelt und das Wohlbefinden f\u00f6rdert.<\/p>\n<p>[\/vc_column_text][\/vc_column][\/vc_row][vc_row full_width=&#8221;stretch_row_content_no_spaces&#8221; gap=&#8221;10&#8243; css=&#8221;.vc_custom_1744366650077{padding-bottom: 1em !important;}&#8221;][vc_column width=&#8221;1\/2&#8243;]<div id=\"block-69dedd71dd8fe\" aria-labelledby=\"block-69dedd71dd8fe-label\" class=\"block-wrapper aspect-image centro \" style=\"background-image:url('https:\/\/www.granfoda.it\/wp-content\/uploads\/2025\/04\/gran-foda-plan-de-corones-foto-offerte-1024x683.jpg'); aspect-ratio: 16 \/ 9\">\t\t<div class=\"block-wrapper-content\">\t\t<div class=\"block-wrapper-text\" style=\"vertical-align:middle;\">\t\t\t\t\t\t<h2 id=\"block-69dedd71dd8fe-label\" class=\"deco-title mb-4 text-white\"><span class=\"deco-eylet\">Etwas Besonderes<\/span>Angebote und Pakete<\/h2>\t\t\t\t\t\t<a class=\"btn btn-default btn-lg\" href=\"https:\/\/www.granfoda.it\/de\/angebote-und-pakete\/\">Angebote und Pakete<\/a>\t\t<\/div>\t<\/div><\/div>[\/vc_column][vc_column width=&#8221;1\/2&#8243;]<div id=\"block-69dedd71ddd3e\" aria-labelledby=\"block-69dedd71ddd3e-label\" class=\"block-wrapper aspect-image centro \" style=\"background-image:url('https:\/\/www.granfoda.it\/wp-content\/uploads\/2025\/03\/Sostenibilita_GF_04-1024x682.jpg'); aspect-ratio: 16 \/ 9\">\t\t<div class=\"block-wrapper-content\">\t\t<div class=\"block-wrapper-text\" style=\"vertical-align:middle;\">\t\t\t\t\t\t<h2 id=\"block-69dedd71ddd3e-label\" class=\"deco-title mb-4 text-white\"><span class=\"deco-eylet\">Engagement f\u00fcr die Zukunft<\/span>Nachhaltigkeit<\/h2>\t\t\t\t\t\t<a class=\"btn btn-default btn-lg\" href=\"https:\/\/www.granfoda.it\/de\/nachhaltigkeit\/\">Angebote und Pakete<\/a>\t\t<\/div>\t<\/div><\/div>[\/vc_column][\/vc_row]<\/p>\n<\/div>","protected":false},"excerpt":{"rendered":"<p>[vc_row full_width=&#8221;stretch_row&#8221; css=&#8221;.vc_custom_1744300098629{padding-top: 3em !important;padding-bottom: 3em !important;background-image: url(https:\/\/www.granfoda.it\/wp-content\/uploads\/2025\/03\/Casa_GF_02.jpg?id=3448) !important;background-position: center !important;background-repeat: no-repeat !important;background-size: cover !important;}&#8221;][vc_column width=&#8221;1\/4&#8243;][\/vc_column][vc_column width=&#8221;1\/2&#8243; css=&#8221;.vc_custom_1714401352626{margin-top: 4em !important;margin-bottom: 4em !important;padding-top: 3em !important;padding-right: 2em !important;padding-bottom: 3em !important;padding-left: 2em !important;background-color: #ffffff !important;}&#8221; el_class=&#8221;no-margin&#8221;][vc_column_text css=&#8221;&#8221;] Im Gran Fod\u00e0 sind wir stolz darauf, ein zertifiziertes Klimahaus zu sein, ein Geb\u00e4ude, das die h\u00f6chsten Standards in Sachen Energieeffizienz [&hellip;]<\/p>\n","protected":false},"author":1,"featured_media":3450,"parent":4305,"menu_order":0,"comment_status":"closed","ping_status":"closed","template":"","meta":{"_acf_changed":false,"footnotes":""},"class_list":["post-4311","page","type-page","status-publish","has-post-thumbnail","hentry"],"acf":[],"yoast_head":"<!-- This site is optimized with the Yoast SEO plugin v27.3 - https:\/\/yoast.com\/product\/yoast-seo-wordpress\/ -->\n<title>Klimahaus Zertifizierung | Bio Alpine Hotel Gran Fod\u00e0<\/title>\n<meta name=\"description\" content=\"Wir stolz darauf, ein zertifiziertes Klimahaus zu sein, ein Geb\u00e4ude, das die h\u00f6chsten Standards in Sachen Energieeffizienz und Umweltvertr\u00e4glichkeit erf\u00fcllt. | Bio Alpine Hotel Gran Fod\u00e0\" \/>\n<meta name=\"robots\" content=\"index, follow, max-snippet:-1, max-image-preview:large, max-video-preview:-1\" \/>\n<link rel=\"canonical\" href=\"https:\/\/www.granfoda.it\/de\/nachhaltigkeit\/klimahaus\/\" \/>\n<meta property=\"og:locale\" content=\"de_DE\" \/>\n<meta property=\"og:type\" content=\"article\" \/>\n<meta property=\"og:title\" content=\"Klimahaus Zertifizierung | Bio Alpine Hotel Gran Fod\u00e0\" \/>\n<meta property=\"og:description\" content=\"Wir stolz darauf, ein zertifiziertes Klimahaus zu sein, ein Geb\u00e4ude, das die h\u00f6chsten Standards in Sachen Energieeffizienz und Umweltvertr\u00e4glichkeit erf\u00fcllt. | Bio Alpine Hotel Gran Fod\u00e0\" \/>\n<meta property=\"og:url\" content=\"https:\/\/www.granfoda.it\/de\/nachhaltigkeit\/klimahaus\/\" \/>\n<meta property=\"og:site_name\" content=\"Bio Alpine Hotel Gran Fod\u00e0\" \/>\n<meta property=\"article:publisher\" content=\"https:\/\/www.facebook.com\/HotelGranFoda\" \/>\n<meta property=\"article:modified_time\" content=\"2026-03-05T14:14:44+00:00\" \/>\n<meta property=\"og:image\" content=\"https:\/\/www.granfoda.it\/wp-content\/uploads\/2025\/03\/Casa_GF_02.jpg\" \/>\n\t<meta property=\"og:image:width\" content=\"1920\" \/>\n\t<meta property=\"og:image:height\" content=\"1281\" \/>\n\t<meta property=\"og:image:type\" content=\"image\/jpeg\" \/>\n<meta name=\"twitter:card\" content=\"summary_large_image\" \/>\n<meta name=\"twitter:label1\" content=\"Gesch\u00e4tzte Lesezeit\" \/>\n\t<meta name=\"twitter:data1\" content=\"3\u00a0Minuten\" \/>\n<!-- \/ Yoast SEO plugin. -->","yoast_head_json":{"title":"Klimahaus Zertifizierung | Bio Alpine Hotel Gran Fod\u00e0","description":"Wir stolz darauf, ein zertifiziertes Klimahaus zu sein, ein Geb\u00e4ude, das die h\u00f6chsten Standards in Sachen Energieeffizienz und Umweltvertr\u00e4glichkeit erf\u00fcllt. | Bio Alpine Hotel Gran Fod\u00e0","robots":{"index":"index","follow":"follow","max-snippet":"max-snippet:-1","max-image-preview":"max-image-preview:large","max-video-preview":"max-video-preview:-1"},"canonical":"https:\/\/www.granfoda.it\/de\/nachhaltigkeit\/klimahaus\/","og_locale":"de_DE","og_type":"article","og_title":"Klimahaus Zertifizierung | Bio Alpine Hotel Gran Fod\u00e0","og_description":"Wir stolz darauf, ein zertifiziertes Klimahaus zu sein, ein Geb\u00e4ude, das die h\u00f6chsten Standards in Sachen Energieeffizienz und Umweltvertr\u00e4glichkeit erf\u00fcllt. | Bio Alpine Hotel Gran Fod\u00e0","og_url":"https:\/\/www.granfoda.it\/de\/nachhaltigkeit\/klimahaus\/","og_site_name":"Bio Alpine Hotel Gran Fod\u00e0","article_publisher":"https:\/\/www.facebook.com\/HotelGranFoda","article_modified_time":"2026-03-05T14:14:44+00:00","og_image":[{"width":1920,"height":1281,"url":"https:\/\/www.granfoda.it\/wp-content\/uploads\/2025\/03\/Casa_GF_02.jpg","type":"image\/jpeg"}],"twitter_card":"summary_large_image","twitter_misc":{"Gesch\u00e4tzte Lesezeit":"3\u00a0Minuten"},"schema":{"@context":"https:\/\/schema.org","@graph":[{"@type":"WebPage","@id":"https:\/\/www.granfoda.it\/de\/nachhaltigkeit\/klimahaus\/","url":"https:\/\/www.granfoda.it\/de\/nachhaltigkeit\/klimahaus\/","name":"Klimahaus Zertifizierung | Bio Alpine Hotel Gran Fod\u00e0","isPartOf":{"@id":"https:\/\/www.granfoda.it\/de\/#website"},"primaryImageOfPage":{"@id":"https:\/\/www.granfoda.it\/de\/nachhaltigkeit\/klimahaus\/#primaryimage"},"image":{"@id":"https:\/\/www.granfoda.it\/de\/nachhaltigkeit\/klimahaus\/#primaryimage"},"thumbnailUrl":"https:\/\/www.granfoda.it\/wp-content\/uploads\/2025\/03\/Casa_GF_02.jpg","datePublished":"2025-04-08T15:04:16+00:00","dateModified":"2026-03-05T14:14:44+00:00","description":"Wir stolz darauf, ein zertifiziertes Klimahaus zu sein, ein Geb\u00e4ude, das die h\u00f6chsten Standards in Sachen Energieeffizienz und Umweltvertr\u00e4glichkeit erf\u00fcllt. | Bio Alpine Hotel Gran Fod\u00e0","breadcrumb":{"@id":"https:\/\/www.granfoda.it\/de\/nachhaltigkeit\/klimahaus\/#breadcrumb"},"inLanguage":"de","potentialAction":[{"@type":"ReadAction","target":["https:\/\/www.granfoda.it\/de\/nachhaltigkeit\/klimahaus\/"]}]},{"@type":"ImageObject","inLanguage":"de","@id":"https:\/\/www.granfoda.it\/de\/nachhaltigkeit\/klimahaus\/#primaryimage","url":"https:\/\/www.granfoda.it\/wp-content\/uploads\/2025\/03\/Casa_GF_02.jpg","contentUrl":"https:\/\/www.granfoda.it\/wp-content\/uploads\/2025\/03\/Casa_GF_02.jpg","width":1920,"height":1281},{"@type":"BreadcrumbList","@id":"https:\/\/www.granfoda.it\/de\/nachhaltigkeit\/klimahaus\/#breadcrumb","itemListElement":[{"@type":"ListItem","position":1,"name":"Home","item":"https:\/\/www.granfoda.it\/de\/home-page\/"},{"@type":"ListItem","position":2,"name":"Nachhaltigkeit","item":"https:\/\/www.granfoda.it\/de\/nachhaltigkeit\/"},{"@type":"ListItem","position":3,"name":"Klimahaus"}]},{"@type":"WebSite","@id":"https:\/\/www.granfoda.it\/de\/#website","url":"https:\/\/www.granfoda.it\/de\/","name":"Alpine Hotel Gran Fod\u00e0","description":"La nostra casa ski in ski out a Plan de Corones","publisher":{"@id":"https:\/\/www.granfoda.it\/de\/#organization"},"alternateName":"Alpine Hotel Gran Fod\u00e0","potentialAction":[{"@type":"SearchAction","target":{"@type":"EntryPoint","urlTemplate":"https:\/\/www.granfoda.it\/de\/?s={search_term_string}"},"query-input":{"@type":"PropertyValueSpecification","valueRequired":true,"valueName":"search_term_string"}}],"inLanguage":"de"},{"@type":"Organization","@id":"https:\/\/www.granfoda.it\/de\/#organization","name":"Alpine Hotel Gran Fod\u00e0","url":"https:\/\/www.granfoda.it\/de\/","logo":{"@type":"ImageObject","inLanguage":"de","@id":"https:\/\/www.granfoda.it\/de\/#\/schema\/logo\/image\/","url":"https:\/\/www.granfoda.it\/wp-content\/uploads\/2024\/02\/alpine-hotel-gran-foda-logo-square.jpg","contentUrl":"https:\/\/www.granfoda.it\/wp-content\/uploads\/2024\/02\/alpine-hotel-gran-foda-logo-square.jpg","width":550,"height":550,"caption":"Alpine Hotel Gran Fod\u00e0"},"image":{"@id":"https:\/\/www.granfoda.it\/de\/#\/schema\/logo\/image\/"},"sameAs":["https:\/\/www.facebook.com\/HotelGranFoda","https:\/\/www.instagram.com\/alpinehotelgranfoda\/","https:\/\/www.youtube.com\/@GranFodaIta"]}]}},"_links":{"self":[{"href":"https:\/\/www.granfoda.it\/de\/wp-json\/wp\/v2\/pages\/4311","targetHints":{"allow":["GET"]}}],"collection":[{"href":"https:\/\/www.granfoda.it\/de\/wp-json\/wp\/v2\/pages"}],"about":[{"href":"https:\/\/www.granfoda.it\/de\/wp-json\/wp\/v2\/types\/page"}],"author":[{"embeddable":true,"href":"https:\/\/www.granfoda.it\/de\/wp-json\/wp\/v2\/users\/1"}],"replies":[{"embeddable":true,"href":"https:\/\/www.granfoda.it\/de\/wp-json\/wp\/v2\/comments?post=4311"}],"version-history":[{"count":8,"href":"https:\/\/www.granfoda.it\/de\/wp-json\/wp\/v2\/pages\/4311\/revisions"}],"predecessor-version":[{"id":9695,"href":"https:\/\/www.granfoda.it\/de\/wp-json\/wp\/v2\/pages\/4311\/revisions\/9695"}],"up":[{"embeddable":true,"href":"https:\/\/www.granfoda.it\/de\/wp-json\/wp\/v2\/pages\/4305"}],"wp:featuredmedia":[{"embeddable":true,"href":"https:\/\/www.granfoda.it\/de\/wp-json\/wp\/v2\/media\/3450"}],"wp:attachment":[{"href":"https:\/\/www.granfoda.it\/de\/wp-json\/wp\/v2\/media?parent=4311"}],"curies":[{"name":"wp","href":"https:\/\/api.w.org\/{rel}","templated":true}]}}