{"id":4299,"date":"2025-04-08T17:03:46","date_gmt":"2025-04-08T15:03:46","guid":{"rendered":"https:\/\/web.granfoda.it\/aktivitaeten-in-suedtirol\/sport\/sci-snowboard\/"},"modified":"2025-12-05T13:32:51","modified_gmt":"2025-12-05T12:32:51","slug":"sci-snowboard","status":"publish","type":"page","link":"https:\/\/www.granfoda.it\/de\/abenteuer-und-kultur\/sport\/sci-snowboard\/","title":{"rendered":"Sci &amp; Snowboard"},"content":{"rendered":"<div class=\"wpb-content-wrapper\"><p>[vc_row full_width=&#8221;stretch_row&#8221; full_height=&#8221;yes&#8221; content_placement=&#8221;middle&#8221; css=&#8221;.vc_custom_1761740054298{background-image: url(https:\/\/www.granfoda.it\/wp-content\/uploads\/2024\/09\/inverno-gran-foda-plan-corones-50.jpg?id=1890) !important;background-position: center !important;background-repeat: no-repeat !important;background-size: cover !important;}&#8221;][vc_column css_animation=&#8221;none&#8221; offset=&#8221;vc_col-md-offset-3 vc_col-md-6&#8243; el_class=&#8221;bg-light rounded shadow p-3&#8243;]<h2 class=\"deco-title centro with-eylet\"><span class=\"deco-eylet\">Sport<\/span> Sci &amp; Snowboard<\/h2>[vc_column_text css=&#8221;&#8221;]<\/p>\n<p style=\"text-align: center;\">Wussten Sie, dass der Winter in San Vigilio di Marebbe von Ende November bis Mitte April<strong> sanft \u00fcber Sie kommt<\/strong>? Im Gran Fod\u00e0 beginnt Ihr Schneeabenteuer direkt vor der T\u00fcr, mit der Seilbahn, die Sie hinauf zum Plan de Corones bringt, ein verschneites Paradies. <\/p>\n<p style=\"text-align: center;\">Die Dolomiten, in Wei\u00df geh\u00fcllt, bieten einen<strong> atemberaubenden Anblick<\/strong> und schaffen eine Landschaft, die wie aus einem Traum wirkt. <strong>Skifahren<\/strong>, <strong>Langlaufen<\/strong>, <strong>Rodeln<\/strong> und Schneeschuhwandern sind nur einige der Erlebnisse, die auf Sie warten. Ein unber\u00fchrtes Naturparadies, in dem die Berge Geschichten von <strong>Frieden<\/strong> und <strong>Sch\u00f6nheit<\/strong> erz\u00e4hlen \u2013 jeder Moment hier wird zu einer Erinnerung, die Sie im Herzen tragen werden. <\/p>\n<p>[\/vc_column_text]<div class=\"button-wrapper centro\"><a class=\"btn btn-default inverted\"  href=\"https:\/\/www.simplebooking.it\/ibe\/search?hid=9416lang=DE\" target=\"_blank\" title=\"Ein Zimmer buchen\">Nimm Platz<\/a><\/div>[\/vc_column][\/vc_row]<\/p>\n<\/div>","protected":false},"excerpt":{"rendered":"<p>[vc_row full_width=&#8221;stretch_row&#8221; full_height=&#8221;yes&#8221; content_placement=&#8221;middle&#8221; css=&#8221;.vc_custom_1761740054298{background-image: url(https:\/\/www.granfoda.it\/wp-content\/uploads\/2024\/09\/inverno-gran-foda-plan-corones-50.jpg?id=1890) !important;background-position: center !important;background-repeat: no-repeat !important;background-size: cover !important;}&#8221;][vc_column css_animation=&#8221;none&#8221; offset=&#8221;vc_col-md-offset-3 vc_col-md-6&#8243; el_class=&#8221;bg-light rounded shadow p-3&#8243;][vc_column_text css=&#8221;&#8221;] Wussten Sie, dass der Winter in San Vigilio di Marebbe von Ende November bis Mitte April sanft \u00fcber Sie kommt? Im Gran Fod\u00e0 beginnt Ihr Schneeabenteuer direkt vor der T\u00fcr, mit der Seilbahn, die [&hellip;]<\/p>\n","protected":false},"author":1,"featured_media":1892,"parent":4281,"menu_order":2,"comment_status":"closed","ping_status":"closed","template":"","meta":{"_acf_changed":false,"footnotes":""},"class_list":["post-4299","page","type-page","status-publish","has-post-thumbnail","hentry"],"acf":[],"yoast_head":"<!-- This site is optimized with the Yoast SEO plugin v27.3 - https:\/\/yoast.com\/product\/yoast-seo-wordpress\/ -->\n<title>Sci &amp; Snowboard | Bio Alpine Hotel Gran Fod\u00e0<\/title>\n<meta name=\"description\" content=\"Im Gran Fod\u00e0 beginnt Ihr Schneeabenteuer direkt vor der T\u00fcr, mit der Seilbahn, die Sie hinauf zum Plan de Corones bringt, ein verschneites Paradies | Alpine Hotel Gran Fod\u00e0\" \/>\n<meta name=\"robots\" content=\"index, follow, max-snippet:-1, max-image-preview:large, max-video-preview:-1\" \/>\n<link rel=\"canonical\" href=\"https:\/\/www.granfoda.it\/de\/abenteuer-und-kultur\/sport\/sci-snowboard\/\" \/>\n<meta property=\"og:locale\" content=\"de_DE\" \/>\n<meta property=\"og:type\" content=\"article\" \/>\n<meta property=\"og:title\" content=\"Sci &amp; Snowboard | Bio Alpine Hotel Gran Fod\u00e0\" \/>\n<meta property=\"og:description\" content=\"Im Gran Fod\u00e0 beginnt Ihr Schneeabenteuer direkt vor der T\u00fcr, mit der Seilbahn, die Sie hinauf zum Plan de Corones bringt, ein verschneites Paradies | Alpine Hotel Gran Fod\u00e0\" \/>\n<meta property=\"og:url\" content=\"https:\/\/www.granfoda.it\/de\/abenteuer-und-kultur\/sport\/sci-snowboard\/\" \/>\n<meta property=\"og:site_name\" content=\"Bio Alpine Hotel Gran Fod\u00e0\" \/>\n<meta property=\"article:publisher\" content=\"https:\/\/www.facebook.com\/HotelGranFoda\" \/>\n<meta property=\"article:modified_time\" content=\"2025-12-05T12:32:51+00:00\" \/>\n<meta property=\"og:image\" content=\"https:\/\/www.granfoda.it\/wp-content\/uploads\/2024\/09\/inverno-gran-foda-plan-corones-50.jpg\" \/>\n\t<meta property=\"og:image:width\" content=\"2031\" \/>\n\t<meta property=\"og:image:height\" content=\"1356\" \/>\n\t<meta property=\"og:image:type\" content=\"image\/jpeg\" \/>\n<meta name=\"twitter:card\" content=\"summary_large_image\" \/>\n<meta name=\"twitter:label1\" content=\"Gesch\u00e4tzte Lesezeit\" \/>\n\t<meta name=\"twitter:data1\" content=\"1\u00a0Minute\" \/>\n<!-- \/ Yoast SEO plugin. -->","yoast_head_json":{"title":"Sci &amp; Snowboard | Bio Alpine Hotel Gran Fod\u00e0","description":"Im Gran Fod\u00e0 beginnt Ihr Schneeabenteuer direkt vor der T\u00fcr, mit der Seilbahn, die Sie hinauf zum Plan de Corones bringt, ein verschneites Paradies | Alpine Hotel Gran Fod\u00e0","robots":{"index":"index","follow":"follow","max-snippet":"max-snippet:-1","max-image-preview":"max-image-preview:large","max-video-preview":"max-video-preview:-1"},"canonical":"https:\/\/www.granfoda.it\/de\/abenteuer-und-kultur\/sport\/sci-snowboard\/","og_locale":"de_DE","og_type":"article","og_title":"Sci &amp; Snowboard | Bio Alpine Hotel Gran Fod\u00e0","og_description":"Im Gran Fod\u00e0 beginnt Ihr Schneeabenteuer direkt vor der T\u00fcr, mit der Seilbahn, die Sie hinauf zum Plan de Corones bringt, ein verschneites Paradies | Alpine Hotel Gran Fod\u00e0","og_url":"https:\/\/www.granfoda.it\/de\/abenteuer-und-kultur\/sport\/sci-snowboard\/","og_site_name":"Bio Alpine Hotel Gran Fod\u00e0","article_publisher":"https:\/\/www.facebook.com\/HotelGranFoda","article_modified_time":"2025-12-05T12:32:51+00:00","og_image":[{"width":2031,"height":1356,"url":"https:\/\/www.granfoda.it\/wp-content\/uploads\/2024\/09\/inverno-gran-foda-plan-corones-50.jpg","type":"image\/jpeg"}],"twitter_card":"summary_large_image","twitter_misc":{"Gesch\u00e4tzte Lesezeit":"1\u00a0Minute"},"schema":{"@context":"https:\/\/schema.org","@graph":[{"@type":"WebPage","@id":"https:\/\/www.granfoda.it\/de\/abenteuer-und-kultur\/sport\/sci-snowboard\/","url":"https:\/\/www.granfoda.it\/de\/abenteuer-und-kultur\/sport\/sci-snowboard\/","name":"Sci &amp; Snowboard | Bio Alpine Hotel Gran Fod\u00e0","isPartOf":{"@id":"https:\/\/www.granfoda.it\/de\/#website"},"primaryImageOfPage":{"@id":"https:\/\/www.granfoda.it\/de\/abenteuer-und-kultur\/sport\/sci-snowboard\/#primaryimage"},"image":{"@id":"https:\/\/www.granfoda.it\/de\/abenteuer-und-kultur\/sport\/sci-snowboard\/#primaryimage"},"thumbnailUrl":"https:\/\/www.granfoda.it\/wp-content\/uploads\/2024\/09\/inverno-gran-foda-plan-corones-50.jpg","datePublished":"2025-04-08T15:03:46+00:00","dateModified":"2025-12-05T12:32:51+00:00","description":"Im Gran Fod\u00e0 beginnt Ihr Schneeabenteuer direkt vor der T\u00fcr, mit der Seilbahn, die Sie hinauf zum Plan de Corones bringt, ein verschneites Paradies | Alpine Hotel Gran Fod\u00e0","breadcrumb":{"@id":"https:\/\/www.granfoda.it\/de\/abenteuer-und-kultur\/sport\/sci-snowboard\/#breadcrumb"},"inLanguage":"de","potentialAction":[{"@type":"ReadAction","target":["https:\/\/www.granfoda.it\/de\/abenteuer-und-kultur\/sport\/sci-snowboard\/"]}]},{"@type":"ImageObject","inLanguage":"de","@id":"https:\/\/www.granfoda.it\/de\/abenteuer-und-kultur\/sport\/sci-snowboard\/#primaryimage","url":"https:\/\/www.granfoda.it\/wp-content\/uploads\/2024\/09\/inverno-gran-foda-plan-corones-50.jpg","contentUrl":"https:\/\/www.granfoda.it\/wp-content\/uploads\/2024\/09\/inverno-gran-foda-plan-corones-50.jpg","width":2031,"height":1356},{"@type":"BreadcrumbList","@id":"https:\/\/www.granfoda.it\/de\/abenteuer-und-kultur\/sport\/sci-snowboard\/#breadcrumb","itemListElement":[{"@type":"ListItem","position":1,"name":"Home","item":"https:\/\/www.granfoda.it\/de\/home-page\/"},{"@type":"ListItem","position":2,"name":"Abenteuer und Kultur","item":"https:\/\/www.granfoda.it\/de\/abenteuer-und-kultur\/"},{"@type":"ListItem","position":3,"name":"Sport","item":"https:\/\/www.granfoda.it\/de\/abenteuer-und-kultur\/sport\/"},{"@type":"ListItem","position":4,"name":"Sci &amp; Snowboard"}]},{"@type":"WebSite","@id":"https:\/\/www.granfoda.it\/de\/#website","url":"https:\/\/www.granfoda.it\/de\/","name":"Alpine Hotel Gran Fod\u00e0","description":"La nostra casa ski in ski out a Plan de Corones","publisher":{"@id":"https:\/\/www.granfoda.it\/de\/#organization"},"alternateName":"Alpine Hotel Gran Fod\u00e0","potentialAction":[{"@type":"SearchAction","target":{"@type":"EntryPoint","urlTemplate":"https:\/\/www.granfoda.it\/de\/?s={search_term_string}"},"query-input":{"@type":"PropertyValueSpecification","valueRequired":true,"valueName":"search_term_string"}}],"inLanguage":"de"},{"@type":"Organization","@id":"https:\/\/www.granfoda.it\/de\/#organization","name":"Alpine Hotel Gran Fod\u00e0","url":"https:\/\/www.granfoda.it\/de\/","logo":{"@type":"ImageObject","inLanguage":"de","@id":"https:\/\/www.granfoda.it\/de\/#\/schema\/logo\/image\/","url":"https:\/\/www.granfoda.it\/wp-content\/uploads\/2024\/02\/alpine-hotel-gran-foda-logo-square.jpg","contentUrl":"https:\/\/www.granfoda.it\/wp-content\/uploads\/2024\/02\/alpine-hotel-gran-foda-logo-square.jpg","width":550,"height":550,"caption":"Alpine Hotel Gran Fod\u00e0"},"image":{"@id":"https:\/\/www.granfoda.it\/de\/#\/schema\/logo\/image\/"},"sameAs":["https:\/\/www.facebook.com\/HotelGranFoda","https:\/\/www.instagram.com\/alpinehotelgranfoda\/","https:\/\/www.youtube.com\/@GranFodaIta"]}]}},"_links":{"self":[{"href":"https:\/\/www.granfoda.it\/de\/wp-json\/wp\/v2\/pages\/4299","targetHints":{"allow":["GET"]}}],"collection":[{"href":"https:\/\/www.granfoda.it\/de\/wp-json\/wp\/v2\/pages"}],"about":[{"href":"https:\/\/www.granfoda.it\/de\/wp-json\/wp\/v2\/types\/page"}],"author":[{"embeddable":true,"href":"https:\/\/www.granfoda.it\/de\/wp-json\/wp\/v2\/users\/1"}],"replies":[{"embeddable":true,"href":"https:\/\/www.granfoda.it\/de\/wp-json\/wp\/v2\/comments?post=4299"}],"version-history":[{"count":8,"href":"https:\/\/www.granfoda.it\/de\/wp-json\/wp\/v2\/pages\/4299\/revisions"}],"predecessor-version":[{"id":9502,"href":"https:\/\/www.granfoda.it\/de\/wp-json\/wp\/v2\/pages\/4299\/revisions\/9502"}],"up":[{"embeddable":true,"href":"https:\/\/www.granfoda.it\/de\/wp-json\/wp\/v2\/pages\/4281"}],"wp:featuredmedia":[{"embeddable":true,"href":"https:\/\/www.granfoda.it\/de\/wp-json\/wp\/v2\/media\/1892"}],"wp:attachment":[{"href":"https:\/\/www.granfoda.it\/de\/wp-json\/wp\/v2\/media?parent=4299"}],"curies":[{"name":"wp","href":"https:\/\/api.w.org\/{rel}","templated":true}]}}