{"id":4293,"date":"2025-04-08T17:03:21","date_gmt":"2025-04-08T15:03:21","guid":{"rendered":"https:\/\/web.granfoda.it\/aktivitaeten-in-suedtirol\/sport\/trekking-und-ausfluege\/"},"modified":"2025-04-23T16:51:20","modified_gmt":"2025-04-23T14:51:20","slug":"trekking-und-ausfluege","status":"publish","type":"page","link":"https:\/\/www.granfoda.it\/de\/abenteuer-und-kultur\/sport\/trekking-und-ausfluege\/","title":{"rendered":"Trekking und Ausfl\u00fcge"},"content":{"rendered":"<div class=\"wpb-content-wrapper\"><p>[vc_row full_width=&#8221;stretch_row&#8221; content_placement=&#8221;middle&#8221; css=&#8221;.vc_custom_1744366066333{margin-bottom: 1em !important;padding-top: 3em !important;padding-bottom: 3em !important;background-image: url(https:\/\/www.granfoda.it\/wp-content\/uploads\/2025\/04\/avventura-cultura-gran-foda-albergo-plan-de-corones-1.jpg?id=3784) !important;background-position: center !important;background-repeat: no-repeat !important;background-size: cover !important;}&#8221;][vc_column css_animation=&#8221;none&#8221; width=&#8221;1\/4&#8243;][\/vc_column][vc_column width=&#8221;1\/2&#8243; css=&#8221;.vc_custom_1714398387900{padding-top: 4em !important;padding-right: 2em !important;padding-bottom: 4em !important;padding-left: 2em !important;background-color: #ffffff !important;}&#8221;]<h2 class=\"deco-title centro with-eylet\"><span class=\"deco-eylet\">Sport<\/span> Trekking und Ausfl\u00fcge<\/h2>[vc_column_text css=&#8221;&#8221;]<\/p>\n<p style=\"text-align: center;\">F\u00fcr Wanderfreunde ist unser Haus der ideale R\u00fcckzugsort f\u00fcr ein einzigartiges Bergerlebnis. Nur wenige Schritte von unserer T\u00fcr entfernt finden Sie Wanderwege, die sich durch <strong>stille W\u00e4lder<\/strong> und <strong>gr\u00fcne Wiesen<\/strong> schl\u00e4ngeln und Sie zu Gipfeln f\u00fchren, die den Himmel zu ber\u00fchren scheinen. In <strong>San Vigilio di Marebbe<\/strong> und <strong>San Martino in Badia <\/strong>l\u00e4dt jede Ecke dazu ein, au\u00dfergew\u00f6hnliche Landschaften zu entdecken, in denen die Berge in ihrer ganzen Majest\u00e4t erstrahlen.  <\/p>\n<p style=\"text-align: center;\">Ob anspruchsvolle Wanderungen zu den Gipfeln der Dolomiten oder gem\u00fctliche Spazierg\u00e4nge zwischen H\u00fctten und Almen, jeder Weg bietet etwas Besonderes. Vom schwierigen <strong>Terrain<\/strong> f\u00fcr erfahrene Wanderer bis hin zu einfachen, entspannenden <strong>Wanderungen<\/strong>, die auch f\u00fcr Familien mit Kindern geeignet sind, gibt es hier f\u00fcr jeden etwas \u2013 und nicht zu vergessen, die <strong>kulinarischen Erlebnisse<\/strong>, die Ihnen den Geschmack der Berge n\u00e4herbringen. <\/p>\n<p>[\/vc_column_text]<div class=\"button-wrapper centro\"><a class=\"btn btn-default inverted\"  href=\"https:\/\/www.simplebooking.it\/ibe\/search?hid=9416&lang=DE\" target=\"_blank\" title=\"Ein Zimmer buchen\">Nimm Platz<\/a><\/div>[\/vc_column][vc_column width=&#8221;1\/4&#8243;][\/vc_column][\/vc_row][vc_row css=&#8221;.vc_custom_1744366261178{padding-bottom: 2em !important;}&#8221;][vc_column]<div id=\"features-carousel-69f2e5153c54b-wrapper\" class=\"feature-carousel-wrapper \">\n\t\t\t\t\t\t\t<div class=\"features-carousel\" style=\"--features-carousel-color:#cccccc;\">\n\t\t\t\t\t\t\t\t<div class=\"row g-0\">\n\t\t\t\t\t\t\t\t\t<div class=\"col-xl-8 col-lg-6 features-carousel-cycler\">\n\t\t\t\t\t\t\t\t\t\t<img decoding=\"async\" class=\"active\" src=\"https:\/\/www.granfoda.it\/wp-content\/uploads\/2025\/03\/AC_GF_07.jpg\" alt=\"\" \/>\n\t\t\t\t\t\t\t\t\t<\/div>\n\t\t\t\t\t\t\t\t\t<div class=\"col-xl-4 col-lg-6 features-carousel-color\">\n\t\t\t\t\t\t\t\t\t\t<div id=\"features-carousel-69f2e5153c54b\" class=\"features-slider carousel slide\" data-bs-ride=\"carousel\" data-bs-interval=\"10000\">\n\t\t\t\t\t\t\t\t\t\t\t<div class=\"carousel-inner feature-carousel-inner\">\n\t\t\t\t\t\t\t\t\t\t\t\t<div data-index=\"0\" class=\"features-item carousel-item item active p-lg-5 p-3\">\n\t\t\t\t\t\t\t<div class=\"features-item-table\">\n\t\t\t\t\t\t\t\t<span class=\"features-item-table-item\">\n\t\t\t\t\t\t\t\t\t<h2 class=\"deco-title mb-2\"><span class=\"deco-eylet\">Trekking und Ausfl\u00fcge<\/span><span>Abenteuer in Sicherheit<\/span><\/h2>\n\t\t\t\t\t\t\t\t\t<div class=\"features-item-text\">Jeder Wanderweg erz\u00e4hlt eine Geschichte, und um diese sicher zu erleben, ist die richtige Ausr\u00fcstung unerl\u00e4sslich. Unsere \u00f6rtlichen Guides und die Tourismusgenossenschaft stehen Ihnen stets mit wertvollen Tipps zur Seite und helfen Ihnen, die besten Routen f\u00fcr ein unvergessliches Abenteuer im Herzen der Dolomiten zu w\u00e4hlen. <\/div>\n\t\t\t\t\t\t\t\t\t\n\t\t\t\t\t\t\t\t\t\n\t\t\t\t\t\t\t\t<\/span>\n\t\t\t\t\t\t\t<\/div>\n\t\t\t\t\t\t<\/div>\n\t\t\t\t\t\t\t\t\t\t\t<\/div>\n\t\t\t\t\t\t\t\t\t\t\t\n\t\t\t\t\t\t\t\t\t\t<\/div>\t\t\t\t\t\t\t\t\t\n\t\t\t\t\t\t\t\t\t<\/div>\n\t\t\t\t\t\t\t\t<\/div>\n\t\t\t\t\t\t\t<\/div>\n\t\t\t\t\t\t<\/div>[\/vc_column][\/vc_row]<\/p>\n<\/div>","protected":false},"excerpt":{"rendered":"<p>[vc_row full_width=&#8221;stretch_row&#8221; content_placement=&#8221;middle&#8221; css=&#8221;.vc_custom_1744366066333{margin-bottom: 1em !important;padding-top: 3em !important;padding-bottom: 3em !important;background-image: url(https:\/\/www.granfoda.it\/wp-content\/uploads\/2025\/04\/avventura-cultura-gran-foda-albergo-plan-de-corones-1.jpg?id=3784) !important;background-position: center !important;background-repeat: no-repeat !important;background-size: cover !important;}&#8221;][vc_column css_animation=&#8221;none&#8221; width=&#8221;1\/4&#8243;][\/vc_column][vc_column width=&#8221;1\/2&#8243; css=&#8221;.vc_custom_1714398387900{padding-top: 4em !important;padding-right: 2em !important;padding-bottom: 4em !important;padding-left: 2em !important;background-color: #ffffff !important;}&#8221;][vc_column_text css=&#8221;&#8221;] F\u00fcr Wanderfreunde ist unser Haus der ideale R\u00fcckzugsort f\u00fcr ein einzigartiges Bergerlebnis. Nur wenige Schritte von unserer T\u00fcr entfernt finden Sie Wanderwege, [&hellip;]<\/p>\n","protected":false},"author":1,"featured_media":3786,"parent":4281,"menu_order":1,"comment_status":"closed","ping_status":"closed","template":"","meta":{"_acf_changed":false,"rs_blank_template":"","rs_page_bg_color":"","slide_template_v7":"","footnotes":""},"class_list":["post-4293","page","type-page","status-publish","has-post-thumbnail","hentry"],"acf":[],"yoast_head":"<!-- This site is optimized with the Yoast SEO plugin v27.5 - https:\/\/yoast.com\/product\/yoast-seo-wordpress\/ -->\n<title>Trekking und Ausfl\u00fcge | Bio Alpine Hotel Gran Fod\u00e0<\/title>\n<meta name=\"description\" content=\"In San Vigilio di Marebbe und San Martino in Badia l\u00e4dt jede Ecke dazu ein, au\u00dfergew\u00f6hnliche Landschaften zu entdecken, in denen die Berge in ihrer ganzen Majest\u00e4t erstrahlen. | Alpine Hotel Gran Fod\u00e0\" \/>\n<meta name=\"robots\" content=\"index, follow, max-snippet:-1, max-image-preview:large, max-video-preview:-1\" \/>\n<link rel=\"canonical\" href=\"https:\/\/www.granfoda.it\/de\/abenteuer-und-kultur\/sport\/trekking-und-ausfluege\/\" \/>\n<meta property=\"og:locale\" content=\"de_DE\" \/>\n<meta property=\"og:type\" content=\"article\" \/>\n<meta property=\"og:title\" content=\"Trekking und Ausfl\u00fcge | Bio Alpine Hotel Gran Fod\u00e0\" \/>\n<meta property=\"og:description\" content=\"In San Vigilio di Marebbe und San Martino in Badia l\u00e4dt jede Ecke dazu ein, au\u00dfergew\u00f6hnliche Landschaften zu entdecken, in denen die Berge in ihrer ganzen Majest\u00e4t erstrahlen. | Alpine Hotel Gran Fod\u00e0\" \/>\n<meta property=\"og:url\" content=\"https:\/\/www.granfoda.it\/de\/abenteuer-und-kultur\/sport\/trekking-und-ausfluege\/\" \/>\n<meta property=\"og:site_name\" content=\"Bio Alpine Hotel Gran Fod\u00e0\" \/>\n<meta property=\"article:publisher\" content=\"https:\/\/www.facebook.com\/HotelGranFoda\" \/>\n<meta property=\"article:modified_time\" content=\"2025-04-23T14:51:20+00:00\" \/>\n<meta property=\"og:image\" content=\"https:\/\/www.granfoda.it\/wp-content\/uploads\/2025\/04\/avventura-cultura-gran-foda-albergo-plan-de-corones-1.jpg\" \/>\n\t<meta property=\"og:image:width\" content=\"1920\" \/>\n\t<meta property=\"og:image:height\" content=\"1277\" \/>\n\t<meta property=\"og:image:type\" content=\"image\/jpeg\" \/>\n<meta name=\"twitter:card\" content=\"summary_large_image\" \/>\n<meta name=\"twitter:label1\" content=\"Gesch\u00e4tzte Lesezeit\" \/>\n\t<meta name=\"twitter:data1\" content=\"2\u00a0Minuten\" \/>\n<!-- \/ Yoast SEO plugin. -->","yoast_head_json":{"title":"Trekking und Ausfl\u00fcge | Bio Alpine Hotel Gran Fod\u00e0","description":"In San Vigilio di Marebbe und San Martino in Badia l\u00e4dt jede Ecke dazu ein, au\u00dfergew\u00f6hnliche Landschaften zu entdecken, in denen die Berge in ihrer ganzen Majest\u00e4t erstrahlen. | Alpine Hotel Gran Fod\u00e0","robots":{"index":"index","follow":"follow","max-snippet":"max-snippet:-1","max-image-preview":"max-image-preview:large","max-video-preview":"max-video-preview:-1"},"canonical":"https:\/\/www.granfoda.it\/de\/abenteuer-und-kultur\/sport\/trekking-und-ausfluege\/","og_locale":"de_DE","og_type":"article","og_title":"Trekking und Ausfl\u00fcge | Bio Alpine Hotel Gran Fod\u00e0","og_description":"In San Vigilio di Marebbe und San Martino in Badia l\u00e4dt jede Ecke dazu ein, au\u00dfergew\u00f6hnliche Landschaften zu entdecken, in denen die Berge in ihrer ganzen Majest\u00e4t erstrahlen. | Alpine Hotel Gran Fod\u00e0","og_url":"https:\/\/www.granfoda.it\/de\/abenteuer-und-kultur\/sport\/trekking-und-ausfluege\/","og_site_name":"Bio Alpine Hotel Gran Fod\u00e0","article_publisher":"https:\/\/www.facebook.com\/HotelGranFoda","article_modified_time":"2025-04-23T14:51:20+00:00","og_image":[{"width":1920,"height":1277,"url":"https:\/\/www.granfoda.it\/wp-content\/uploads\/2025\/04\/avventura-cultura-gran-foda-albergo-plan-de-corones-1.jpg","type":"image\/jpeg"}],"twitter_card":"summary_large_image","twitter_misc":{"Gesch\u00e4tzte Lesezeit":"2\u00a0Minuten"},"schema":{"@context":"https:\/\/schema.org","@graph":[{"@type":"WebPage","@id":"https:\/\/www.granfoda.it\/de\/abenteuer-und-kultur\/sport\/trekking-und-ausfluege\/","url":"https:\/\/www.granfoda.it\/de\/abenteuer-und-kultur\/sport\/trekking-und-ausfluege\/","name":"Trekking und Ausfl\u00fcge | Bio Alpine Hotel Gran Fod\u00e0","isPartOf":{"@id":"https:\/\/www.granfoda.it\/de\/#website"},"primaryImageOfPage":{"@id":"https:\/\/www.granfoda.it\/de\/abenteuer-und-kultur\/sport\/trekking-und-ausfluege\/#primaryimage"},"image":{"@id":"https:\/\/www.granfoda.it\/de\/abenteuer-und-kultur\/sport\/trekking-und-ausfluege\/#primaryimage"},"thumbnailUrl":"https:\/\/www.granfoda.it\/wp-content\/uploads\/2025\/04\/avventura-cultura-gran-foda-albergo-plan-de-corones-1.jpg","datePublished":"2025-04-08T15:03:21+00:00","dateModified":"2025-04-23T14:51:20+00:00","description":"In San Vigilio di Marebbe und San Martino in Badia l\u00e4dt jede Ecke dazu ein, au\u00dfergew\u00f6hnliche Landschaften zu entdecken, in denen die Berge in ihrer ganzen Majest\u00e4t erstrahlen. | Alpine Hotel Gran Fod\u00e0","breadcrumb":{"@id":"https:\/\/www.granfoda.it\/de\/abenteuer-und-kultur\/sport\/trekking-und-ausfluege\/#breadcrumb"},"inLanguage":"de","potentialAction":[{"@type":"ReadAction","target":["https:\/\/www.granfoda.it\/de\/abenteuer-und-kultur\/sport\/trekking-und-ausfluege\/"]}]},{"@type":"ImageObject","inLanguage":"de","@id":"https:\/\/www.granfoda.it\/de\/abenteuer-und-kultur\/sport\/trekking-und-ausfluege\/#primaryimage","url":"https:\/\/www.granfoda.it\/wp-content\/uploads\/2025\/04\/avventura-cultura-gran-foda-albergo-plan-de-corones-1.jpg","contentUrl":"https:\/\/www.granfoda.it\/wp-content\/uploads\/2025\/04\/avventura-cultura-gran-foda-albergo-plan-de-corones-1.jpg","width":1920,"height":1277},{"@type":"BreadcrumbList","@id":"https:\/\/www.granfoda.it\/de\/abenteuer-und-kultur\/sport\/trekking-und-ausfluege\/#breadcrumb","itemListElement":[{"@type":"ListItem","position":1,"name":"Home","item":"https:\/\/www.granfoda.it\/de\/"},{"@type":"ListItem","position":2,"name":"Abenteuer und Kultur","item":"https:\/\/www.granfoda.it\/de\/abenteuer-und-kultur\/"},{"@type":"ListItem","position":3,"name":"Sport","item":"https:\/\/www.granfoda.it\/de\/abenteuer-und-kultur\/sport\/"},{"@type":"ListItem","position":4,"name":"Trekking und Ausfl\u00fcge"}]},{"@type":"WebSite","@id":"https:\/\/www.granfoda.it\/de\/#website","url":"https:\/\/www.granfoda.it\/de\/","name":"Alpine Hotel Gran Fod\u00e0","description":"La nostra casa ski in ski out a Plan de Corones","publisher":{"@id":"https:\/\/www.granfoda.it\/de\/#organization"},"alternateName":"Alpine Hotel Gran Fod\u00e0","potentialAction":[{"@type":"SearchAction","target":{"@type":"EntryPoint","urlTemplate":"https:\/\/www.granfoda.it\/de\/?s={search_term_string}"},"query-input":{"@type":"PropertyValueSpecification","valueRequired":true,"valueName":"search_term_string"}}],"inLanguage":"de"},{"@type":"Organization","@id":"https:\/\/www.granfoda.it\/de\/#organization","name":"Alpine Hotel Gran Fod\u00e0","url":"https:\/\/www.granfoda.it\/de\/","logo":{"@type":"ImageObject","inLanguage":"de","@id":"https:\/\/www.granfoda.it\/de\/#\/schema\/logo\/image\/","url":"https:\/\/www.granfoda.it\/wp-content\/uploads\/2024\/02\/alpine-hotel-gran-foda-logo-square.jpg","contentUrl":"https:\/\/www.granfoda.it\/wp-content\/uploads\/2024\/02\/alpine-hotel-gran-foda-logo-square.jpg","width":550,"height":550,"caption":"Alpine Hotel Gran Fod\u00e0"},"image":{"@id":"https:\/\/www.granfoda.it\/de\/#\/schema\/logo\/image\/"},"sameAs":["https:\/\/www.facebook.com\/HotelGranFoda","https:\/\/www.instagram.com\/alpinehotelgranfoda\/","https:\/\/www.youtube.com\/@GranFodaIta"]}]}},"_links":{"self":[{"href":"https:\/\/www.granfoda.it\/de\/wp-json\/wp\/v2\/pages\/4293","targetHints":{"allow":["GET"]}}],"collection":[{"href":"https:\/\/www.granfoda.it\/de\/wp-json\/wp\/v2\/pages"}],"about":[{"href":"https:\/\/www.granfoda.it\/de\/wp-json\/wp\/v2\/types\/page"}],"author":[{"embeddable":true,"href":"https:\/\/www.granfoda.it\/de\/wp-json\/wp\/v2\/users\/1"}],"replies":[{"embeddable":true,"href":"https:\/\/www.granfoda.it\/de\/wp-json\/wp\/v2\/comments?post=4293"}],"version-history":[{"count":6,"href":"https:\/\/www.granfoda.it\/de\/wp-json\/wp\/v2\/pages\/4293\/revisions"}],"predecessor-version":[{"id":4737,"href":"https:\/\/www.granfoda.it\/de\/wp-json\/wp\/v2\/pages\/4293\/revisions\/4737"}],"up":[{"embeddable":true,"href":"https:\/\/www.granfoda.it\/de\/wp-json\/wp\/v2\/pages\/4281"}],"wp:featuredmedia":[{"embeddable":true,"href":"https:\/\/www.granfoda.it\/de\/wp-json\/wp\/v2\/media\/3786"}],"wp:attachment":[{"href":"https:\/\/www.granfoda.it\/de\/wp-json\/wp\/v2\/media?parent=4293"}],"curies":[{"name":"wp","href":"https:\/\/api.w.org\/{rel}","templated":true}]}}