{"id":4287,"date":"2025-04-08T17:03:09","date_gmt":"2025-04-08T15:03:09","guid":{"rendered":"https:\/\/web.granfoda.it\/aktivitaeten-in-suedtirol\/sport\/mountain-bike\/"},"modified":"2026-04-13T15:07:39","modified_gmt":"2026-04-13T13:07:39","slug":"mountain-bike","status":"publish","type":"page","link":"https:\/\/www.granfoda.it\/de\/abenteuer-und-kultur\/sport\/mountain-bike\/","title":{"rendered":"Road &#038; Mountain Bike"},"content":{"rendered":"<div class=\"wpb-content-wrapper\"><p>[vc_row full_width=&#8221;stretch_row&#8221; content_placement=&#8221;middle&#8221; css=&#8221;.vc_custom_1776085657313{margin-bottom: 1em !important;padding-top: 3em !important;padding-bottom: 3em !important;background-image: url(https:\/\/www.granfoda.it\/wp-content\/uploads\/2025\/04\/avventura-cultura-gran-foda-albergo-plan-de-corones-9.jpg?id=3751) !important;background-position: center !important;background-repeat: no-repeat !important;background-size: cover !important;}&#8221;][vc_column css_animation=&#8221;none&#8221; width=&#8221;1\/4&#8243;][\/vc_column][vc_column width=&#8221;1\/2&#8243; css=&#8221;.vc_custom_1714398387900{padding-top: 4em !important;padding-right: 2em !important;padding-bottom: 4em !important;padding-left: 2em !important;background-color: #ffffff !important;}&#8221;]<h2 class=\"deco-title centro with-eylet\"><span class=\"deco-eylet\">Sport<\/span> Road &amp; Mountain Bike<\/h2>[vc_column_text css=&#8221;&#8221;]<\/p>\n<p style=\"text-align: center;\">Wenn Radfahren Ihre Leidenschaft ist, dann ist unser Zuhause der Ort, an dem jeder Tritt in die Pedale zu einem <strong>Abenteuer<\/strong> wird. Eingebettet im Herzen der Dolomiten, ist unser Hotel der perfekte Ausgangspunkt f\u00fcr einen Radurlaub, der Sie durch <strong>endlose Landschaften<\/strong> f\u00fchrt. Hier l\u00e4dt jeder Trail zur Entdeckung ein, jeder Anstieg bietet unvergessliche Ausblicke \u2013 ob Sie nun den Adrenalinkick beim Mountainbiken oder die <strong>Leichtigkeit<\/strong> des Rennradfahrens bevorzugen.<\/p>\n<p style=\"text-align: center;\">In S\u00fcdtirol ist der Radurlaub <strong>nicht nur Sport<\/strong>, sondern eine tiefgehende Verbindung mit der Natur \u2013 ein Abenteuer, das alle Sinne anspricht. Egal, ob Sie ein erfahrener Radfahrer auf der Suche nach neuen Horizonten sind oder ein Anf\u00e4nger, der einfach die<strong> Ruhe<\/strong> der Berge genie\u00dfen m\u00f6chte, hier ist f\u00fcr jeden etwas dabei.<\/p>\n<p>[\/vc_column_text]<div class=\"button-wrapper centro\"><a class=\"btn btn-default inverted\"  href=\"https:\/\/www.simplebooking.it\/ibe\/search?hid=9416&lang=DE\" target=\"_blank\" title=\"Ein Zimmer buchen\">Nimm Platz<\/a><\/div>[\/vc_column][vc_column width=&#8221;1\/4&#8243;][\/vc_column][\/vc_row]<\/p>\n<\/div>","protected":false},"excerpt":{"rendered":"<p>[vc_row full_width=&#8221;stretch_row&#8221; content_placement=&#8221;middle&#8221; css=&#8221;.vc_custom_1776085657313{margin-bottom: 1em !important;padding-top: 3em !important;padding-bottom: 3em !important;background-image: url(https:\/\/www.granfoda.it\/wp-content\/uploads\/2025\/04\/avventura-cultura-gran-foda-albergo-plan-de-corones-9.jpg?id=3751) !important;background-position: center !important;background-repeat: no-repeat !important;background-size: cover !important;}&#8221;][vc_column css_animation=&#8221;none&#8221; width=&#8221;1\/4&#8243;][\/vc_column][vc_column width=&#8221;1\/2&#8243; css=&#8221;.vc_custom_1714398387900{padding-top: 4em !important;padding-right: 2em !important;padding-bottom: 4em !important;padding-left: 2em !important;background-color: #ffffff !important;}&#8221;][vc_column_text css=&#8221;&#8221;] Wenn Radfahren Ihre Leidenschaft ist, dann ist unser Zuhause der Ort, an dem jeder Tritt in die Pedale zu einem Abenteuer wird. [&hellip;]<\/p>\n","protected":false},"author":1,"featured_media":1164,"parent":4281,"menu_order":0,"comment_status":"closed","ping_status":"closed","template":"","meta":{"_acf_changed":false,"rs_blank_template":"","rs_page_bg_color":"","slide_template_v7":"","footnotes":""},"class_list":["post-4287","page","type-page","status-publish","has-post-thumbnail","hentry"],"acf":[],"yoast_head":"<!-- This site is optimized with the Yoast SEO plugin v27.5 - https:\/\/yoast.com\/product\/yoast-seo-wordpress\/ -->\n<title>Road &amp; Mountain Bike - Bio Alpine Hotel Gran Fod\u00e0<\/title>\n<meta name=\"description\" content=\"Ist unser Hotel der perfekte Ausgangspunkt f\u00fcr einen Radurlaub, der Sie durch endlose Landschaften f\u00fchrt | Alpine Hotel Gran Fod\u00e0\" \/>\n<meta name=\"robots\" content=\"index, follow, max-snippet:-1, max-image-preview:large, max-video-preview:-1\" \/>\n<link rel=\"canonical\" href=\"https:\/\/www.granfoda.it\/de\/abenteuer-und-kultur\/sport\/mountain-bike\/\" \/>\n<meta property=\"og:locale\" content=\"de_DE\" \/>\n<meta property=\"og:type\" content=\"article\" \/>\n<meta property=\"og:title\" content=\"Road &amp; Mountain Bike - Bio Alpine Hotel Gran Fod\u00e0\" \/>\n<meta property=\"og:description\" content=\"Ist unser Hotel der perfekte Ausgangspunkt f\u00fcr einen Radurlaub, der Sie durch endlose Landschaften f\u00fchrt | Alpine Hotel Gran Fod\u00e0\" \/>\n<meta property=\"og:url\" content=\"https:\/\/www.granfoda.it\/de\/abenteuer-und-kultur\/sport\/mountain-bike\/\" \/>\n<meta property=\"og:site_name\" content=\"Bio Alpine Hotel Gran Fod\u00e0\" \/>\n<meta property=\"article:publisher\" content=\"https:\/\/www.facebook.com\/HotelGranFoda\" \/>\n<meta property=\"article:modified_time\" content=\"2026-04-13T13:07:39+00:00\" \/>\n<meta property=\"og:image\" content=\"https:\/\/www.granfoda.it\/wp-content\/uploads\/2024\/04\/Senza-titolo-1.jpg\" \/>\n\t<meta property=\"og:image:width\" content=\"800\" \/>\n\t<meta property=\"og:image:height\" content=\"450\" \/>\n\t<meta property=\"og:image:type\" content=\"image\/jpeg\" \/>\n<meta name=\"twitter:card\" content=\"summary_large_image\" \/>\n<meta name=\"twitter:label1\" content=\"Gesch\u00e4tzte Lesezeit\" \/>\n\t<meta name=\"twitter:data1\" content=\"1\u00a0Minute\" \/>\n<!-- \/ Yoast SEO plugin. -->","yoast_head_json":{"title":"Road & Mountain Bike - Bio Alpine Hotel Gran Fod\u00e0","description":"Ist unser Hotel der perfekte Ausgangspunkt f\u00fcr einen Radurlaub, der Sie durch endlose Landschaften f\u00fchrt | Alpine Hotel Gran Fod\u00e0","robots":{"index":"index","follow":"follow","max-snippet":"max-snippet:-1","max-image-preview":"max-image-preview:large","max-video-preview":"max-video-preview:-1"},"canonical":"https:\/\/www.granfoda.it\/de\/abenteuer-und-kultur\/sport\/mountain-bike\/","og_locale":"de_DE","og_type":"article","og_title":"Road & Mountain Bike - Bio Alpine Hotel Gran Fod\u00e0","og_description":"Ist unser Hotel der perfekte Ausgangspunkt f\u00fcr einen Radurlaub, der Sie durch endlose Landschaften f\u00fchrt | Alpine Hotel Gran Fod\u00e0","og_url":"https:\/\/www.granfoda.it\/de\/abenteuer-und-kultur\/sport\/mountain-bike\/","og_site_name":"Bio Alpine Hotel Gran Fod\u00e0","article_publisher":"https:\/\/www.facebook.com\/HotelGranFoda","article_modified_time":"2026-04-13T13:07:39+00:00","og_image":[{"width":800,"height":450,"url":"https:\/\/www.granfoda.it\/wp-content\/uploads\/2024\/04\/Senza-titolo-1.jpg","type":"image\/jpeg"}],"twitter_card":"summary_large_image","twitter_misc":{"Gesch\u00e4tzte Lesezeit":"1\u00a0Minute"},"schema":{"@context":"https:\/\/schema.org","@graph":[{"@type":"WebPage","@id":"https:\/\/www.granfoda.it\/de\/abenteuer-und-kultur\/sport\/mountain-bike\/","url":"https:\/\/www.granfoda.it\/de\/abenteuer-und-kultur\/sport\/mountain-bike\/","name":"Road & Mountain Bike - Bio Alpine Hotel Gran Fod\u00e0","isPartOf":{"@id":"https:\/\/www.granfoda.it\/de\/#website"},"primaryImageOfPage":{"@id":"https:\/\/www.granfoda.it\/de\/abenteuer-und-kultur\/sport\/mountain-bike\/#primaryimage"},"image":{"@id":"https:\/\/www.granfoda.it\/de\/abenteuer-und-kultur\/sport\/mountain-bike\/#primaryimage"},"thumbnailUrl":"https:\/\/www.granfoda.it\/wp-content\/uploads\/2024\/04\/Senza-titolo-1.jpg","datePublished":"2025-04-08T15:03:09+00:00","dateModified":"2026-04-13T13:07:39+00:00","description":"Ist unser Hotel der perfekte Ausgangspunkt f\u00fcr einen Radurlaub, der Sie durch endlose Landschaften f\u00fchrt | Alpine Hotel Gran Fod\u00e0","breadcrumb":{"@id":"https:\/\/www.granfoda.it\/de\/abenteuer-und-kultur\/sport\/mountain-bike\/#breadcrumb"},"inLanguage":"de","potentialAction":[{"@type":"ReadAction","target":["https:\/\/www.granfoda.it\/de\/abenteuer-und-kultur\/sport\/mountain-bike\/"]}]},{"@type":"ImageObject","inLanguage":"de","@id":"https:\/\/www.granfoda.it\/de\/abenteuer-und-kultur\/sport\/mountain-bike\/#primaryimage","url":"https:\/\/www.granfoda.it\/wp-content\/uploads\/2024\/04\/Senza-titolo-1.jpg","contentUrl":"https:\/\/www.granfoda.it\/wp-content\/uploads\/2024\/04\/Senza-titolo-1.jpg","width":800,"height":450},{"@type":"BreadcrumbList","@id":"https:\/\/www.granfoda.it\/de\/abenteuer-und-kultur\/sport\/mountain-bike\/#breadcrumb","itemListElement":[{"@type":"ListItem","position":1,"name":"Home","item":"https:\/\/www.granfoda.it\/de\/"},{"@type":"ListItem","position":2,"name":"Abenteuer und Kultur","item":"https:\/\/www.granfoda.it\/de\/abenteuer-und-kultur\/"},{"@type":"ListItem","position":3,"name":"Sport","item":"https:\/\/www.granfoda.it\/de\/abenteuer-und-kultur\/sport\/"},{"@type":"ListItem","position":4,"name":"Road &#038; Mountain Bike"}]},{"@type":"WebSite","@id":"https:\/\/www.granfoda.it\/de\/#website","url":"https:\/\/www.granfoda.it\/de\/","name":"Alpine Hotel Gran Fod\u00e0","description":"La nostra casa ski in ski out a Plan de Corones","publisher":{"@id":"https:\/\/www.granfoda.it\/de\/#organization"},"alternateName":"Alpine Hotel Gran Fod\u00e0","potentialAction":[{"@type":"SearchAction","target":{"@type":"EntryPoint","urlTemplate":"https:\/\/www.granfoda.it\/de\/?s={search_term_string}"},"query-input":{"@type":"PropertyValueSpecification","valueRequired":true,"valueName":"search_term_string"}}],"inLanguage":"de"},{"@type":"Organization","@id":"https:\/\/www.granfoda.it\/de\/#organization","name":"Alpine Hotel Gran Fod\u00e0","url":"https:\/\/www.granfoda.it\/de\/","logo":{"@type":"ImageObject","inLanguage":"de","@id":"https:\/\/www.granfoda.it\/de\/#\/schema\/logo\/image\/","url":"https:\/\/www.granfoda.it\/wp-content\/uploads\/2024\/02\/alpine-hotel-gran-foda-logo-square.jpg","contentUrl":"https:\/\/www.granfoda.it\/wp-content\/uploads\/2024\/02\/alpine-hotel-gran-foda-logo-square.jpg","width":550,"height":550,"caption":"Alpine Hotel Gran Fod\u00e0"},"image":{"@id":"https:\/\/www.granfoda.it\/de\/#\/schema\/logo\/image\/"},"sameAs":["https:\/\/www.facebook.com\/HotelGranFoda","https:\/\/www.instagram.com\/alpinehotelgranfoda\/","https:\/\/www.youtube.com\/@GranFodaIta"]}]}},"_links":{"self":[{"href":"https:\/\/www.granfoda.it\/de\/wp-json\/wp\/v2\/pages\/4287","targetHints":{"allow":["GET"]}}],"collection":[{"href":"https:\/\/www.granfoda.it\/de\/wp-json\/wp\/v2\/pages"}],"about":[{"href":"https:\/\/www.granfoda.it\/de\/wp-json\/wp\/v2\/types\/page"}],"author":[{"embeddable":true,"href":"https:\/\/www.granfoda.it\/de\/wp-json\/wp\/v2\/users\/1"}],"replies":[{"embeddable":true,"href":"https:\/\/www.granfoda.it\/de\/wp-json\/wp\/v2\/comments?post=4287"}],"version-history":[{"count":8,"href":"https:\/\/www.granfoda.it\/de\/wp-json\/wp\/v2\/pages\/4287\/revisions"}],"predecessor-version":[{"id":9828,"href":"https:\/\/www.granfoda.it\/de\/wp-json\/wp\/v2\/pages\/4287\/revisions\/9828"}],"up":[{"embeddable":true,"href":"https:\/\/www.granfoda.it\/de\/wp-json\/wp\/v2\/pages\/4281"}],"wp:featuredmedia":[{"embeddable":true,"href":"https:\/\/www.granfoda.it\/de\/wp-json\/wp\/v2\/media\/1164"}],"wp:attachment":[{"href":"https:\/\/www.granfoda.it\/de\/wp-json\/wp\/v2\/media?parent=4287"}],"curies":[{"name":"wp","href":"https:\/\/api.w.org\/{rel}","templated":true}]}}