{"id":4281,"date":"2025-04-08T17:02:16","date_gmt":"2025-04-08T15:02:16","guid":{"rendered":"https:\/\/web.granfoda.it\/aktivitaeten-in-suedtirol\/sport\/"},"modified":"2026-04-13T14:56:52","modified_gmt":"2026-04-13T12:56:52","slug":"sport","status":"publish","type":"page","link":"https:\/\/www.granfoda.it\/de\/abenteuer-und-kultur\/sport\/","title":{"rendered":"Sport"},"content":{"rendered":"<div class=\"wpb-content-wrapper\"><p>[vc_row full_width=&#8221;stretch_row&#8221; content_placement=&#8221;middle&#8221; css=&#8221;.vc_custom_1744366148095{margin-bottom: 1em !important;padding-top: 3em !important;padding-bottom: 3em !important;background-image: url(https:\/\/www.granfoda.it\/wp-content\/uploads\/2024\/09\/inverno-gran-foda-plan-corones-61.jpg?id=1899) !important;background-position: center !important;background-repeat: no-repeat !important;background-size: cover !important;}&#8221;][vc_column css_animation=&#8221;left-to-right&#8221; width=&#8221;1\/4&#8243;][\/vc_column][vc_column width=&#8221;1\/2&#8243; css=&#8221;.vc_custom_1714398387900{padding-top: 4em !important;padding-right: 2em !important;padding-bottom: 4em !important;padding-left: 2em !important;background-color: #ffffff !important;}&#8221;]<h2 class=\"deco-title centro with-eylet\"><span class=\"deco-eylet\">Abenteuer und Kultur<\/span> Sport<\/h2>[vc_column_text css=&#8221;&#8221;]<\/p>\n<p style=\"text-align: center;\" data-start=\"662\" data-end=\"935\">Im Gran Fod\u00e0 ist Sport kein Programm. Er ist Teil jedes Tages.<br data-start=\"724\" data-end=\"727\" \/>Im <strong>Winter<\/strong> steigst du direkt vor der T\u00fcr in die Skier und bist sofort auf den <strong>Pisten des Kronplatz<\/strong>: <strong>Skifahren, Langlaufen, Rodeln und Schneeschuhwandern<\/strong> starten genau hier. Keine Wege, nur Schnee und Freiheit.<\/p>\n<p style=\"text-align: center;\" data-start=\"937\" data-end=\"1139\">Im <strong>Sommer<\/strong> \u00e4ndert sich das Tempo, aber nicht die Energie: <strong>Panoramawege, MTB- und Downhill-Touren, Dolomiten-Erlebnisse<\/strong> und frische Bergluft zum Durchatmen. Hike in, bike out \u2014 genau so, wie wir es m\u00f6gen.<\/p>\n<p style=\"text-align: center;\" data-start=\"1141\" data-end=\"1189\">365 Tage Bewegung, mit den Bergen immer vor dir.<\/p>\n<p>[\/vc_column_text]<div class=\"button-wrapper centro\"><a class=\"btn btn-default inverted\"  href=\"https:\/\/www.simplebooking.it\/ibe\/search?hid=9416&lang=DE\" target=\"_blank\" title=\"Ein Zimmer buchen\">Nimm Platz<\/a><\/div>[\/vc_column][vc_column width=&#8221;1\/4&#8243;][\/vc_column][\/vc_row]<\/p>\n<\/div>","protected":false},"excerpt":{"rendered":"<p>[vc_row full_width=&#8221;stretch_row&#8221; content_placement=&#8221;middle&#8221; css=&#8221;.vc_custom_1744366148095{margin-bottom: 1em !important;padding-top: 3em !important;padding-bottom: 3em !important;background-image: url(https:\/\/www.granfoda.it\/wp-content\/uploads\/2024\/09\/inverno-gran-foda-plan-corones-61.jpg?id=1899) !important;background-position: center !important;background-repeat: no-repeat !important;background-size: cover !important;}&#8221;][vc_column css_animation=&#8221;left-to-right&#8221; width=&#8221;1\/4&#8243;][\/vc_column][vc_column width=&#8221;1\/2&#8243; css=&#8221;.vc_custom_1714398387900{padding-top: 4em !important;padding-right: 2em !important;padding-bottom: 4em !important;padding-left: 2em !important;background-color: #ffffff !important;}&#8221;][vc_column_text css=&#8221;&#8221;] Im Gran Fod\u00e0 ist Sport kein Programm. Er ist Teil jedes Tages.Im Winter steigst du direkt vor der T\u00fcr in die Skier [&hellip;]<\/p>\n","protected":false},"author":1,"featured_media":3744,"parent":563,"menu_order":3,"comment_status":"closed","ping_status":"closed","template":"","meta":{"_acf_changed":false,"rs_blank_template":"","rs_page_bg_color":"","slide_template_v7":"","footnotes":""},"class_list":["post-4281","page","type-page","status-publish","has-post-thumbnail","hentry"],"acf":[],"yoast_head":"<!-- This site is optimized with the Yoast SEO plugin v27.5 - https:\/\/yoast.com\/product\/yoast-seo-wordpress\/ -->\n<title>Sport | Bio Alpine Hotel Gran Fod\u00e0<\/title>\n<meta name=\"description\" content=\"Sport das ganze Jahr im Gran Fod\u00e0: Ski in Ski out am Kronplatz sowie Wandern, MTB und Aktivit\u00e4ten in den Dolomiten direkt ab Hotel.\" \/>\n<meta name=\"robots\" content=\"index, follow, max-snippet:-1, max-image-preview:large, max-video-preview:-1\" \/>\n<link rel=\"canonical\" href=\"https:\/\/www.granfoda.it\/de\/abenteuer-und-kultur\/sport\/\" \/>\n<meta property=\"og:locale\" content=\"de_DE\" \/>\n<meta property=\"og:type\" content=\"article\" \/>\n<meta property=\"og:title\" content=\"Sport | Bio Alpine Hotel Gran Fod\u00e0\" \/>\n<meta property=\"og:description\" content=\"Sport das ganze Jahr im Gran Fod\u00e0: Ski in Ski out am Kronplatz sowie Wandern, MTB und Aktivit\u00e4ten in den Dolomiten direkt ab Hotel.\" \/>\n<meta property=\"og:url\" content=\"https:\/\/www.granfoda.it\/de\/abenteuer-und-kultur\/sport\/\" \/>\n<meta property=\"og:site_name\" content=\"Bio Alpine Hotel Gran Fod\u00e0\" \/>\n<meta property=\"article:publisher\" content=\"https:\/\/www.facebook.com\/HotelGranFoda\" \/>\n<meta property=\"article:modified_time\" content=\"2026-04-13T12:56:52+00:00\" \/>\n<meta property=\"og:image\" content=\"https:\/\/www.granfoda.it\/wp-content\/uploads\/2025\/04\/avventura-cultura-gran-foda-albergo-plan-de-corones-3.jpg\" \/>\n\t<meta property=\"og:image:width\" content=\"1920\" \/>\n\t<meta property=\"og:image:height\" content=\"1278\" \/>\n\t<meta property=\"og:image:type\" content=\"image\/jpeg\" \/>\n<meta name=\"twitter:card\" content=\"summary_large_image\" \/>\n<meta name=\"twitter:label1\" content=\"Gesch\u00e4tzte Lesezeit\" \/>\n\t<meta name=\"twitter:data1\" content=\"1\u00a0Minute\" \/>\n<!-- \/ Yoast SEO plugin. -->","yoast_head_json":{"title":"Sport | Bio Alpine Hotel Gran Fod\u00e0","description":"Sport das ganze Jahr im Gran Fod\u00e0: Ski in Ski out am Kronplatz sowie Wandern, MTB und Aktivit\u00e4ten in den Dolomiten direkt ab Hotel.","robots":{"index":"index","follow":"follow","max-snippet":"max-snippet:-1","max-image-preview":"max-image-preview:large","max-video-preview":"max-video-preview:-1"},"canonical":"https:\/\/www.granfoda.it\/de\/abenteuer-und-kultur\/sport\/","og_locale":"de_DE","og_type":"article","og_title":"Sport | Bio Alpine Hotel Gran Fod\u00e0","og_description":"Sport das ganze Jahr im Gran Fod\u00e0: Ski in Ski out am Kronplatz sowie Wandern, MTB und Aktivit\u00e4ten in den Dolomiten direkt ab Hotel.","og_url":"https:\/\/www.granfoda.it\/de\/abenteuer-und-kultur\/sport\/","og_site_name":"Bio Alpine Hotel Gran Fod\u00e0","article_publisher":"https:\/\/www.facebook.com\/HotelGranFoda","article_modified_time":"2026-04-13T12:56:52+00:00","og_image":[{"width":1920,"height":1278,"url":"https:\/\/www.granfoda.it\/wp-content\/uploads\/2025\/04\/avventura-cultura-gran-foda-albergo-plan-de-corones-3.jpg","type":"image\/jpeg"}],"twitter_card":"summary_large_image","twitter_misc":{"Gesch\u00e4tzte Lesezeit":"1\u00a0Minute"},"schema":{"@context":"https:\/\/schema.org","@graph":[{"@type":"WebPage","@id":"https:\/\/www.granfoda.it\/de\/abenteuer-und-kultur\/sport\/","url":"https:\/\/www.granfoda.it\/de\/abenteuer-und-kultur\/sport\/","name":"Sport | Bio Alpine Hotel Gran Fod\u00e0","isPartOf":{"@id":"https:\/\/www.granfoda.it\/de\/#website"},"primaryImageOfPage":{"@id":"https:\/\/www.granfoda.it\/de\/abenteuer-und-kultur\/sport\/#primaryimage"},"image":{"@id":"https:\/\/www.granfoda.it\/de\/abenteuer-und-kultur\/sport\/#primaryimage"},"thumbnailUrl":"https:\/\/www.granfoda.it\/wp-content\/uploads\/2025\/04\/avventura-cultura-gran-foda-albergo-plan-de-corones-3.jpg","datePublished":"2025-04-08T15:02:16+00:00","dateModified":"2026-04-13T12:56:52+00:00","description":"Sport das ganze Jahr im Gran Fod\u00e0: Ski in Ski out am Kronplatz sowie Wandern, MTB und Aktivit\u00e4ten in den Dolomiten direkt ab Hotel.","breadcrumb":{"@id":"https:\/\/www.granfoda.it\/de\/abenteuer-und-kultur\/sport\/#breadcrumb"},"inLanguage":"de","potentialAction":[{"@type":"ReadAction","target":["https:\/\/www.granfoda.it\/de\/abenteuer-und-kultur\/sport\/"]}]},{"@type":"ImageObject","inLanguage":"de","@id":"https:\/\/www.granfoda.it\/de\/abenteuer-und-kultur\/sport\/#primaryimage","url":"https:\/\/www.granfoda.it\/wp-content\/uploads\/2025\/04\/avventura-cultura-gran-foda-albergo-plan-de-corones-3.jpg","contentUrl":"https:\/\/www.granfoda.it\/wp-content\/uploads\/2025\/04\/avventura-cultura-gran-foda-albergo-plan-de-corones-3.jpg","width":1920,"height":1278},{"@type":"BreadcrumbList","@id":"https:\/\/www.granfoda.it\/de\/abenteuer-und-kultur\/sport\/#breadcrumb","itemListElement":[{"@type":"ListItem","position":1,"name":"Home","item":"https:\/\/www.granfoda.it\/de\/"},{"@type":"ListItem","position":2,"name":"Abenteuer und Kultur","item":"https:\/\/www.granfoda.it\/de\/abenteuer-und-kultur\/"},{"@type":"ListItem","position":3,"name":"Sport"}]},{"@type":"WebSite","@id":"https:\/\/www.granfoda.it\/de\/#website","url":"https:\/\/www.granfoda.it\/de\/","name":"Alpine Hotel Gran Fod\u00e0","description":"La nostra casa ski in ski out a Plan de Corones","publisher":{"@id":"https:\/\/www.granfoda.it\/de\/#organization"},"alternateName":"Alpine Hotel Gran Fod\u00e0","potentialAction":[{"@type":"SearchAction","target":{"@type":"EntryPoint","urlTemplate":"https:\/\/www.granfoda.it\/de\/?s={search_term_string}"},"query-input":{"@type":"PropertyValueSpecification","valueRequired":true,"valueName":"search_term_string"}}],"inLanguage":"de"},{"@type":"Organization","@id":"https:\/\/www.granfoda.it\/de\/#organization","name":"Alpine Hotel Gran Fod\u00e0","url":"https:\/\/www.granfoda.it\/de\/","logo":{"@type":"ImageObject","inLanguage":"de","@id":"https:\/\/www.granfoda.it\/de\/#\/schema\/logo\/image\/","url":"https:\/\/www.granfoda.it\/wp-content\/uploads\/2024\/02\/alpine-hotel-gran-foda-logo-square.jpg","contentUrl":"https:\/\/www.granfoda.it\/wp-content\/uploads\/2024\/02\/alpine-hotel-gran-foda-logo-square.jpg","width":550,"height":550,"caption":"Alpine Hotel Gran Fod\u00e0"},"image":{"@id":"https:\/\/www.granfoda.it\/de\/#\/schema\/logo\/image\/"},"sameAs":["https:\/\/www.facebook.com\/HotelGranFoda","https:\/\/www.instagram.com\/alpinehotelgranfoda\/","https:\/\/www.youtube.com\/@GranFodaIta"]}]}},"_links":{"self":[{"href":"https:\/\/www.granfoda.it\/de\/wp-json\/wp\/v2\/pages\/4281","targetHints":{"allow":["GET"]}}],"collection":[{"href":"https:\/\/www.granfoda.it\/de\/wp-json\/wp\/v2\/pages"}],"about":[{"href":"https:\/\/www.granfoda.it\/de\/wp-json\/wp\/v2\/types\/page"}],"author":[{"embeddable":true,"href":"https:\/\/www.granfoda.it\/de\/wp-json\/wp\/v2\/users\/1"}],"replies":[{"embeddable":true,"href":"https:\/\/www.granfoda.it\/de\/wp-json\/wp\/v2\/comments?post=4281"}],"version-history":[{"count":12,"href":"https:\/\/www.granfoda.it\/de\/wp-json\/wp\/v2\/pages\/4281\/revisions"}],"predecessor-version":[{"id":9823,"href":"https:\/\/www.granfoda.it\/de\/wp-json\/wp\/v2\/pages\/4281\/revisions\/9823"}],"up":[{"embeddable":true,"href":"https:\/\/www.granfoda.it\/de\/wp-json\/wp\/v2\/pages\/563"}],"wp:featuredmedia":[{"embeddable":true,"href":"https:\/\/www.granfoda.it\/de\/wp-json\/wp\/v2\/media\/3744"}],"wp:attachment":[{"href":"https:\/\/www.granfoda.it\/de\/wp-json\/wp\/v2\/media?parent=4281"}],"curies":[{"name":"wp","href":"https:\/\/api.w.org\/{rel}","templated":true}]}}