{"id":4275,"date":"2025-04-08T17:01:59","date_gmt":"2025-04-08T15:01:59","guid":{"rendered":"https:\/\/web.granfoda.it\/aktivitaeten-in-suedtirol\/kultur\/"},"modified":"2025-04-23T16:49:53","modified_gmt":"2025-04-23T14:49:53","slug":"kultur","status":"publish","type":"page","link":"https:\/\/www.granfoda.it\/de\/abenteuer-und-kultur\/kultur\/","title":{"rendered":"Kultur"},"content":{"rendered":"<div class=\"wpb-content-wrapper\"><p>[vc_row full_width=&#8221;stretch_row&#8221; content_placement=&#8221;middle&#8221; css=&#8221;.vc_custom_1744202512255{padding-top: 8em !important;padding-bottom: 8em !important;background-image: url(https:\/\/www.granfoda.it\/wp-content\/uploads\/2025\/04\/avventura-cultura-gran-foda-albergo-plan-de-corones-11.jpg?id=3758) !important;background-position: center !important;background-repeat: no-repeat !important;background-size: cover !important;}&#8221;][vc_column css_animation=&#8221;none&#8221; width=&#8221;1\/4&#8243;][\/vc_column][vc_column width=&#8221;1\/2&#8243; css=&#8221;.vc_custom_1714398387900{padding-top: 4em !important;padding-right: 2em !important;padding-bottom: 4em !important;padding-left: 2em !important;background-color: #ffffff !important;}&#8221;]<h2 class=\"deco-title centro with-eylet\"><span class=\"deco-eylet\">Abenteuer und Kultur<\/span> Kultur<\/h2>[vc_column_text css=&#8221;&#8221;]<\/p>\n<p style=\"text-align: center;\">Unsere Region ist nicht nur ein <strong>unber\u00fchrtes Naturparadies<\/strong>, sondern auch ein <strong>kulturelles<\/strong> Zentrum f\u00fcr Liebhaber der Geschichte. Hier, zwischen den T\u00e4lern der Dolomiten, finden Sie zahlreiche <strong>Museen,<\/strong> <strong>Ausstellungen<\/strong> und <strong>Veranstaltungen<\/strong>, die die Geschichte, Traditionen und Br\u00e4uche unserer Menschen erz\u00e4hlen. <\/p>\n<p style=\"text-align: center;\">Wenn Sie in die ladinische Kultur eintauchen m\u00f6chten, empfehlen wir einen Besuch im<strong> Ladinischen Museum in San Martino in Badia,<\/strong> wo Sie das l\u00e4ndliche Leben, traditionelle Handwerkskunst und die typischen Trachten des Tals entdecken k\u00f6nnen. Nur wenige Kilometer entfernt in Brunico k\u00f6nnen Sie das <strong>Provinzmuseum f\u00fcr Traditionen<\/strong> besuchen, das die Tiroler Geschichte und Br\u00e4uche zeigt, sowie das <strong>Museum f\u00fcr zeitgen\u00f6ssische Kunst<\/strong> mit tempor\u00e4ren Ausstellungen lokaler und internationaler K\u00fcnstler. <\/p>\n<p>[\/vc_column_text]<div class=\"button-wrapper centro\"><a class=\"btn btn-default inverted\"  href=\"https:\/\/www.simplebooking.it\/ibe\/search?hid=9416&lang=DE\" target=\"_blank\" title=\"Ein Zimmer buchen\">Nimm Platz<\/a><\/div>[\/vc_column][vc_column width=&#8221;1\/4&#8243;][\/vc_column][\/vc_row][vc_row css=&#8221;.vc_custom_1744365888598{margin-bottom: 1em !important;padding-top: 2em !important;padding-bottom: 1em !important;}&#8221; el_id=&#8221;Fr\u00fchst\u00fcck&#8221;][vc_column]<div id=\"features-carousel-69f3f58d3bd80-wrapper\" class=\"feature-carousel-wrapper \">\n\t\t\t\t\t\t\t<div class=\"features-carousel\" style=\"--features-carousel-color:#F5F6F8;\">\n\t\t\t\t\t\t\t\t<div class=\"row g-0\">\n\t\t\t\t\t\t\t\t\t<div class=\"col-xl-8 col-lg-6 features-carousel-cycler\">\n\t\t\t\t\t\t\t\t\t\t<img decoding=\"async\" class=\"active\" src=\"https:\/\/www.granfoda.it\/wp-content\/uploads\/2025\/04\/avventura-cultura-gran-foda-albergo-plan-de-corones-15.jpg\" alt=\"\" \/>\n<img decoding=\"async\" class=\"\" src=\"https:\/\/www.granfoda.it\/wp-content\/uploads\/2025\/03\/Camera_GF_02.png\" alt=\"\" \/>\n\t\t\t\t\t\t\t\t\t<\/div>\n\t\t\t\t\t\t\t\t\t<div class=\"col-xl-4 col-lg-6 features-carousel-color\">\n\t\t\t\t\t\t\t\t\t\t<div id=\"features-carousel-69f3f58d3bd80\" class=\"features-slider carousel slide\" data-bs-ride=\"carousel\" data-bs-interval=\"10000\">\n\t\t\t\t\t\t\t\t\t\t\t<div class=\"carousel-inner feature-carousel-inner\">\n\t\t\t\t\t\t\t\t\t\t\t\t<div data-index=\"0\" class=\"features-item carousel-item item active p-lg-5 p-3\">\n\t\t\t\t\t\t\t<div class=\"features-item-table\">\n\t\t\t\t\t\t\t\t<span class=\"features-item-table-item\">\n\t\t\t\t\t\t\t\t\t<h2 class=\"deco-title mb-2\"><span class=\"deco-eylet\">Kultur<\/span><span>Die Museen<\/span><\/h2>\n\t\t\t\t\t\t\t\t\t<div class=\"features-item-text\">Nicht weit von San Vigilio entfernt feiert das Lodenmuseum in Vandoies die Tradition der Wollverarbeitung, w\u00e4hrend das S\u00fcdtiroler Arch\u00e4ologische Museum in Bozen einen faszinierenden Einblick in die antike Geschichte der Region bietet.<\/div>\n\t\t\t\t\t\t\t\t\t\n\t\t\t\t\t\t\t\t\t\n\t\t\t\t\t\t\t\t<\/span>\n\t\t\t\t\t\t\t<\/div>\n\t\t\t\t\t\t<\/div>\n<div data-index=\"1\" class=\"features-item carousel-item item p-lg-5 p-3\">\n\t\t\t\t\t\t\t<div class=\"features-item-table\">\n\t\t\t\t\t\t\t\t<span class=\"features-item-table-item\">\n\t\t\t\t\t\t\t\t\t<h2 class=\"deco-title mb-2\"><span class=\"deco-eylet\">Kultur<\/span><span>Tauchen Sie ein in die Geschichte<\/span><\/h2>\n\t\t\t\t\t\t\t\t\t<div class=\"features-item-text\">Ein Muss f\u00fcr Bergliebhaber ist das Messner Mountain Museum, das die Kultur und das Bergsteigen der Dolomiten mit einer Reihe von Museen in den T\u00e4lern feiert.<br><br>Jedes Museum, jede Ausstellung und jedes Event ist eine einzigartige Gelegenheit, die Kultur und Geschichte zu entdecken, die dieses Land so besonders machen. W\u00e4hrend Ihres Aufenthalts laden wir Sie ein, diese historischen und traditionsreichen Orte zu erkunden und Ihre Erfahrung zu bereichern, um die Dolomiten in all ihren Facetten zu erleben. <\/div>\n\t\t\t\t\t\t\t\t\t\n\t\t\t\t\t\t\t\t\t\n\t\t\t\t\t\t\t\t<\/span>\n\t\t\t\t\t\t\t<\/div>\n\t\t\t\t\t\t<\/div>\n\t\t\t\t\t\t\t\t\t\t\t<\/div>\n\t\t\t\t\t\t\t\t\t\t\t\n\t\t\t\t\t\t\t\t\t\t\t<div class=\"carousel-indicators carousel-bullets\">\n\t\t\t\t\t\t\t\t\t\t\t\t<button type=\"button\" data-bs-target=\"#features-carousel-69f3f58d3bd80\" data-bs-slide-to=\"0\" class=\"active\" aria-current=\"true\" aria-label=\"Go to slide no. 1\"><\/button>\n<button type=\"button\" data-bs-target=\"#features-carousel-69f3f58d3bd80\" data-bs-slide-to=\"1\" class=\"\" aria-current=\"false\" aria-label=\"Go to slide no. 2\"><\/button>\n\t\t\t\t\t\t\t\t\t\t\t<\/div>\n\t\t\t\t\t\t\t\t\t\t\t\n\t\t\t\t\t\t\t\t\t\t<\/div>\t\t\t\t\t\t\t\t\t\n\t\t\t\t\t\t\t\t\t<\/div>\n\t\t\t\t\t\t\t\t<\/div>\n\t\t\t\t\t\t\t<\/div>\n\t\t\t\t\t\t<\/div>[\/vc_column][\/vc_row]<\/p>\n<\/div>","protected":false},"excerpt":{"rendered":"<p>[vc_row full_width=&#8221;stretch_row&#8221; content_placement=&#8221;middle&#8221; css=&#8221;.vc_custom_1744202512255{padding-top: 8em !important;padding-bottom: 8em !important;background-image: url(https:\/\/www.granfoda.it\/wp-content\/uploads\/2025\/04\/avventura-cultura-gran-foda-albergo-plan-de-corones-11.jpg?id=3758) !important;background-position: center !important;background-repeat: no-repeat !important;background-size: cover !important;}&#8221;][vc_column css_animation=&#8221;none&#8221; width=&#8221;1\/4&#8243;][\/vc_column][vc_column width=&#8221;1\/2&#8243; css=&#8221;.vc_custom_1714398387900{padding-top: 4em !important;padding-right: 2em !important;padding-bottom: 4em !important;padding-left: 2em !important;background-color: #ffffff !important;}&#8221;][vc_column_text css=&#8221;&#8221;] Unsere Region ist nicht nur ein unber\u00fchrtes Naturparadies, sondern auch ein kulturelles Zentrum f\u00fcr Liebhaber der Geschichte. Hier, zwischen den T\u00e4lern der Dolomiten, finden [&hellip;]<\/p>\n","protected":false},"author":1,"featured_media":3760,"parent":563,"menu_order":2,"comment_status":"closed","ping_status":"closed","template":"","meta":{"_acf_changed":false,"rs_blank_template":"","rs_page_bg_color":"","slide_template_v7":"","footnotes":""},"class_list":["post-4275","page","type-page","status-publish","has-post-thumbnail","hentry"],"acf":[],"yoast_head":"<!-- This site is optimized with the Yoast SEO plugin v27.5 - https:\/\/yoast.com\/product\/yoast-seo-wordpress\/ -->\n<title>Kultur | Bio Alpine Hotel Gran Fod\u00e0<\/title>\n<meta name=\"description\" content=\"Hier, zwischen den T\u00e4lern der Dolomiten, finden Sie zahlreiche Museen, Ausstellungen und Veranstaltungen, die die Geschichte, Traditionen und Br\u00e4uche unserer Menschen erz\u00e4hlen. | Alpine Hotel Gran Fod\u00e0\" \/>\n<meta name=\"robots\" content=\"index, follow, max-snippet:-1, max-image-preview:large, max-video-preview:-1\" \/>\n<link rel=\"canonical\" href=\"https:\/\/www.granfoda.it\/de\/abenteuer-und-kultur\/kultur\/\" \/>\n<meta property=\"og:locale\" content=\"de_DE\" \/>\n<meta property=\"og:type\" content=\"article\" \/>\n<meta property=\"og:title\" content=\"Kultur | Bio Alpine Hotel Gran Fod\u00e0\" \/>\n<meta property=\"og:description\" content=\"Hier, zwischen den T\u00e4lern der Dolomiten, finden Sie zahlreiche Museen, Ausstellungen und Veranstaltungen, die die Geschichte, Traditionen und Br\u00e4uche unserer Menschen erz\u00e4hlen. | Alpine Hotel Gran Fod\u00e0\" \/>\n<meta property=\"og:url\" content=\"https:\/\/www.granfoda.it\/de\/abenteuer-und-kultur\/kultur\/\" \/>\n<meta property=\"og:site_name\" content=\"Bio Alpine Hotel Gran Fod\u00e0\" \/>\n<meta property=\"article:publisher\" content=\"https:\/\/www.facebook.com\/HotelGranFoda\" \/>\n<meta property=\"article:modified_time\" content=\"2025-04-23T14:49:53+00:00\" \/>\n<meta property=\"og:image\" content=\"https:\/\/www.granfoda.it\/wp-content\/uploads\/2025\/04\/avventura-cultura-gran-foda-albergo-plan-de-corones-11.jpg\" \/>\n\t<meta property=\"og:image:width\" content=\"1920\" \/>\n\t<meta property=\"og:image:height\" content=\"1281\" \/>\n\t<meta property=\"og:image:type\" content=\"image\/jpeg\" \/>\n<meta name=\"twitter:card\" content=\"summary_large_image\" \/>\n<meta name=\"twitter:label1\" content=\"Gesch\u00e4tzte Lesezeit\" \/>\n\t<meta name=\"twitter:data1\" content=\"2\u00a0Minuten\" \/>\n<!-- \/ Yoast SEO plugin. -->","yoast_head_json":{"title":"Kultur | Bio Alpine Hotel Gran Fod\u00e0","description":"Hier, zwischen den T\u00e4lern der Dolomiten, finden Sie zahlreiche Museen, Ausstellungen und Veranstaltungen, die die Geschichte, Traditionen und Br\u00e4uche unserer Menschen erz\u00e4hlen. | Alpine Hotel Gran Fod\u00e0","robots":{"index":"index","follow":"follow","max-snippet":"max-snippet:-1","max-image-preview":"max-image-preview:large","max-video-preview":"max-video-preview:-1"},"canonical":"https:\/\/www.granfoda.it\/de\/abenteuer-und-kultur\/kultur\/","og_locale":"de_DE","og_type":"article","og_title":"Kultur | Bio Alpine Hotel Gran Fod\u00e0","og_description":"Hier, zwischen den T\u00e4lern der Dolomiten, finden Sie zahlreiche Museen, Ausstellungen und Veranstaltungen, die die Geschichte, Traditionen und Br\u00e4uche unserer Menschen erz\u00e4hlen. | Alpine Hotel Gran Fod\u00e0","og_url":"https:\/\/www.granfoda.it\/de\/abenteuer-und-kultur\/kultur\/","og_site_name":"Bio Alpine Hotel Gran Fod\u00e0","article_publisher":"https:\/\/www.facebook.com\/HotelGranFoda","article_modified_time":"2025-04-23T14:49:53+00:00","og_image":[{"width":1920,"height":1281,"url":"https:\/\/www.granfoda.it\/wp-content\/uploads\/2025\/04\/avventura-cultura-gran-foda-albergo-plan-de-corones-11.jpg","type":"image\/jpeg"}],"twitter_card":"summary_large_image","twitter_misc":{"Gesch\u00e4tzte Lesezeit":"2\u00a0Minuten"},"schema":{"@context":"https:\/\/schema.org","@graph":[{"@type":"WebPage","@id":"https:\/\/www.granfoda.it\/de\/abenteuer-und-kultur\/kultur\/","url":"https:\/\/www.granfoda.it\/de\/abenteuer-und-kultur\/kultur\/","name":"Kultur | Bio Alpine Hotel Gran Fod\u00e0","isPartOf":{"@id":"https:\/\/www.granfoda.it\/de\/#website"},"primaryImageOfPage":{"@id":"https:\/\/www.granfoda.it\/de\/abenteuer-und-kultur\/kultur\/#primaryimage"},"image":{"@id":"https:\/\/www.granfoda.it\/de\/abenteuer-und-kultur\/kultur\/#primaryimage"},"thumbnailUrl":"https:\/\/www.granfoda.it\/wp-content\/uploads\/2025\/04\/avventura-cultura-gran-foda-albergo-plan-de-corones-11.jpg","datePublished":"2025-04-08T15:01:59+00:00","dateModified":"2025-04-23T14:49:53+00:00","description":"Hier, zwischen den T\u00e4lern der Dolomiten, finden Sie zahlreiche Museen, Ausstellungen und Veranstaltungen, die die Geschichte, Traditionen und Br\u00e4uche unserer Menschen erz\u00e4hlen. | Alpine Hotel Gran Fod\u00e0","breadcrumb":{"@id":"https:\/\/www.granfoda.it\/de\/abenteuer-und-kultur\/kultur\/#breadcrumb"},"inLanguage":"de","potentialAction":[{"@type":"ReadAction","target":["https:\/\/www.granfoda.it\/de\/abenteuer-und-kultur\/kultur\/"]}]},{"@type":"ImageObject","inLanguage":"de","@id":"https:\/\/www.granfoda.it\/de\/abenteuer-und-kultur\/kultur\/#primaryimage","url":"https:\/\/www.granfoda.it\/wp-content\/uploads\/2025\/04\/avventura-cultura-gran-foda-albergo-plan-de-corones-11.jpg","contentUrl":"https:\/\/www.granfoda.it\/wp-content\/uploads\/2025\/04\/avventura-cultura-gran-foda-albergo-plan-de-corones-11.jpg","width":1920,"height":1281},{"@type":"BreadcrumbList","@id":"https:\/\/www.granfoda.it\/de\/abenteuer-und-kultur\/kultur\/#breadcrumb","itemListElement":[{"@type":"ListItem","position":1,"name":"Home","item":"https:\/\/www.granfoda.it\/de\/"},{"@type":"ListItem","position":2,"name":"Abenteuer und Kultur","item":"https:\/\/www.granfoda.it\/de\/abenteuer-und-kultur\/"},{"@type":"ListItem","position":3,"name":"Kultur"}]},{"@type":"WebSite","@id":"https:\/\/www.granfoda.it\/de\/#website","url":"https:\/\/www.granfoda.it\/de\/","name":"Alpine Hotel Gran Fod\u00e0","description":"La nostra casa ski in ski out a Plan de Corones","publisher":{"@id":"https:\/\/www.granfoda.it\/de\/#organization"},"alternateName":"Alpine Hotel Gran Fod\u00e0","potentialAction":[{"@type":"SearchAction","target":{"@type":"EntryPoint","urlTemplate":"https:\/\/www.granfoda.it\/de\/?s={search_term_string}"},"query-input":{"@type":"PropertyValueSpecification","valueRequired":true,"valueName":"search_term_string"}}],"inLanguage":"de"},{"@type":"Organization","@id":"https:\/\/www.granfoda.it\/de\/#organization","name":"Alpine Hotel Gran Fod\u00e0","url":"https:\/\/www.granfoda.it\/de\/","logo":{"@type":"ImageObject","inLanguage":"de","@id":"https:\/\/www.granfoda.it\/de\/#\/schema\/logo\/image\/","url":"https:\/\/www.granfoda.it\/wp-content\/uploads\/2024\/02\/alpine-hotel-gran-foda-logo-square.jpg","contentUrl":"https:\/\/www.granfoda.it\/wp-content\/uploads\/2024\/02\/alpine-hotel-gran-foda-logo-square.jpg","width":550,"height":550,"caption":"Alpine Hotel Gran Fod\u00e0"},"image":{"@id":"https:\/\/www.granfoda.it\/de\/#\/schema\/logo\/image\/"},"sameAs":["https:\/\/www.facebook.com\/HotelGranFoda","https:\/\/www.instagram.com\/alpinehotelgranfoda\/","https:\/\/www.youtube.com\/@GranFodaIta"]}]}},"_links":{"self":[{"href":"https:\/\/www.granfoda.it\/de\/wp-json\/wp\/v2\/pages\/4275","targetHints":{"allow":["GET"]}}],"collection":[{"href":"https:\/\/www.granfoda.it\/de\/wp-json\/wp\/v2\/pages"}],"about":[{"href":"https:\/\/www.granfoda.it\/de\/wp-json\/wp\/v2\/types\/page"}],"author":[{"embeddable":true,"href":"https:\/\/www.granfoda.it\/de\/wp-json\/wp\/v2\/users\/1"}],"replies":[{"embeddable":true,"href":"https:\/\/www.granfoda.it\/de\/wp-json\/wp\/v2\/comments?post=4275"}],"version-history":[{"count":9,"href":"https:\/\/www.granfoda.it\/de\/wp-json\/wp\/v2\/pages\/4275\/revisions"}],"predecessor-version":[{"id":4727,"href":"https:\/\/www.granfoda.it\/de\/wp-json\/wp\/v2\/pages\/4275\/revisions\/4727"}],"up":[{"embeddable":true,"href":"https:\/\/www.granfoda.it\/de\/wp-json\/wp\/v2\/pages\/563"}],"wp:featuredmedia":[{"embeddable":true,"href":"https:\/\/www.granfoda.it\/de\/wp-json\/wp\/v2\/media\/3760"}],"wp:attachment":[{"href":"https:\/\/www.granfoda.it\/de\/wp-json\/wp\/v2\/media?parent=4275"}],"curies":[{"name":"wp","href":"https:\/\/api.w.org\/{rel}","templated":true}]}}