{"id":4263,"date":"2025-04-08T17:01:17","date_gmt":"2025-04-08T15:01:17","guid":{"rendered":"https:\/\/web.granfoda.it\/aktivitaeten-in-suedtirol\/der-berg\/"},"modified":"2026-03-05T14:42:48","modified_gmt":"2026-03-05T13:42:48","slug":"der-berg","status":"publish","type":"page","link":"https:\/\/www.granfoda.it\/de\/abenteuer-und-kultur\/der-berg\/","title":{"rendered":"Der Berg"},"content":{"rendered":"<div class=\"wpb-content-wrapper\"><p>[vc_row full_width=&#8221;stretch_row&#8221; full_height=&#8221;yes&#8221; content_placement=&#8221;middle&#8221; css=&#8221;.vc_custom_1762181210236{background-image: url(https:\/\/www.granfoda.it\/wp-content\/uploads\/2025\/04\/avventura-cultura-gran-foda-albergo-plan-de-corones-2.jpg?id=3771) !important;background-position: center !important;background-repeat: no-repeat !important;background-size: cover !important;}&#8221;][vc_column css_animation=&#8221;none&#8221; el_class=&#8221;bg-light rounded shadow p-xl-5 p-3&#8243; offset=&#8221;vc_col-md-offset-3 vc_col-md-6&#8243;]<h2 class=\"deco-title centro with-eylet\"><span class=\"deco-eylet\">San Vigilio &amp; San Martino: Das Herz der Dolomiten<\/span> Der Berg<\/h2>[vc_column_text css=&#8221;&#8221;]<\/p>\n<p style=\"text-align: center;\">Eingebettet im Herzen der Dolomiten, einem <strong>UNESCO<\/strong>-Weltkulturerbe, sind <strong>San Vigilio di Marebbe<\/strong> und <strong>San Martino in Badia <\/strong>die Tore zu den Naturparks <strong>Fanes-Senes-Braies<\/strong> und <strong>Puez-Odle.<\/strong><\/p>\n<p style=\"text-align: center;\">Hier verschmelzen Tradition, Natur und Gastfreundschaft zu einem <strong>einzigartigen Erlebnis<\/strong>. Mit atemberaubenden Ausblicken, gr\u00fcnen Wiesen, unber\u00fchrten W\u00e4ldern und einer jahrhundertealten ladinischen Kultur wird jeder Urlaub zu einer <strong>Entdeckungsreise<\/strong>.<\/p>\n<p>[\/vc_column_text]<div class=\"button-wrapper centro\"><a class=\"btn btn-default inverted\"  href=\"https:\/\/www.simplebooking.it\/ibe\/search?hid=9416lang=DE\" target=\"_blank\" title=\"Ein Zimmer buchen\">Nimm Platz<\/a><\/div>[\/vc_column][\/vc_row][vc_row css=&#8221;.vc_custom_1744365802733{margin-bottom: 1em !important;padding-top: 2em !important;padding-bottom: 1em !important;}&#8221;][vc_column]<div id=\"features-carousel-69e2ed5fcfefb-wrapper\" class=\"feature-carousel-wrapper \">\n\t\t\t\t\t\t\t<div class=\"features-carousel autofit\" style=\"--features-carousel-color:#fef4ea;\">\n\t\t\t\t\t\t\t\t<div class=\"row g-0\">\n\t\t\t\t\t\t\t\t\t<div class=\"col-lg-8 features-carousel-cycler\">\n\t\t\t\t\t\t\t\t\t\t<img decoding=\"async\" class=\"active\" src=\"https:\/\/www.granfoda.it\/wp-content\/uploads\/2025\/04\/avventura-cultura-gran-foda-albergo-plan-de-corones-6.jpg\" alt=\"\" \/>\n\t\t\t\t\t\t\t\t\t<\/div>\n\t\t\t\t\t\t\t\t\t<div class=\"col-lg-4 features-carousel-color\">\n\t\t\t\t\t\t\t\t\t\t<div id=\"features-carousel-69e2ed5fcfefb\" class=\"features-slider carousel slide\" data-bs-ride=\"carousel\" data-bs-interval=\"10000\">\n\t\t\t\t\t\t\t\t\t\t\t<div class=\"carousel-inner feature-carousel-inner\">\n\t\t\t\t\t\t\t\t\t\t\t\t<div data-index=\"0\" class=\"features-item carousel-item item active p-xl-5 p-2\">\n\t\t\t\t\t\t\t<div class=\"features-item-table\">\n\t\t\t\t\t\t\t\t<span class=\"features-item-table-item\">\n\t\t\t\t\t\t\t\t\t<h2 class=\"deco-title mb-2\"><span class=\"deco-eylet\">Der Berg<\/span><span>Die Sch\u00f6nheit der Dolomiten<\/span><\/h2>\n\t\t\t\t\t\t\t\t\t<div class=\"features-item-text\">Jede Saison bietet neue Abenteuer \u2013 von Wandern und Mountainbiken im Sommer bis zu Ski- und Schneeschuhwanderungen im Winter.<br>Erleben Sie die reinste Essenz der Dolomiten, wo Natur auf Tradition trifft und die Zeit langsamer wird, um Sch\u00f6nheit und Lebensfreude zu genie\u00dfen.<\/div>\n\t\t\t\t\t\t\t\t\t\n\t\t\t\t\t\t\t\t\t\n\t\t\t\t\t\t\t\t<\/span>\n\t\t\t\t\t\t\t<\/div>\n\t\t\t\t\t\t<\/div>\n\t\t\t\t\t\t\t\t\t\t\t<\/div>\n\t\t\t\t\t\t\t\t\t\t\t\n\t\t\t\t\t\t\t\t\t\t<\/div>\t\t\t\t\t\t\t\t\t\n\t\t\t\t\t\t\t\t\t<\/div>\n\t\t\t\t\t\t\t\t<\/div>\n\t\t\t\t\t\t\t<\/div>\n\t\t\t\t\t\t<\/div>[\/vc_column][\/vc_row]<\/p>\n<\/div>","protected":false},"excerpt":{"rendered":"<p>[vc_row full_width=&#8221;stretch_row&#8221; full_height=&#8221;yes&#8221; content_placement=&#8221;middle&#8221; css=&#8221;.vc_custom_1762181210236{background-image: url(https:\/\/www.granfoda.it\/wp-content\/uploads\/2025\/04\/avventura-cultura-gran-foda-albergo-plan-de-corones-2.jpg?id=3771) !important;background-position: center !important;background-repeat: no-repeat !important;background-size: cover !important;}&#8221;][vc_column css_animation=&#8221;none&#8221; el_class=&#8221;bg-light rounded shadow p-xl-5 p-3&#8243; offset=&#8221;vc_col-md-offset-3 vc_col-md-6&#8243;][vc_column_text css=&#8221;&#8221;] Eingebettet im Herzen der Dolomiten, einem UNESCO-Weltkulturerbe, sind San Vigilio di Marebbe und San Martino in Badia die Tore zu den Naturparks Fanes-Senes-Braies und Puez-Odle. Hier verschmelzen Tradition, Natur und Gastfreundschaft zu einem [&hellip;]<\/p>\n","protected":false},"author":1,"featured_media":3773,"parent":563,"menu_order":0,"comment_status":"closed","ping_status":"closed","template":"","meta":{"_acf_changed":false,"footnotes":""},"class_list":["post-4263","page","type-page","status-publish","has-post-thumbnail","hentry"],"acf":[],"yoast_head":"<!-- This site is optimized with the Yoast SEO plugin v27.4 - https:\/\/yoast.com\/product\/yoast-seo-wordpress\/ -->\n<title>Der Berg | Bio Alpine Hotel Gran Fod\u00e0<\/title>\n<meta name=\"description\" content=\"San Vigilio di Marebbe und San Martino in Badia die Tore zu den Naturparks Fanes-Senes-Braies und Puez-Odle, Nachhaltiger Urlaub in S\u00fcdtirol | Bio Alpine Hotel Gran Fod\u00e0\" \/>\n<meta name=\"robots\" content=\"index, follow, max-snippet:-1, max-image-preview:large, max-video-preview:-1\" \/>\n<link rel=\"canonical\" href=\"https:\/\/www.granfoda.it\/de\/abenteuer-und-kultur\/der-berg\/\" \/>\n<meta property=\"og:locale\" content=\"de_DE\" \/>\n<meta property=\"og:type\" content=\"article\" \/>\n<meta property=\"og:title\" content=\"Der Berg | Bio Alpine Hotel Gran Fod\u00e0\" \/>\n<meta property=\"og:description\" content=\"San Vigilio di Marebbe und San Martino in Badia die Tore zu den Naturparks Fanes-Senes-Braies und Puez-Odle, Nachhaltiger Urlaub in S\u00fcdtirol | Bio Alpine Hotel Gran Fod\u00e0\" \/>\n<meta property=\"og:url\" content=\"https:\/\/www.granfoda.it\/de\/abenteuer-und-kultur\/der-berg\/\" \/>\n<meta property=\"og:site_name\" content=\"Bio Alpine Hotel Gran Fod\u00e0\" \/>\n<meta property=\"article:publisher\" content=\"https:\/\/www.facebook.com\/HotelGranFoda\" \/>\n<meta property=\"article:modified_time\" content=\"2026-03-05T13:42:48+00:00\" \/>\n<meta property=\"og:image\" content=\"https:\/\/www.granfoda.it\/wp-content\/uploads\/2025\/04\/avventura-cultura-gran-foda-albergo-plan-de-corones-2.jpg\" \/>\n\t<meta property=\"og:image:width\" content=\"1920\" \/>\n\t<meta property=\"og:image:height\" content=\"1280\" \/>\n\t<meta property=\"og:image:type\" content=\"image\/jpeg\" \/>\n<meta name=\"twitter:card\" content=\"summary_large_image\" \/>\n<meta name=\"twitter:label1\" content=\"Gesch\u00e4tzte Lesezeit\" \/>\n\t<meta name=\"twitter:data1\" content=\"1\u00a0Minute\" \/>\n<!-- \/ Yoast SEO plugin. -->","yoast_head_json":{"title":"Der Berg | Bio Alpine Hotel Gran Fod\u00e0","description":"San Vigilio di Marebbe und San Martino in Badia die Tore zu den Naturparks Fanes-Senes-Braies und Puez-Odle, Nachhaltiger Urlaub in S\u00fcdtirol | Bio Alpine Hotel Gran Fod\u00e0","robots":{"index":"index","follow":"follow","max-snippet":"max-snippet:-1","max-image-preview":"max-image-preview:large","max-video-preview":"max-video-preview:-1"},"canonical":"https:\/\/www.granfoda.it\/de\/abenteuer-und-kultur\/der-berg\/","og_locale":"de_DE","og_type":"article","og_title":"Der Berg | Bio Alpine Hotel Gran Fod\u00e0","og_description":"San Vigilio di Marebbe und San Martino in Badia die Tore zu den Naturparks Fanes-Senes-Braies und Puez-Odle, Nachhaltiger Urlaub in S\u00fcdtirol | Bio Alpine Hotel Gran Fod\u00e0","og_url":"https:\/\/www.granfoda.it\/de\/abenteuer-und-kultur\/der-berg\/","og_site_name":"Bio Alpine Hotel Gran Fod\u00e0","article_publisher":"https:\/\/www.facebook.com\/HotelGranFoda","article_modified_time":"2026-03-05T13:42:48+00:00","og_image":[{"width":1920,"height":1280,"url":"https:\/\/www.granfoda.it\/wp-content\/uploads\/2025\/04\/avventura-cultura-gran-foda-albergo-plan-de-corones-2.jpg","type":"image\/jpeg"}],"twitter_card":"summary_large_image","twitter_misc":{"Gesch\u00e4tzte Lesezeit":"1\u00a0Minute"},"schema":{"@context":"https:\/\/schema.org","@graph":[{"@type":"WebPage","@id":"https:\/\/www.granfoda.it\/de\/abenteuer-und-kultur\/der-berg\/","url":"https:\/\/www.granfoda.it\/de\/abenteuer-und-kultur\/der-berg\/","name":"Der Berg | Bio Alpine Hotel Gran Fod\u00e0","isPartOf":{"@id":"https:\/\/www.granfoda.it\/de\/#website"},"primaryImageOfPage":{"@id":"https:\/\/www.granfoda.it\/de\/abenteuer-und-kultur\/der-berg\/#primaryimage"},"image":{"@id":"https:\/\/www.granfoda.it\/de\/abenteuer-und-kultur\/der-berg\/#primaryimage"},"thumbnailUrl":"https:\/\/www.granfoda.it\/wp-content\/uploads\/2025\/04\/avventura-cultura-gran-foda-albergo-plan-de-corones-2.jpg","datePublished":"2025-04-08T15:01:17+00:00","dateModified":"2026-03-05T13:42:48+00:00","description":"San Vigilio di Marebbe und San Martino in Badia die Tore zu den Naturparks Fanes-Senes-Braies und Puez-Odle, Nachhaltiger Urlaub in S\u00fcdtirol | Bio Alpine Hotel Gran Fod\u00e0","breadcrumb":{"@id":"https:\/\/www.granfoda.it\/de\/abenteuer-und-kultur\/der-berg\/#breadcrumb"},"inLanguage":"de","potentialAction":[{"@type":"ReadAction","target":["https:\/\/www.granfoda.it\/de\/abenteuer-und-kultur\/der-berg\/"]}]},{"@type":"ImageObject","inLanguage":"de","@id":"https:\/\/www.granfoda.it\/de\/abenteuer-und-kultur\/der-berg\/#primaryimage","url":"https:\/\/www.granfoda.it\/wp-content\/uploads\/2025\/04\/avventura-cultura-gran-foda-albergo-plan-de-corones-2.jpg","contentUrl":"https:\/\/www.granfoda.it\/wp-content\/uploads\/2025\/04\/avventura-cultura-gran-foda-albergo-plan-de-corones-2.jpg","width":1920,"height":1280},{"@type":"BreadcrumbList","@id":"https:\/\/www.granfoda.it\/de\/abenteuer-und-kultur\/der-berg\/#breadcrumb","itemListElement":[{"@type":"ListItem","position":1,"name":"Home","item":"https:\/\/www.granfoda.it\/de\/home-page\/"},{"@type":"ListItem","position":2,"name":"Abenteuer und Kultur","item":"https:\/\/www.granfoda.it\/de\/abenteuer-und-kultur\/"},{"@type":"ListItem","position":3,"name":"Der Berg"}]},{"@type":"WebSite","@id":"https:\/\/www.granfoda.it\/de\/#website","url":"https:\/\/www.granfoda.it\/de\/","name":"Alpine Hotel Gran Fod\u00e0","description":"La nostra casa ski in ski out a Plan de Corones","publisher":{"@id":"https:\/\/www.granfoda.it\/de\/#organization"},"alternateName":"Alpine Hotel Gran Fod\u00e0","potentialAction":[{"@type":"SearchAction","target":{"@type":"EntryPoint","urlTemplate":"https:\/\/www.granfoda.it\/de\/?s={search_term_string}"},"query-input":{"@type":"PropertyValueSpecification","valueRequired":true,"valueName":"search_term_string"}}],"inLanguage":"de"},{"@type":"Organization","@id":"https:\/\/www.granfoda.it\/de\/#organization","name":"Alpine Hotel Gran Fod\u00e0","url":"https:\/\/www.granfoda.it\/de\/","logo":{"@type":"ImageObject","inLanguage":"de","@id":"https:\/\/www.granfoda.it\/de\/#\/schema\/logo\/image\/","url":"https:\/\/www.granfoda.it\/wp-content\/uploads\/2024\/02\/alpine-hotel-gran-foda-logo-square.jpg","contentUrl":"https:\/\/www.granfoda.it\/wp-content\/uploads\/2024\/02\/alpine-hotel-gran-foda-logo-square.jpg","width":550,"height":550,"caption":"Alpine Hotel Gran Fod\u00e0"},"image":{"@id":"https:\/\/www.granfoda.it\/de\/#\/schema\/logo\/image\/"},"sameAs":["https:\/\/www.facebook.com\/HotelGranFoda","https:\/\/www.instagram.com\/alpinehotelgranfoda\/","https:\/\/www.youtube.com\/@GranFodaIta"]}]}},"_links":{"self":[{"href":"https:\/\/www.granfoda.it\/de\/wp-json\/wp\/v2\/pages\/4263","targetHints":{"allow":["GET"]}}],"collection":[{"href":"https:\/\/www.granfoda.it\/de\/wp-json\/wp\/v2\/pages"}],"about":[{"href":"https:\/\/www.granfoda.it\/de\/wp-json\/wp\/v2\/types\/page"}],"author":[{"embeddable":true,"href":"https:\/\/www.granfoda.it\/de\/wp-json\/wp\/v2\/users\/1"}],"replies":[{"embeddable":true,"href":"https:\/\/www.granfoda.it\/de\/wp-json\/wp\/v2\/comments?post=4263"}],"version-history":[{"count":9,"href":"https:\/\/www.granfoda.it\/de\/wp-json\/wp\/v2\/pages\/4263\/revisions"}],"predecessor-version":[{"id":9690,"href":"https:\/\/www.granfoda.it\/de\/wp-json\/wp\/v2\/pages\/4263\/revisions\/9690"}],"up":[{"embeddable":true,"href":"https:\/\/www.granfoda.it\/de\/wp-json\/wp\/v2\/pages\/563"}],"wp:featuredmedia":[{"embeddable":true,"href":"https:\/\/www.granfoda.it\/de\/wp-json\/wp\/v2\/media\/3773"}],"wp:attachment":[{"href":"https:\/\/www.granfoda.it\/de\/wp-json\/wp\/v2\/media?parent=4263"}],"curies":[{"name":"wp","href":"https:\/\/api.w.org\/{rel}","templated":true}]}}