{"id":4245,"date":"2025-04-08T16:55:44","date_gmt":"2025-04-08T14:55:44","guid":{"rendered":"https:\/\/web.granfoda.it\/jahreszeiten\/"},"modified":"2026-03-05T15:00:06","modified_gmt":"2026-03-05T14:00:06","slug":"jahreszeiten","status":"publish","type":"page","link":"https:\/\/www.granfoda.it\/de\/jahreszeiten\/","title":{"rendered":"Jahreszeiten"},"content":{"rendered":"<div class=\"wpb-content-wrapper\"><p>[vc_row full_width=&#8221;stretch_row&#8221; css=&#8221;.vc_custom_1744365296560{margin-bottom: 1em !important;padding-top: 3em !important;padding-bottom: 3em !important;background-image: url(https:\/\/www.granfoda.it\/wp-content\/uploads\/2025\/04\/avventura-cultura-gran-foda-albergo-plan-de-corones-2.jpg?id=3771) !important;background-position: center !important;background-repeat: no-repeat !important;background-size: cover !important;}&#8221;][vc_column width=&#8221;1\/4&#8243;][\/vc_column][vc_column width=&#8221;1\/2&#8243; css=&#8221;.vc_custom_1714401352626{margin-top: 4em !important;margin-bottom: 4em !important;padding-top: 3em !important;padding-right: 2em !important;padding-bottom: 3em !important;padding-left: 2em !important;background-color: #ffffff !important;}&#8221; el_class=&#8221;no-margin&#8221;]<h2 class=\"deco-title centro with-eylet mb-4\"><span class=\"deco-eylet\">Eine Welt zum Entdecken<\/span> Die Jahreszeiten der Dolomiten<\/h2>[vc_column_text css=&#8221;&#8221;]<\/p>\n<p style=\"text-align: center;\">Jeder Moment des Jahres in den Dolomiten ist ein <strong>Wunder<\/strong>, eine neue Entdeckung, ein Erlebnis, das sich mit dem Wechsel der Jahreszeiten verwandelt. In <strong>San Vigilio di Marebbe<\/strong> erleben wir den Zauber einer Natur, die sich st\u00e4ndig wandelt und neu erfindet. Sie bietet uns atemberaubende Panoramen und eine Vielzahl von Aktivit\u00e4ten, die darauf warten, entdeckt zu werden. Ob Sommerwanderungen durch bl\u00fchende Wiesen oder Winterspazierg\u00e4nge im Schnee \u2013 jede Saison schenkt uns eine Sch\u00f6nheit, die einzigartig und unvergesslich ist.<\/p>\n<p>[\/vc_column_text]<div class=\"button-wrapper centro\"><a class=\"btn btn-default inverted\"  href=\"https:\/\/www.simplebooking.it\/ibe\/search?hid=9416&lang=DE\" target=\"_blank\" title=\"Ein Zimmer buchen\">Nimm Platz<\/a><\/div>[\/vc_column][vc_column width=&#8221;1\/4&#8243;][\/vc_column][\/vc_row]<\/p>\n<\/div>","protected":false},"excerpt":{"rendered":"<p>[vc_row full_width=&#8221;stretch_row&#8221; css=&#8221;.vc_custom_1744365296560{margin-bottom: 1em !important;padding-top: 3em !important;padding-bottom: 3em !important;background-image: url(https:\/\/www.granfoda.it\/wp-content\/uploads\/2025\/04\/avventura-cultura-gran-foda-albergo-plan-de-corones-2.jpg?id=3771) !important;background-position: center !important;background-repeat: no-repeat !important;background-size: cover !important;}&#8221;][vc_column width=&#8221;1\/4&#8243;][\/vc_column][vc_column width=&#8221;1\/2&#8243; css=&#8221;.vc_custom_1714401352626{margin-top: 4em !important;margin-bottom: 4em !important;padding-top: 3em !important;padding-right: 2em !important;padding-bottom: 3em !important;padding-left: 2em !important;background-color: #ffffff !important;}&#8221; el_class=&#8221;no-margin&#8221;][vc_column_text css=&#8221;&#8221;] Jeder Moment des Jahres in den Dolomiten ist ein Wunder, eine neue Entdeckung, ein Erlebnis, das sich mit dem [&hellip;]<\/p>\n","protected":false},"author":1,"featured_media":3773,"parent":0,"menu_order":0,"comment_status":"closed","ping_status":"closed","template":"","meta":{"_acf_changed":false,"rs_blank_template":"","rs_page_bg_color":"","slide_template_v7":"","footnotes":""},"class_list":["post-4245","page","type-page","status-publish","has-post-thumbnail","hentry"],"acf":[],"yoast_head":"<!-- This site is optimized with the Yoast SEO plugin v27.5 - https:\/\/yoast.com\/product\/yoast-seo-wordpress\/ -->\n<title>Bio Hotel S\u00fcdtirol f\u00fcr jede Jahreszeit | Bio Alpine Hotel Gran Fod\u00e0<\/title>\n<meta name=\"description\" content=\"Zu jeder Jahreszeit ein nachhaltiger Urlaub in S\u00fcdtirol, mitten in den Dolomiten | Bio Alpine Hotel Gran Fod\u00e0\" \/>\n<meta name=\"robots\" content=\"index, follow, max-snippet:-1, max-image-preview:large, max-video-preview:-1\" \/>\n<link rel=\"canonical\" href=\"https:\/\/www.granfoda.it\/de\/jahreszeiten\/\" \/>\n<meta property=\"og:locale\" content=\"de_DE\" \/>\n<meta property=\"og:type\" content=\"article\" \/>\n<meta property=\"og:title\" content=\"Bio Hotel S\u00fcdtirol f\u00fcr jede Jahreszeit | Bio Alpine Hotel Gran Fod\u00e0\" \/>\n<meta property=\"og:description\" content=\"Zu jeder Jahreszeit ein nachhaltiger Urlaub in S\u00fcdtirol, mitten in den Dolomiten | Bio Alpine Hotel Gran Fod\u00e0\" \/>\n<meta property=\"og:url\" content=\"https:\/\/www.granfoda.it\/de\/jahreszeiten\/\" \/>\n<meta property=\"og:site_name\" content=\"Bio Alpine Hotel Gran Fod\u00e0\" \/>\n<meta property=\"article:publisher\" content=\"https:\/\/www.facebook.com\/HotelGranFoda\" \/>\n<meta property=\"article:modified_time\" content=\"2026-03-05T14:00:06+00:00\" \/>\n<meta property=\"og:image\" content=\"https:\/\/www.granfoda.it\/wp-content\/uploads\/2025\/04\/avventura-cultura-gran-foda-albergo-plan-de-corones-2.jpg\" \/>\n\t<meta property=\"og:image:width\" content=\"1920\" \/>\n\t<meta property=\"og:image:height\" content=\"1280\" \/>\n\t<meta property=\"og:image:type\" content=\"image\/jpeg\" \/>\n<meta name=\"twitter:card\" content=\"summary_large_image\" \/>\n<meta name=\"twitter:label1\" content=\"Gesch\u00e4tzte Lesezeit\" \/>\n\t<meta name=\"twitter:data1\" content=\"1\u00a0Minute\" \/>\n<!-- \/ Yoast SEO plugin. -->","yoast_head_json":{"title":"Bio Hotel S\u00fcdtirol f\u00fcr jede Jahreszeit | Bio Alpine Hotel Gran Fod\u00e0","description":"Zu jeder Jahreszeit ein nachhaltiger Urlaub in S\u00fcdtirol, mitten in den Dolomiten | Bio Alpine Hotel Gran Fod\u00e0","robots":{"index":"index","follow":"follow","max-snippet":"max-snippet:-1","max-image-preview":"max-image-preview:large","max-video-preview":"max-video-preview:-1"},"canonical":"https:\/\/www.granfoda.it\/de\/jahreszeiten\/","og_locale":"de_DE","og_type":"article","og_title":"Bio Hotel S\u00fcdtirol f\u00fcr jede Jahreszeit | Bio Alpine Hotel Gran Fod\u00e0","og_description":"Zu jeder Jahreszeit ein nachhaltiger Urlaub in S\u00fcdtirol, mitten in den Dolomiten | Bio Alpine Hotel Gran Fod\u00e0","og_url":"https:\/\/www.granfoda.it\/de\/jahreszeiten\/","og_site_name":"Bio Alpine Hotel Gran Fod\u00e0","article_publisher":"https:\/\/www.facebook.com\/HotelGranFoda","article_modified_time":"2026-03-05T14:00:06+00:00","og_image":[{"width":1920,"height":1280,"url":"https:\/\/www.granfoda.it\/wp-content\/uploads\/2025\/04\/avventura-cultura-gran-foda-albergo-plan-de-corones-2.jpg","type":"image\/jpeg"}],"twitter_card":"summary_large_image","twitter_misc":{"Gesch\u00e4tzte Lesezeit":"1\u00a0Minute"},"schema":{"@context":"https:\/\/schema.org","@graph":[{"@type":"WebPage","@id":"https:\/\/www.granfoda.it\/de\/jahreszeiten\/","url":"https:\/\/www.granfoda.it\/de\/jahreszeiten\/","name":"Bio Hotel S\u00fcdtirol f\u00fcr jede Jahreszeit | Bio Alpine Hotel Gran Fod\u00e0","isPartOf":{"@id":"https:\/\/www.granfoda.it\/de\/#website"},"primaryImageOfPage":{"@id":"https:\/\/www.granfoda.it\/de\/jahreszeiten\/#primaryimage"},"image":{"@id":"https:\/\/www.granfoda.it\/de\/jahreszeiten\/#primaryimage"},"thumbnailUrl":"https:\/\/www.granfoda.it\/wp-content\/uploads\/2025\/04\/avventura-cultura-gran-foda-albergo-plan-de-corones-2.jpg","datePublished":"2025-04-08T14:55:44+00:00","dateModified":"2026-03-05T14:00:06+00:00","description":"Zu jeder Jahreszeit ein nachhaltiger Urlaub in S\u00fcdtirol, mitten in den Dolomiten | Bio Alpine Hotel Gran Fod\u00e0","breadcrumb":{"@id":"https:\/\/www.granfoda.it\/de\/jahreszeiten\/#breadcrumb"},"inLanguage":"de","potentialAction":[{"@type":"ReadAction","target":["https:\/\/www.granfoda.it\/de\/jahreszeiten\/"]}]},{"@type":"ImageObject","inLanguage":"de","@id":"https:\/\/www.granfoda.it\/de\/jahreszeiten\/#primaryimage","url":"https:\/\/www.granfoda.it\/wp-content\/uploads\/2025\/04\/avventura-cultura-gran-foda-albergo-plan-de-corones-2.jpg","contentUrl":"https:\/\/www.granfoda.it\/wp-content\/uploads\/2025\/04\/avventura-cultura-gran-foda-albergo-plan-de-corones-2.jpg","width":1920,"height":1280},{"@type":"BreadcrumbList","@id":"https:\/\/www.granfoda.it\/de\/jahreszeiten\/#breadcrumb","itemListElement":[{"@type":"ListItem","position":1,"name":"Home","item":"https:\/\/www.granfoda.it\/de\/"},{"@type":"ListItem","position":2,"name":"Jahreszeiten"}]},{"@type":"WebSite","@id":"https:\/\/www.granfoda.it\/de\/#website","url":"https:\/\/www.granfoda.it\/de\/","name":"Alpine Hotel Gran Fod\u00e0","description":"La nostra casa ski in ski out a Plan de Corones","publisher":{"@id":"https:\/\/www.granfoda.it\/de\/#organization"},"alternateName":"Alpine Hotel Gran Fod\u00e0","potentialAction":[{"@type":"SearchAction","target":{"@type":"EntryPoint","urlTemplate":"https:\/\/www.granfoda.it\/de\/?s={search_term_string}"},"query-input":{"@type":"PropertyValueSpecification","valueRequired":true,"valueName":"search_term_string"}}],"inLanguage":"de"},{"@type":"Organization","@id":"https:\/\/www.granfoda.it\/de\/#organization","name":"Alpine Hotel Gran Fod\u00e0","url":"https:\/\/www.granfoda.it\/de\/","logo":{"@type":"ImageObject","inLanguage":"de","@id":"https:\/\/www.granfoda.it\/de\/#\/schema\/logo\/image\/","url":"https:\/\/www.granfoda.it\/wp-content\/uploads\/2024\/02\/alpine-hotel-gran-foda-logo-square.jpg","contentUrl":"https:\/\/www.granfoda.it\/wp-content\/uploads\/2024\/02\/alpine-hotel-gran-foda-logo-square.jpg","width":550,"height":550,"caption":"Alpine Hotel Gran Fod\u00e0"},"image":{"@id":"https:\/\/www.granfoda.it\/de\/#\/schema\/logo\/image\/"},"sameAs":["https:\/\/www.facebook.com\/HotelGranFoda","https:\/\/www.instagram.com\/alpinehotelgranfoda\/","https:\/\/www.youtube.com\/@GranFodaIta"]}]}},"_links":{"self":[{"href":"https:\/\/www.granfoda.it\/de\/wp-json\/wp\/v2\/pages\/4245","targetHints":{"allow":["GET"]}}],"collection":[{"href":"https:\/\/www.granfoda.it\/de\/wp-json\/wp\/v2\/pages"}],"about":[{"href":"https:\/\/www.granfoda.it\/de\/wp-json\/wp\/v2\/types\/page"}],"author":[{"embeddable":true,"href":"https:\/\/www.granfoda.it\/de\/wp-json\/wp\/v2\/users\/1"}],"replies":[{"embeddable":true,"href":"https:\/\/www.granfoda.it\/de\/wp-json\/wp\/v2\/comments?post=4245"}],"version-history":[{"count":7,"href":"https:\/\/www.granfoda.it\/de\/wp-json\/wp\/v2\/pages\/4245\/revisions"}],"predecessor-version":[{"id":4608,"href":"https:\/\/www.granfoda.it\/de\/wp-json\/wp\/v2\/pages\/4245\/revisions\/4608"}],"wp:featuredmedia":[{"embeddable":true,"href":"https:\/\/www.granfoda.it\/de\/wp-json\/wp\/v2\/media\/3773"}],"wp:attachment":[{"href":"https:\/\/www.granfoda.it\/de\/wp-json\/wp\/v2\/media?parent=4245"}],"curies":[{"name":"wp","href":"https:\/\/api.w.org\/{rel}","templated":true}]}}