{"id":4233,"date":"2025-04-08T16:55:15","date_gmt":"2025-04-08T14:55:15","guid":{"rendered":"https:\/\/web.granfoda.it\/wohlbefinden\/sauna\/"},"modified":"2026-03-05T15:11:46","modified_gmt":"2026-03-05T14:11:46","slug":"sauna","status":"publish","type":"page","link":"https:\/\/www.granfoda.it\/de\/spa-wellness\/sauna\/","title":{"rendered":"Sauna"},"content":{"rendered":"<div class=\"wpb-content-wrapper\"><p>[vc_row full_width=&#8221;stretch_row&#8221; content_placement=&#8221;middle&#8221; css=&#8221;.vc_custom_1744294260922{padding-top: 3em !important;padding-bottom: 3em !important;background-image: url(https:\/\/www.granfoda.it\/wp-content\/uploads\/2025\/04\/spa-gran-foda-albergo-plan-de-corones-4.jpg?id=3705) !important;background-position: center !important;background-repeat: no-repeat !important;background-size: cover !important;}&#8221;][vc_column css_animation=&#8221;left-to-right&#8221; width=&#8221;1\/4&#8243; offset=&#8221;vc_col-md-offset-0 vc_col-xs-offset-1 vc_col-xs-10&#8243; el_class=&#8221;order-lg-first order-last&#8221;][\/vc_column][vc_column width=&#8221;1\/2&#8243; css=&#8221;.vc_custom_1744207307447{padding-top: 3em !important;padding-right: 2em !important;padding-bottom: 3em !important;padding-left: 2em !important;background-color: #ffffff !important;}&#8221;]<h2 class=\"deco-title centro with-eylet\"><span class=\"deco-eylet\">Spa &amp; Wellness<\/span> Sauna<\/h2>[vc_column_text css=&#8221;&#8221;]<\/p>\n<p style=\"text-align: center;\">Im Gran Fod\u00e0 k\u00f6nnen Sie zwischen <strong>zwei einzigartigen Sauna-Erlebnissen<\/strong> w\u00e4hlen, beide darauf ausgelegt, Ihr Wohlbefinden zu steigern.<br \/>\nDie<strong> finnische Sauna<\/strong> \u2013 ideal zur Anregung der Durchblutung und zur F\u00f6rderung der Hautreinigung durch intensives Schwitzen. Oder die <strong>Bio-Sauna<\/strong>, mit einer angenehmen Luftfeuchtigkeit von 40\u201350 %, perfekt, um den K\u00f6rper sanft zu entgiften und Wassereinlagerungen zu reduzieren.<br \/>\nW\u00e4hlen Sie die Entspannung, die Ihnen am besten tut, und genie\u00dfen Sie die wohltuende <strong>W\u00e4rme<\/strong>, die K\u00f6rper und Geist regeneriert.<\/p>\n<p>[\/vc_column_text]<div class=\"button-wrapper centro\"><a class=\"btn btn-default inverted\"  href=\"https:\/\/www.simplebooking.it\/ibe\/search?hid=9416&lang=DE\" target=\"_blank\" title=\"Ein Zimmer buchen\">Nimm Platz<\/a><\/div>[\/vc_column][vc_column width=&#8221;1\/4&#8243;][\/vc_column][\/vc_row][vc_row full_width=&#8221;stretch_row_content_no_spaces&#8221; gap=&#8221;10&#8243; css=&#8221;.vc_custom_1744292166204{padding-top: 2em !important;padding-bottom: 1em !important;}&#8221;][vc_column width=&#8221;1\/2&#8243;]<div id=\"block-69e2ed6fe0832\" aria-labelledby=\"block-69e2ed6fe0832-label\" class=\"block-wrapper aspect-image centro \" style=\"background-image:url('https:\/\/www.granfoda.it\/wp-content\/uploads\/2024\/07\/water2-1024x611.jpg'); aspect-ratio: 16 \/ 9\">\t\t<div class=\"block-wrapper-content\">\t\t<div class=\"block-wrapper-text\" style=\"vertical-align:middle;\">\t\t\t\t\t\t<h2 id=\"block-69e2ed6fe0832-label\" class=\"deco-title mb-4 text-white\"><span class=\"deco-eylet\">Die Stille des Wohlbefindens<\/span>Spa &amp; Wellness<\/h2>\t\t\t\t\t\t<a class=\"btn btn-default btn-lg\" href=\"\/de\/spa-wellness\/\">Finde mehr heraus<\/a>\t\t<\/div>\t<\/div><\/div>[\/vc_column][vc_column width=&#8221;1\/2&#8243;]<div id=\"block-69e2ed6fe0b3f\" aria-labelledby=\"block-69e2ed6fe0b3f-label\" class=\"block-wrapper aspect-image centro \" style=\"background-image:url('https:\/\/www.granfoda.it\/wp-content\/uploads\/2025\/04\/avventura-cultura-gran-foda-albergo-plan-de-corones-2-1024x683.jpg'); aspect-ratio: 16 \/ 9\">\t\t<div class=\"block-wrapper-content\">\t\t<div class=\"block-wrapper-text\" style=\"vertical-align:middle;\">\t\t\t\t\t\t<h2 id=\"block-69e2ed6fe0b3f-label\" class=\"deco-title mb-4 text-white\"><span class=\"deco-eylet\">Eine Welt zum Entdecken<\/span>Jahreszeiten<\/h2>\t\t\t\t\t\t<a class=\"btn btn-default btn-lg\" href=\"https:\/\/www.granfoda.it\/de\/jahreszeiten\/\">Finde mehr heraus<\/a>\t\t<\/div>\t<\/div><\/div>[\/vc_column][\/vc_row]<\/p>\n<\/div>","protected":false},"excerpt":{"rendered":"<p>[vc_row full_width=&#8221;stretch_row&#8221; content_placement=&#8221;middle&#8221; css=&#8221;.vc_custom_1744294260922{padding-top: 3em !important;padding-bottom: 3em !important;background-image: url(https:\/\/www.granfoda.it\/wp-content\/uploads\/2025\/04\/spa-gran-foda-albergo-plan-de-corones-4.jpg?id=3705) !important;background-position: center !important;background-repeat: no-repeat !important;background-size: cover !important;}&#8221;][vc_column css_animation=&#8221;left-to-right&#8221; width=&#8221;1\/4&#8243; offset=&#8221;vc_col-md-offset-0 vc_col-xs-offset-1 vc_col-xs-10&#8243; el_class=&#8221;order-lg-first order-last&#8221;][\/vc_column][vc_column width=&#8221;1\/2&#8243; css=&#8221;.vc_custom_1744207307447{padding-top: 3em !important;padding-right: 2em !important;padding-bottom: 3em !important;padding-left: 2em !important;background-color: #ffffff !important;}&#8221;][vc_column_text css=&#8221;&#8221;] Im Gran Fod\u00e0 k\u00f6nnen Sie zwischen zwei einzigartigen Sauna-Erlebnissen w\u00e4hlen, beide darauf ausgelegt, Ihr Wohlbefinden zu steigern. Die finnische [&hellip;]<\/p>\n","protected":false},"author":1,"featured_media":3707,"parent":1528,"menu_order":0,"comment_status":"closed","ping_status":"closed","template":"","meta":{"_acf_changed":false,"footnotes":""},"class_list":["post-4233","page","type-page","status-publish","has-post-thumbnail","hentry"],"acf":[],"yoast_head":"<!-- This site is optimized with the Yoast SEO plugin v27.4 - https:\/\/yoast.com\/product\/yoast-seo-wordpress\/ -->\n<title>Bio Sauna und Wellness in den Dolomiten | Bio Alpine Hotel Gran Fod\u00e0<\/title>\n<meta name=\"description\" content=\"Finnische Bio Sauna und Wellness im Naturhotel | bio Alpine Hotel Gran Fod\u00e0\" \/>\n<meta name=\"robots\" content=\"index, follow, max-snippet:-1, max-image-preview:large, max-video-preview:-1\" \/>\n<link rel=\"canonical\" href=\"https:\/\/www.granfoda.it\/de\/spa-wellness\/sauna\/\" \/>\n<meta property=\"og:locale\" content=\"de_DE\" \/>\n<meta property=\"og:type\" content=\"article\" \/>\n<meta property=\"og:title\" content=\"Bio Sauna und Wellness in den Dolomiten | Bio Alpine Hotel Gran Fod\u00e0\" \/>\n<meta property=\"og:description\" content=\"Finnische Bio Sauna und Wellness im Naturhotel | bio Alpine Hotel Gran Fod\u00e0\" \/>\n<meta property=\"og:url\" content=\"https:\/\/www.granfoda.it\/de\/spa-wellness\/sauna\/\" \/>\n<meta property=\"og:site_name\" content=\"Bio Alpine Hotel Gran Fod\u00e0\" \/>\n<meta property=\"article:publisher\" content=\"https:\/\/www.facebook.com\/HotelGranFoda\" \/>\n<meta property=\"article:modified_time\" content=\"2026-03-05T14:11:46+00:00\" \/>\n<meta property=\"og:image\" content=\"https:\/\/www.granfoda.it\/wp-content\/uploads\/2025\/04\/spa-gran-foda-albergo-plan-de-corones-4.jpg\" \/>\n\t<meta property=\"og:image:width\" content=\"1993\" \/>\n\t<meta property=\"og:image:height\" content=\"1329\" \/>\n\t<meta property=\"og:image:type\" content=\"image\/jpeg\" \/>\n<meta name=\"twitter:card\" content=\"summary_large_image\" \/>\n<meta name=\"twitter:label1\" content=\"Gesch\u00e4tzte Lesezeit\" \/>\n\t<meta name=\"twitter:data1\" content=\"2\u00a0Minuten\" \/>\n<!-- \/ Yoast SEO plugin. -->","yoast_head_json":{"title":"Bio Sauna und Wellness in den Dolomiten | Bio Alpine Hotel Gran Fod\u00e0","description":"Finnische Bio Sauna und Wellness im Naturhotel | bio Alpine Hotel Gran Fod\u00e0","robots":{"index":"index","follow":"follow","max-snippet":"max-snippet:-1","max-image-preview":"max-image-preview:large","max-video-preview":"max-video-preview:-1"},"canonical":"https:\/\/www.granfoda.it\/de\/spa-wellness\/sauna\/","og_locale":"de_DE","og_type":"article","og_title":"Bio Sauna und Wellness in den Dolomiten | Bio Alpine Hotel Gran Fod\u00e0","og_description":"Finnische Bio Sauna und Wellness im Naturhotel | bio Alpine Hotel Gran Fod\u00e0","og_url":"https:\/\/www.granfoda.it\/de\/spa-wellness\/sauna\/","og_site_name":"Bio Alpine Hotel Gran Fod\u00e0","article_publisher":"https:\/\/www.facebook.com\/HotelGranFoda","article_modified_time":"2026-03-05T14:11:46+00:00","og_image":[{"width":1993,"height":1329,"url":"https:\/\/www.granfoda.it\/wp-content\/uploads\/2025\/04\/spa-gran-foda-albergo-plan-de-corones-4.jpg","type":"image\/jpeg"}],"twitter_card":"summary_large_image","twitter_misc":{"Gesch\u00e4tzte Lesezeit":"2\u00a0Minuten"},"schema":{"@context":"https:\/\/schema.org","@graph":[{"@type":"WebPage","@id":"https:\/\/www.granfoda.it\/de\/spa-wellness\/sauna\/","url":"https:\/\/www.granfoda.it\/de\/spa-wellness\/sauna\/","name":"Bio Sauna und Wellness in den Dolomiten | Bio Alpine Hotel Gran Fod\u00e0","isPartOf":{"@id":"https:\/\/www.granfoda.it\/de\/#website"},"primaryImageOfPage":{"@id":"https:\/\/www.granfoda.it\/de\/spa-wellness\/sauna\/#primaryimage"},"image":{"@id":"https:\/\/www.granfoda.it\/de\/spa-wellness\/sauna\/#primaryimage"},"thumbnailUrl":"https:\/\/www.granfoda.it\/wp-content\/uploads\/2025\/04\/spa-gran-foda-albergo-plan-de-corones-4.jpg","datePublished":"2025-04-08T14:55:15+00:00","dateModified":"2026-03-05T14:11:46+00:00","description":"Finnische Bio Sauna und Wellness im Naturhotel | bio Alpine Hotel Gran Fod\u00e0","breadcrumb":{"@id":"https:\/\/www.granfoda.it\/de\/spa-wellness\/sauna\/#breadcrumb"},"inLanguage":"de","potentialAction":[{"@type":"ReadAction","target":["https:\/\/www.granfoda.it\/de\/spa-wellness\/sauna\/"]}]},{"@type":"ImageObject","inLanguage":"de","@id":"https:\/\/www.granfoda.it\/de\/spa-wellness\/sauna\/#primaryimage","url":"https:\/\/www.granfoda.it\/wp-content\/uploads\/2025\/04\/spa-gran-foda-albergo-plan-de-corones-4.jpg","contentUrl":"https:\/\/www.granfoda.it\/wp-content\/uploads\/2025\/04\/spa-gran-foda-albergo-plan-de-corones-4.jpg","width":1993,"height":1329},{"@type":"BreadcrumbList","@id":"https:\/\/www.granfoda.it\/de\/spa-wellness\/sauna\/#breadcrumb","itemListElement":[{"@type":"ListItem","position":1,"name":"Home","item":"https:\/\/www.granfoda.it\/de\/home-page\/"},{"@type":"ListItem","position":2,"name":"Spa &amp; Wellness","item":"https:\/\/www.granfoda.it\/de\/spa-wellness\/"},{"@type":"ListItem","position":3,"name":"Sauna"}]},{"@type":"WebSite","@id":"https:\/\/www.granfoda.it\/de\/#website","url":"https:\/\/www.granfoda.it\/de\/","name":"Alpine Hotel Gran Fod\u00e0","description":"La nostra casa ski in ski out a Plan de Corones","publisher":{"@id":"https:\/\/www.granfoda.it\/de\/#organization"},"alternateName":"Alpine Hotel Gran Fod\u00e0","potentialAction":[{"@type":"SearchAction","target":{"@type":"EntryPoint","urlTemplate":"https:\/\/www.granfoda.it\/de\/?s={search_term_string}"},"query-input":{"@type":"PropertyValueSpecification","valueRequired":true,"valueName":"search_term_string"}}],"inLanguage":"de"},{"@type":"Organization","@id":"https:\/\/www.granfoda.it\/de\/#organization","name":"Alpine Hotel Gran Fod\u00e0","url":"https:\/\/www.granfoda.it\/de\/","logo":{"@type":"ImageObject","inLanguage":"de","@id":"https:\/\/www.granfoda.it\/de\/#\/schema\/logo\/image\/","url":"https:\/\/www.granfoda.it\/wp-content\/uploads\/2024\/02\/alpine-hotel-gran-foda-logo-square.jpg","contentUrl":"https:\/\/www.granfoda.it\/wp-content\/uploads\/2024\/02\/alpine-hotel-gran-foda-logo-square.jpg","width":550,"height":550,"caption":"Alpine Hotel Gran Fod\u00e0"},"image":{"@id":"https:\/\/www.granfoda.it\/de\/#\/schema\/logo\/image\/"},"sameAs":["https:\/\/www.facebook.com\/HotelGranFoda","https:\/\/www.instagram.com\/alpinehotelgranfoda\/","https:\/\/www.youtube.com\/@GranFodaIta"]}]}},"_links":{"self":[{"href":"https:\/\/www.granfoda.it\/de\/wp-json\/wp\/v2\/pages\/4233","targetHints":{"allow":["GET"]}}],"collection":[{"href":"https:\/\/www.granfoda.it\/de\/wp-json\/wp\/v2\/pages"}],"about":[{"href":"https:\/\/www.granfoda.it\/de\/wp-json\/wp\/v2\/types\/page"}],"author":[{"embeddable":true,"href":"https:\/\/www.granfoda.it\/de\/wp-json\/wp\/v2\/users\/1"}],"replies":[{"embeddable":true,"href":"https:\/\/www.granfoda.it\/de\/wp-json\/wp\/v2\/comments?post=4233"}],"version-history":[{"count":9,"href":"https:\/\/www.granfoda.it\/de\/wp-json\/wp\/v2\/pages\/4233\/revisions"}],"predecessor-version":[{"id":4607,"href":"https:\/\/www.granfoda.it\/de\/wp-json\/wp\/v2\/pages\/4233\/revisions\/4607"}],"up":[{"embeddable":true,"href":"https:\/\/www.granfoda.it\/de\/wp-json\/wp\/v2\/pages\/1528"}],"wp:featuredmedia":[{"embeddable":true,"href":"https:\/\/www.granfoda.it\/de\/wp-json\/wp\/v2\/media\/3707"}],"wp:attachment":[{"href":"https:\/\/www.granfoda.it\/de\/wp-json\/wp\/v2\/media?parent=4233"}],"curies":[{"name":"wp","href":"https:\/\/api.w.org\/{rel}","templated":true}]}}