{"id":4209,"date":"2025-04-10T12:16:46","date_gmt":"2025-04-10T10:16:46","guid":{"rendered":"https:\/\/web.granfoda.it\/delikatessen-spezialitaeten-kronplatz-st-vigil-suedtirol-dolomiten\/das-restaurant\/"},"modified":"2026-03-05T14:45:33","modified_gmt":"2026-03-05T13:45:33","slug":"das-restaurant","status":"publish","type":"page","link":"https:\/\/www.granfoda.it\/de\/essen-und-wein\/das-restaurant\/","title":{"rendered":"Das Restaurant"},"content":{"rendered":"<div class=\"wpb-content-wrapper\"><p>[vc_row full_width=&#8221;stretch_row&#8221; css=&#8221;.vc_custom_1744293112361{padding-top: 3em !important;padding-bottom: 3em !important;background-image: url(https:\/\/www.granfoda.it\/wp-content\/uploads\/2025\/03\/piatti_GF_02.jpg?id=3429) !important;background-position: center !important;background-repeat: no-repeat !important;background-size: cover !important;}&#8221;][vc_column width=&#8221;1\/4&#8243;][\/vc_column][vc_column width=&#8221;1\/2&#8243; css=&#8221;.vc_custom_1714401352626{margin-top: 4em !important;margin-bottom: 4em !important;padding-top: 3em !important;padding-right: 2em !important;padding-bottom: 3em !important;padding-left: 2em !important;background-color: #ffffff !important;}&#8221; el_class=&#8221;no-margin&#8221;]<h2 class=\"deco-title centro with-eylet mb-4\"><span class=\"deco-eylet\">Eine Reise in die authentischen Aromen der Dolomiten<\/span> Das Restaurant<\/h2>[vc_column_text css=&#8221;&#8221;]<\/p>\n<p style=\"text-align: center;\">Kulinarik im Gran Fod\u00e1: <strong>Tradition<\/strong> <strong>trifft<\/strong> auf <strong>Kreativit\u00e4t<\/strong>. Im Gran Fod\u00e1 wird jede Mahlzeit zu einem Fest der Aromen. Unser Restaurant mit endlosem <strong>Panoramablick<\/strong> l\u00e4dt Sie ein, die wahre Essenz der ladinischen und tiroler K\u00fcche zu entdecken. Jedes Gericht vereint traditionelle Rezepte mit einer <strong>Prise Kreativit\u00e4t<\/strong> \u2013 f\u00fcr ein Geschmackserlebnis, das \u00fcberrascht und begeistert.<\/p>\n<p>[\/vc_column_text]<div class=\"button-wrapper centro\"><a class=\"btn btn-default inverted\"  href=\"https:\/\/www.simplebooking.it\/ibe\/search?hid=9416&lang=DE\" target=\"_blank\" title=\"Ein Zimmer buchen\">Nimm Platz<\/a><\/div>[\/vc_column][vc_column width=&#8221;1\/4&#8243;][\/vc_column][\/vc_row][vc_row full_width=&#8221;stretch_row&#8221; css=&#8221;.vc_custom_1744365031145{padding-top: 2em !important;padding-bottom: 2em !important;background-color: #E66F35 !important;}&#8221; el_class=&#8221;text-white&#8221;][vc_column][vc_column_text css=&#8221;&#8221;]<\/p>\n<h3 style=\"text-align: center;\">\u00d6ffnungszeiten Restaurant<\/h3>\n<p style=\"text-align: center;\">Wir erwarten euch jeden Tag:<br \/>\n<strong>von<\/strong> <strong>12:00 bis 14:00 <\/strong>und <strong>von 19:00 bis 20:30<\/strong> Uhr.<br \/>\nReservierungen unter <em>+39 0474 832007<\/em><br \/>\noder per E-Mail an <em>info@granfoda.it<\/em><\/p>\n<p>[\/vc_column_text]<div class=\"button-wrapper centro\"><a class=\"btn btn-default white\"  href=\"https:\/\/drive.google.com\/file\/d\/1jKjfkto09g9E3zeqKq9VXjedCJSmzLme\/view?usp=sharing\" target=\"_blank\" title=\"Unser Men\u00fc\">Unser Men\u00fc<\/a><\/div>[\/vc_column][\/vc_row][vc_row css=&#8221;.vc_custom_1744365163815{padding-top: 1em !important;padding-bottom: 2em !important;}&#8221;][vc_column]<div id=\"features-carousel-6a05ab53a385a-wrapper\" class=\"feature-carousel-wrapper \">\n\t\t\t\t\t\t\t<div class=\"features-carousel\" style=\"--features-carousel-color:#262626;\">\n\t\t\t\t\t\t\t\t<div class=\"row g-0\">\n\t\t\t\t\t\t\t\t\t<div class=\"col-xl-8 col-lg-6 features-carousel-cycler\">\n\t\t\t\t\t\t\t\t\t\t<img decoding=\"async\" class=\"active\" src=\"https:\/\/www.granfoda.it\/wp-content\/uploads\/2025\/03\/piatti_GF_06.jpg\" alt=\"\" \/>\n<img decoding=\"async\" class=\"\" src=\"https:\/\/www.granfoda.it\/wp-content\/uploads\/2025\/03\/piatti_GF_01.jpg\" alt=\"\" \/>\n\t\t\t\t\t\t\t\t\t<\/div>\n\t\t\t\t\t\t\t\t\t<div class=\"col-xl-4 col-lg-6 features-carousel-color\">\n\t\t\t\t\t\t\t\t\t\t<div id=\"features-carousel-6a05ab53a385a\" class=\"features-slider carousel slide\" data-bs-ride=\"carousel\" data-bs-interval=\"10000\">\n\t\t\t\t\t\t\t\t\t\t\t<div class=\"carousel-inner feature-carousel-inner\">\n\t\t\t\t\t\t\t\t\t\t\t\t<div data-index=\"0\" class=\"features-item carousel-item item active p-lg-5 p-3\">\n\t\t\t\t\t\t\t<div class=\"features-item-table\">\n\t\t\t\t\t\t\t\t<span class=\"features-item-table-item\">\n\t\t\t\t\t\t\t\t\t<h2 class=\"deco-title mb-2\"><span class=\"deco-eylet\">Das Restaurant<\/span><span>Das Tal auf dem Tisch<\/span><\/h2>\n\t\t\t\t\t\t\t\t\t<div class=\"features-item-text\">Unsere K\u00fcche setzt auf Qualit\u00e4t, Regionalit\u00e4t und authentische Gastfreundschaft. Lassen Sie sich von der gem\u00fctlichen Atmosph\u00e4re unserer Stube mit warmem Holzambiente umarmen oder genie\u00dfen Sie Ihr Essen auf unserer Sonnenterrasse mit Blick auf die Dolomiten.<\/div>\n\t\t\t\t\t\t\t\t\t\n\t\t\t\t\t\t\t\t\t\n\t\t\t\t\t\t\t\t<\/span>\n\t\t\t\t\t\t\t<\/div>\n\t\t\t\t\t\t<\/div>\n<div data-index=\"1\" class=\"features-item carousel-item item p-lg-5 p-3\">\n\t\t\t\t\t\t\t<div class=\"features-item-table\">\n\t\t\t\t\t\t\t\t<span class=\"features-item-table-item\">\n\t\t\t\t\t\t\t\t\t<h2 class=\"deco-title mb-2\"><span class=\"deco-eylet\">Das Restaurant<\/span><span>Leidenschaft und Tradition<\/span><\/h2>\n\t\t\t\t\t\t\t\t\t<div class=\"features-item-text\">Nehmen Sie Platz im warmen Holz oder lassen Sie sich vom Panorama auf unserer Terrasse verzaubern. Ein Erlebnis, das nach Bergen, Tradition und Heimat schmeckt. <\/div>\n\t\t\t\t\t\t\t\t\t\n\t\t\t\t\t\t\t\t\t\n\t\t\t\t\t\t\t\t<\/span>\n\t\t\t\t\t\t\t<\/div>\n\t\t\t\t\t\t<\/div>\n\t\t\t\t\t\t\t\t\t\t\t<\/div>\n\t\t\t\t\t\t\t\t\t\t\t\n\t\t\t\t\t\t\t\t\t\t\t<div class=\"carousel-indicators carousel-bullets\">\n\t\t\t\t\t\t\t\t\t\t\t\t<button type=\"button\" data-bs-target=\"#features-carousel-6a05ab53a385a\" data-bs-slide-to=\"0\" class=\"active\" aria-current=\"true\" aria-label=\"Go to slide no. 1\"><\/button>\n<button type=\"button\" data-bs-target=\"#features-carousel-6a05ab53a385a\" data-bs-slide-to=\"1\" class=\"\" aria-current=\"false\" aria-label=\"Go to slide no. 2\"><\/button>\n\t\t\t\t\t\t\t\t\t\t\t<\/div>\n\t\t\t\t\t\t\t\t\t\t\t\n\t\t\t\t\t\t\t\t\t\t<\/div>\t\t\t\t\t\t\t\t\t\n\t\t\t\t\t\t\t\t\t<\/div>\n\t\t\t\t\t\t\t\t<\/div>\n\t\t\t\t\t\t\t<\/div>\n\t\t\t\t\t\t<\/div>[\/vc_column][\/vc_row]<\/p>\n<\/div>","protected":false},"excerpt":{"rendered":"<p>[vc_row full_width=&#8221;stretch_row&#8221; css=&#8221;.vc_custom_1744293112361{padding-top: 3em !important;padding-bottom: 3em !important;background-image: url(https:\/\/www.granfoda.it\/wp-content\/uploads\/2025\/03\/piatti_GF_02.jpg?id=3429) !important;background-position: center !important;background-repeat: no-repeat !important;background-size: cover !important;}&#8221;][vc_column width=&#8221;1\/4&#8243;][\/vc_column][vc_column width=&#8221;1\/2&#8243; css=&#8221;.vc_custom_1714401352626{margin-top: 4em !important;margin-bottom: 4em !important;padding-top: 3em !important;padding-right: 2em !important;padding-bottom: 3em !important;padding-left: 2em !important;background-color: #ffffff !important;}&#8221; el_class=&#8221;no-margin&#8221;][vc_column_text css=&#8221;&#8221;] Kulinarik im Gran Fod\u00e1: Tradition trifft auf Kreativit\u00e4t. Im Gran Fod\u00e1 wird jede Mahlzeit zu einem Fest der Aromen. Unser Restaurant [&hellip;]<\/p>\n","protected":false},"author":1,"featured_media":3434,"parent":593,"menu_order":0,"comment_status":"closed","ping_status":"closed","template":"","meta":{"_acf_changed":false,"rs_blank_template":"","rs_page_bg_color":"","slide_template_v7":"","footnotes":""},"class_list":["post-4209","page","type-page","status-publish","has-post-thumbnail","hentry"],"acf":[],"yoast_head":"<!-- This site is optimized with the Yoast SEO plugin v27.6 - https:\/\/yoast.com\/product\/yoast-seo-wordpress\/ -->\n<title>Das Restaurant | Bio Alpine Hotel Gran Fod\u00e0<\/title>\n<meta name=\"description\" content=\"Unser Bio Restaurant mit Panorama Blick auf den Kronplatz und saisonaler farm to table K\u00fcche | Bio Alpine Hotel Gran Fod\u00e0\" \/>\n<meta name=\"robots\" content=\"index, follow, max-snippet:-1, max-image-preview:large, max-video-preview:-1\" \/>\n<link rel=\"canonical\" href=\"https:\/\/www.granfoda.it\/de\/essen-und-wein\/das-restaurant\/\" \/>\n<meta property=\"og:locale\" content=\"de_DE\" \/>\n<meta property=\"og:type\" content=\"article\" \/>\n<meta property=\"og:title\" content=\"Das Restaurant | Bio Alpine Hotel Gran Fod\u00e0\" \/>\n<meta property=\"og:description\" content=\"Unser Bio Restaurant mit Panorama Blick auf den Kronplatz und saisonaler farm to table K\u00fcche | Bio Alpine Hotel Gran Fod\u00e0\" \/>\n<meta property=\"og:url\" content=\"https:\/\/www.granfoda.it\/de\/essen-und-wein\/das-restaurant\/\" \/>\n<meta property=\"og:site_name\" content=\"Bio Alpine Hotel Gran Fod\u00e0\" \/>\n<meta property=\"article:publisher\" content=\"https:\/\/www.facebook.com\/HotelGranFoda\" \/>\n<meta property=\"article:modified_time\" content=\"2026-03-05T13:45:33+00:00\" \/>\n<meta property=\"og:image\" content=\"https:\/\/www.granfoda.it\/wp-content\/uploads\/2025\/03\/piatti_GF_03.jpg\" \/>\n\t<meta property=\"og:image:width\" content=\"1280\" \/>\n\t<meta property=\"og:image:height\" content=\"1920\" \/>\n\t<meta property=\"og:image:type\" content=\"image\/jpeg\" \/>\n<meta name=\"twitter:card\" content=\"summary_large_image\" \/>\n<meta name=\"twitter:label1\" content=\"Gesch\u00e4tzte Lesezeit\" \/>\n\t<meta name=\"twitter:data1\" content=\"2\u00a0Minuten\" \/>\n<!-- \/ Yoast SEO plugin. -->","yoast_head_json":{"title":"Das Restaurant | Bio Alpine Hotel Gran Fod\u00e0","description":"Unser Bio Restaurant mit Panorama Blick auf den Kronplatz und saisonaler farm to table K\u00fcche | Bio Alpine Hotel Gran Fod\u00e0","robots":{"index":"index","follow":"follow","max-snippet":"max-snippet:-1","max-image-preview":"max-image-preview:large","max-video-preview":"max-video-preview:-1"},"canonical":"https:\/\/www.granfoda.it\/de\/essen-und-wein\/das-restaurant\/","og_locale":"de_DE","og_type":"article","og_title":"Das Restaurant | Bio Alpine Hotel Gran Fod\u00e0","og_description":"Unser Bio Restaurant mit Panorama Blick auf den Kronplatz und saisonaler farm to table K\u00fcche | Bio Alpine Hotel Gran Fod\u00e0","og_url":"https:\/\/www.granfoda.it\/de\/essen-und-wein\/das-restaurant\/","og_site_name":"Bio Alpine Hotel Gran Fod\u00e0","article_publisher":"https:\/\/www.facebook.com\/HotelGranFoda","article_modified_time":"2026-03-05T13:45:33+00:00","og_image":[{"width":1280,"height":1920,"url":"https:\/\/www.granfoda.it\/wp-content\/uploads\/2025\/03\/piatti_GF_03.jpg","type":"image\/jpeg"}],"twitter_card":"summary_large_image","twitter_misc":{"Gesch\u00e4tzte Lesezeit":"2\u00a0Minuten"},"schema":{"@context":"https:\/\/schema.org","@graph":[{"@type":"WebPage","@id":"https:\/\/www.granfoda.it\/de\/essen-und-wein\/das-restaurant\/","url":"https:\/\/www.granfoda.it\/de\/essen-und-wein\/das-restaurant\/","name":"Das Restaurant | Bio Alpine Hotel Gran Fod\u00e0","isPartOf":{"@id":"https:\/\/www.granfoda.it\/de\/#website"},"primaryImageOfPage":{"@id":"https:\/\/www.granfoda.it\/de\/essen-und-wein\/das-restaurant\/#primaryimage"},"image":{"@id":"https:\/\/www.granfoda.it\/de\/essen-und-wein\/das-restaurant\/#primaryimage"},"thumbnailUrl":"https:\/\/www.granfoda.it\/wp-content\/uploads\/2025\/03\/piatti_GF_03.jpg","datePublished":"2025-04-10T10:16:46+00:00","dateModified":"2026-03-05T13:45:33+00:00","description":"Unser Bio Restaurant mit Panorama Blick auf den Kronplatz und saisonaler farm to table K\u00fcche | Bio Alpine Hotel Gran Fod\u00e0","breadcrumb":{"@id":"https:\/\/www.granfoda.it\/de\/essen-und-wein\/das-restaurant\/#breadcrumb"},"inLanguage":"de","potentialAction":[{"@type":"ReadAction","target":["https:\/\/www.granfoda.it\/de\/essen-und-wein\/das-restaurant\/"]}]},{"@type":"ImageObject","inLanguage":"de","@id":"https:\/\/www.granfoda.it\/de\/essen-und-wein\/das-restaurant\/#primaryimage","url":"https:\/\/www.granfoda.it\/wp-content\/uploads\/2025\/03\/piatti_GF_03.jpg","contentUrl":"https:\/\/www.granfoda.it\/wp-content\/uploads\/2025\/03\/piatti_GF_03.jpg","width":1280,"height":1920},{"@type":"BreadcrumbList","@id":"https:\/\/www.granfoda.it\/de\/essen-und-wein\/das-restaurant\/#breadcrumb","itemListElement":[{"@type":"ListItem","position":1,"name":"Home","item":"https:\/\/www.granfoda.it\/de\/"},{"@type":"ListItem","position":2,"name":"Nachhaltige K\u00fcche","item":"https:\/\/www.granfoda.it\/de\/essen-und-wein\/"},{"@type":"ListItem","position":3,"name":"Das Restaurant"}]},{"@type":"WebSite","@id":"https:\/\/www.granfoda.it\/de\/#website","url":"https:\/\/www.granfoda.it\/de\/","name":"Alpine Hotel Gran Fod\u00e0","description":"La nostra casa ski in ski out a Plan de Corones","publisher":{"@id":"https:\/\/www.granfoda.it\/de\/#organization"},"alternateName":"Alpine Hotel Gran Fod\u00e0","potentialAction":[{"@type":"SearchAction","target":{"@type":"EntryPoint","urlTemplate":"https:\/\/www.granfoda.it\/de\/?s={search_term_string}"},"query-input":{"@type":"PropertyValueSpecification","valueRequired":true,"valueName":"search_term_string"}}],"inLanguage":"de"},{"@type":"Organization","@id":"https:\/\/www.granfoda.it\/de\/#organization","name":"Alpine Hotel Gran Fod\u00e0","url":"https:\/\/www.granfoda.it\/de\/","logo":{"@type":"ImageObject","inLanguage":"de","@id":"https:\/\/www.granfoda.it\/de\/#\/schema\/logo\/image\/","url":"https:\/\/www.granfoda.it\/wp-content\/uploads\/2024\/02\/alpine-hotel-gran-foda-logo-square.jpg","contentUrl":"https:\/\/www.granfoda.it\/wp-content\/uploads\/2024\/02\/alpine-hotel-gran-foda-logo-square.jpg","width":550,"height":550,"caption":"Alpine Hotel Gran Fod\u00e0"},"image":{"@id":"https:\/\/www.granfoda.it\/de\/#\/schema\/logo\/image\/"},"sameAs":["https:\/\/www.facebook.com\/HotelGranFoda","https:\/\/www.instagram.com\/alpinehotelgranfoda\/","https:\/\/www.youtube.com\/@GranFodaIta"]}]}},"_links":{"self":[{"href":"https:\/\/www.granfoda.it\/de\/wp-json\/wp\/v2\/pages\/4209","targetHints":{"allow":["GET"]}}],"collection":[{"href":"https:\/\/www.granfoda.it\/de\/wp-json\/wp\/v2\/pages"}],"about":[{"href":"https:\/\/www.granfoda.it\/de\/wp-json\/wp\/v2\/types\/page"}],"author":[{"embeddable":true,"href":"https:\/\/www.granfoda.it\/de\/wp-json\/wp\/v2\/users\/1"}],"replies":[{"embeddable":true,"href":"https:\/\/www.granfoda.it\/de\/wp-json\/wp\/v2\/comments?post=4209"}],"version-history":[{"count":12,"href":"https:\/\/www.granfoda.it\/de\/wp-json\/wp\/v2\/pages\/4209\/revisions"}],"predecessor-version":[{"id":9457,"href":"https:\/\/www.granfoda.it\/de\/wp-json\/wp\/v2\/pages\/4209\/revisions\/9457"}],"up":[{"embeddable":true,"href":"https:\/\/www.granfoda.it\/de\/wp-json\/wp\/v2\/pages\/593"}],"wp:featuredmedia":[{"embeddable":true,"href":"https:\/\/www.granfoda.it\/de\/wp-json\/wp\/v2\/media\/3434"}],"wp:attachment":[{"href":"https:\/\/www.granfoda.it\/de\/wp-json\/wp\/v2\/media?parent=4209"}],"curies":[{"name":"wp","href":"https:\/\/api.w.org\/{rel}","templated":true}]}}